{"id":86,"date":"2025-11-29T21:25:24","date_gmt":"2025-11-29T21:25:24","guid":{"rendered":"https:\/\/rubystudiomarrakech.com\/coverage\/"},"modified":"2026-01-23T18:55:36","modified_gmt":"2026-01-23T18:55:36","slug":"cobertura","status":"publish","type":"page","link":"https:\/\/rubystudiomarrakech.com\/es\/cobertura\/","title":{"rendered":"Prestaciones"},"content":{"rendered":"<div data-elementor-type=\"wp-page\" data-elementor-id=\"86\" class=\"elementor elementor-86\" data-elementor-post-type=\"page\">\n\t\t\t\t<div class=\"elementor-element elementor-element-647b7110 e-con-full e-flex e-con e-parent\" data-id=\"647b7110\" data-element_type=\"container\" data-settings=\"{&quot;background_background&quot;:&quot;classic&quot;}\">\n\t\t<div class=\"elementor-element elementor-element-75218bd5 e-con-full e-flex e-con e-child\" data-id=\"75218bd5\" data-element_type=\"container\" data-settings=\"{&quot;background_background&quot;:&quot;classic&quot;}\">\n\t\t\t\t<div class=\"elementor-element elementor-element-63215883 elementor-invisible elementor-widget elementor-widget-heading\" data-id=\"63215883\" data-element_type=\"widget\" data-settings=\"{&quot;_animation&quot;:&quot;fadeIn&quot;}\" data-widget_type=\"heading.default\">\n\t\t\t\t\t<h1 class=\"elementor-heading-title elementor-size-default\">Nuestros servicios: belleza, fotograf\u00eda y experiencias<\/h1>\t\t\t\t<\/div>\n\t\t\t\t<\/div>\n\t\t<div class=\"elementor-element elementor-element-5bc3037b e-con-full e-flex e-con e-child\" data-id=\"5bc3037b\" data-element_type=\"container\">\n\t\t\t\t<div class=\"elementor-element elementor-element-425efa50 elementor-widget elementor-widget-text-editor\" data-id=\"425efa50\" data-element_type=\"widget\" data-widget_type=\"text-editor.default\">\n\t\t\t\t\t\t\t\t\t<h2><strong data-start=\"262\" data-end=\"273\">Familia<\/strong><\/h2>\t\t\t\t\t\t\t\t<\/div>\n\t\t\t\t<div class=\"elementor-element elementor-element-c7496f8 elementor-widget elementor-widget-text-editor\" data-id=\"c7496f8\" data-element_type=\"widget\" data-widget_type=\"text-editor.default\">\n\t\t\t\t\t\t\t\t\t<p>Momentos entra\u00f1ables en familia, inmortalizados con estilo y sensibilidad.<br data-start=\"661\" data-end=\"664\" \/>Perfecto para parejas, ni\u00f1os, hermanos o familias numerosas.<\/p>\t\t\t\t\t\t\t\t<\/div>\n\t\t\t\t<div class=\"elementor-element elementor-element-2e2a96f0 elementor-widget-divider--view-line elementor-invisible elementor-widget elementor-widget-divider\" data-id=\"2e2a96f0\" data-element_type=\"widget\" data-settings=\"{&quot;_animation&quot;:&quot;fadeIn&quot;,&quot;_animation_delay&quot;:&quot;200&quot;}\" data-widget_type=\"divider.default\">\n\t\t\t\t\t\t\t<div class=\"elementor-divider\">\n\t\t\t<span class=\"elementor-divider-separator\">\n\t\t\t\t\t\t<\/span>\n\t\t<\/div>\n\t\t\t\t\t\t<\/div>\n\t\t\t\t<div class=\"elementor-element elementor-element-027c6b4 elementor-widget elementor-widget-text-editor\" data-id=\"027c6b4\" data-element_type=\"widget\" data-widget_type=\"text-editor.default\">\n\t\t\t\t\t\t\t\t\t<h2><strong data-start=\"742\" data-end=\"755\">Embarazo<\/strong><\/h2>\t\t\t\t\t\t\t\t<\/div>\n\t\t\t\t<div class=\"elementor-element elementor-element-922adac elementor-widget elementor-widget-text-editor\" data-id=\"922adac\" data-element_type=\"widget\" data-widget_type=\"text-editor.default\">\n\t\t\t\t\t\t\t\t\t<p>Celebra la belleza de la maternidad con una sesi\u00f3n suave, est\u00e9tica y luminosa.<br data-start=\"840\" data-end=\"843\" \/>Guiamos cada postura para realzar tus formas y tu energ\u00eda.<\/p>\t\t\t\t\t\t\t\t<\/div>\n\t\t\t\t<div class=\"elementor-element elementor-element-4b92367 elementor-widget-divider--view-line elementor-invisible elementor-widget elementor-widget-divider\" data-id=\"4b92367\" data-element_type=\"widget\" data-settings=\"{&quot;_animation&quot;:&quot;fadeIn&quot;,&quot;_animation_delay&quot;:&quot;200&quot;}\" data-widget_type=\"divider.default\">\n\t\t\t\t\t\t\t<div class=\"elementor-divider\">\n\t\t\t<span class=\"elementor-divider-separator\">\n\t\t\t\t\t\t<\/span>\n\t\t<\/div>\n\t\t\t\t\t\t<\/div>\n\t\t\t\t<div class=\"elementor-element elementor-element-e7df36c elementor-widget elementor-widget-text-editor\" data-id=\"e7df36c\" data-element_type=\"widget\" data-widget_type=\"text-editor.default\">\n\t\t\t\t\t\t\t\t\t<h2><strong>Aniversarios<\/strong><\/h2>\t\t\t\t\t\t\t\t<\/div>\n\t\t\t\t<div class=\"elementor-element elementor-element-89cb908 elementor-widget elementor-widget-text-editor\" data-id=\"89cb908\" data-element_type=\"widget\" data-widget_type=\"text-editor.default\">\n\t\t\t\t\t\t\t\t\t<p>Sesiones dise\u00f1adas para inmortalizar un cumplea\u00f1os:<br data-start=\"994\" data-end=\"997\" \/>ni\u00f1os, adultos, fiestas personales o sesiones tem\u00e1ticas.<br data-start=\"1058\" data-end=\"1061\" \/>Ideal para crear un recuerdo \u00fanico y lleno de alegr\u00eda.<\/p>\t\t\t\t\t\t\t\t<\/div>\n\t\t\t\t<div class=\"elementor-element elementor-element-775886e elementor-widget-divider--view-line elementor-invisible elementor-widget elementor-widget-divider\" data-id=\"775886e\" data-element_type=\"widget\" data-settings=\"{&quot;_animation&quot;:&quot;fadeIn&quot;,&quot;_animation_delay&quot;:&quot;200&quot;}\" data-widget_type=\"divider.default\">\n\t\t\t\t\t\t\t<div class=\"elementor-divider\">\n\t\t\t<span class=\"elementor-divider-separator\">\n\t\t\t\t\t\t<\/span>\n\t\t<\/div>\n\t\t\t\t\t\t<\/div>\n\t\t\t\t<div class=\"elementor-element elementor-element-0efedcb elementor-widget elementor-widget-text-editor\" data-id=\"0efedcb\" data-element_type=\"widget\" data-widget_type=\"text-editor.default\">\n\t\t\t\t\t\t\t\t\t<h2><strong data-start=\"1130\" data-end=\"1148\">Mam\u00e1s y beb\u00e9s<\/strong><\/h2>\t\t\t\t\t\t\t\t<\/div>\n\t\t\t\t<div class=\"elementor-element elementor-element-4b87d21 elementor-widget elementor-widget-text-editor\" data-id=\"4b87d21\" data-element_type=\"widget\" data-widget_type=\"text-editor.default\">\n\t\t\t\t\t\t\t\t\t<p>Momentos tiernos e \u00edntimos entre mam\u00e1 y beb\u00e9.<br data-start=\"1199\" data-end=\"1202\" \/>Un ambiente agradable, c\u00e1lido y seguro para capturar sus primeros momentos juntos.<\/p>\t\t\t\t\t\t\t\t<\/div>\n\t\t\t\t<\/div>\n\t\t\t\t<\/div>\n\t\t<div class=\"elementor-element elementor-element-2ff6508 e-con-full e-flex e-con e-parent\" data-id=\"2ff6508\" data-element_type=\"container\" data-settings=\"{&quot;background_background&quot;:&quot;classic&quot;}\">\n\t\t<div class=\"elementor-element elementor-element-0fdd824 e-con-full e-flex e-con e-child\" data-id=\"0fdd824\" data-element_type=\"container\">\n\t\t\t\t<div class=\"elementor-element elementor-element-239fbe6 elementor-invisible elementor-widget elementor-widget-heading\" data-id=\"239fbe6\" data-element_type=\"widget\" data-settings=\"{&quot;_animation&quot;:&quot;fadeIn&quot;}\" data-widget_type=\"heading.default\">\n\t\t\t\t\t<h2 class=\"elementor-heading-title elementor-size-default\">Cont\u00e1ctenos<\/h2>\t\t\t\t<\/div>\n\t\t\t\t<div class=\"elementor-element elementor-element-da664d1 elementor-widget__width-initial elementor-widget-mobile__width-inherit elementor-widget elementor-widget-text-editor\" data-id=\"da664d1\" data-element_type=\"widget\" data-widget_type=\"text-editor.default\">\n\t\t\t\t\t\t\t\t\t<p data-start=\"160\" data-end=\"325\"><strong data-start=\"160\" data-end=\"325\">Es su oportunidad para invitar a sus visitantes a ponerse en contacto con usted.<br data-start=\"224\" data-end=\"227\" \/>D\u00edgales que estar\u00e1 encantada de responder a todas sus preguntas lo antes posible.<\/strong><\/p>\t\t\t\t\t\t\t\t<\/div>\n\t\t\t\t<div class=\"elementor-element elementor-element-5208eac elementor-align-left elementor-mobile-align-center elementor-widget elementor-widget-button\" data-id=\"5208eac\" data-element_type=\"widget\" data-widget_type=\"button.default\">\n\t\t\t\t\t\t\t\t\t\t<a class=\"elementor-button elementor-button-link elementor-size-sm elementor-animation-hang\" href=\"https:\/\/api.whatsapp.com\/send\/?phone=212702938354&#038;text&#038;type=phone_number&#038;app_absent=0\">\n\t\t\t\t\t\t<span class=\"elementor-button-content-wrapper\">\n\t\t\t\t\t\t\t\t\t<span class=\"elementor-button-text\">Contactar con Ruby Studio \u27f6<\/span>\n\t\t\t\t\t<\/span>\n\t\t\t\t\t<\/a>\n\t\t\t\t\t\t\t\t<\/div>\n\t\t\t\t<\/div>\n\t\t<div class=\"elementor-element elementor-element-55f9303 e-con-full e-flex e-con e-child\" data-id=\"55f9303\" data-element_type=\"container\" data-settings=\"{&quot;background_background&quot;:&quot;classic&quot;}\">\n\t\t\t\t<\/div>\n\t\t\t\t<\/div>\n\t\t\t\t<\/div>","protected":false},"excerpt":{"rendered":"<p>Nos Services \u2014 Beaut\u00e9, Photographie &amp; Exp\u00e9riences Famille Moments chaleureux en famille, immortalis\u00e9s avec style et sensibilit\u00e9.Parfait pour couples, enfants, fratries ou familles nombreuses. Grossesse C\u00e9l\u00e9brez la beaut\u00e9 de la maternit\u00e9 avec une s\u00e9ance douce, esth\u00e9tique et lumineuse.Nous guidons chaque pose pour sublimer vos formes et votre \u00e9nergie. Anniversaires S\u00e9ances con\u00e7ues pour immortaliser un anniversaire [&hellip;]<\/p>","protected":false},"author":2,"featured_media":89,"parent":0,"menu_order":0,"comment_status":"closed","ping_status":"open","template":"","meta":{"_joinchat":[],"footnotes":""},"class_list":["post-86","page","type-page","status-publish","has-post-thumbnail","hentry"],"_links":{"self":[{"href":"https:\/\/rubystudiomarrakech.com\/es\/wp-json\/wp\/v2\/pages\/86","targetHints":{"allow":["GET"]}}],"collection":[{"href":"https:\/\/rubystudiomarrakech.com\/es\/wp-json\/wp\/v2\/pages"}],"about":[{"href":"https:\/\/rubystudiomarrakech.com\/es\/wp-json\/wp\/v2\/types\/page"}],"author":[{"embeddable":true,"href":"https:\/\/rubystudiomarrakech.com\/es\/wp-json\/wp\/v2\/users\/2"}],"replies":[{"embeddable":true,"href":"https:\/\/rubystudiomarrakech.com\/es\/wp-json\/wp\/v2\/comments?post=86"}],"version-history":[{"count":20,"href":"https:\/\/rubystudiomarrakech.com\/es\/wp-json\/wp\/v2\/pages\/86\/revisions"}],"predecessor-version":[{"id":413,"href":"https:\/\/rubystudiomarrakech.com\/es\/wp-json\/wp\/v2\/pages\/86\/revisions\/413"}],"wp:featuredmedia":[{"embeddable":true,"href":"https:\/\/rubystudiomarrakech.com\/es\/wp-json\/wp\/v2\/media\/89"}],"wp:attachment":[{"href":"https:\/\/rubystudiomarrakech.com\/es\/wp-json\/wp\/v2\/media?parent=86"}],"curies":[{"name":"wp","href":"https:\/\/api.w.org\/{rel}","templated":true}]}}