{"id":177,"date":"2025-11-29T21:59:15","date_gmt":"2025-11-29T21:59:15","guid":{"rendered":"https:\/\/rubystudiomarrakech.com\/?page_id=177"},"modified":"2026-02-27T15:32:10","modified_gmt":"2026-02-27T15:32:10","slug":"familia","status":"publish","type":"page","link":"https:\/\/rubystudiomarrakech.com\/es\/cobertura\/familia\/","title":{"rendered":"Familia"},"content":{"rendered":"<h1>Familia<\/h1>\n<h2 data-start=\"185\" data-end=\"243\"><strong data-start=\"185\" data-end=\"241\">Capturar la complicidad y el amor que os une.<\/strong><\/h2>\n<p data-start=\"177\" data-end=\"360\">Momentos entra\u00f1ables en familia, inmortalizados con estilo y sensibilidad.<br data-start=\"661\" data-end=\"664\" \/>Perfecto para parejas, ni\u00f1os, hermanos o familias numerosas.<\/p>\n<figure class='gallery-item'>\n\t\t\t\t<a data-elementor-open-lightbox=\"yes\" data-elementor-lightbox-slideshow=\"d3843f5\" data-elementor-lightbox-title=\"Captura de pantalla 2025-11-29 a las 22.33.24\" data-e-action-hash=\"#elementor-action%3Aaction%3Dlightbox%26settings%3DeyJpZCI6MTI5LCJ1cmwiOiJodHRwOlwvXC9ydWJ5c3R1ZGlvbWFycmFrZWNoLmNvbVwvd3AtY29udGVudFwvdXBsb2Fkc1wvMjAyNVwvMTFcL0NhcHR1cmEtZGUtcGFudGFsbGEtMjAyNS0xMS0yOS1hLWxhcy0yMi4zMy4yNC5wbmciLCJzbGlkZXNob3ciOiJkMzg0M2Y1In0%3D\" href='http:\/\/rubystudiomarrakech.com\/wp-content\/uploads\/2025\/11\/Captura-de-pantalla-2025-11-29-a-las-22.33.24.png'><img fetchpriority=\"high\" width=\"2302\" height=\"1700\" src=\"http:\/\/rubystudiomarrakech.com\/wp-content\/uploads\/2025\/11\/Captura-de-pantalla-2025-11-29-a-las-22.33.24.png\" alt=\"\" decoding=\"async\" srcset=\"https:\/\/rubystudiomarrakech.com\/wp-content\/uploads\/2025\/11\/Captura-de-pantalla-2025-11-29-a-las-22.33.24.png 2302w, https:\/\/rubystudiomarrakech.com\/wp-content\/uploads\/2025\/11\/Captura-de-pantalla-2025-11-29-a-las-22.33.24-300x222.png 300w, https:\/\/rubystudiomarrakech.com\/wp-content\/uploads\/2025\/11\/Captura-de-pantalla-2025-11-29-a-las-22.33.24-1024x756.png 1024w, https:\/\/rubystudiomarrakech.com\/wp-content\/uploads\/2025\/11\/Captura-de-pantalla-2025-11-29-a-las-22.33.24-768x567.png 768w, https:\/\/rubystudiomarrakech.com\/wp-content\/uploads\/2025\/11\/Captura-de-pantalla-2025-11-29-a-las-22.33.24-1536x1134.png 1536w, https:\/\/rubystudiomarrakech.com\/wp-content\/uploads\/2025\/11\/Captura-de-pantalla-2025-11-29-a-las-22.33.24-2048x1512.png 2048w\" sizes=\"(max-width: 2302px) 100vw, 2302px\" \/><\/a><br \/>\n\t\t\t<\/figure>\n<figure class='gallery-item'>\n\t\t\t\t<a data-elementor-open-lightbox=\"yes\" data-elementor-lightbox-slideshow=\"d3843f5\" data-elementor-lightbox-title=\"Captura de pantalla 2025-11-29 a las 23.14.00\" data-e-action-hash=\"#elementor-action%3Aaction%3Dlightbox%26settings%3DeyJpZCI6MjIyLCJ1cmwiOiJodHRwOlwvXC9ydWJ5c3R1ZGlvbWFycmFrZWNoLmNvbVwvd3AtY29udGVudFwvdXBsb2Fkc1wvMjAyNVwvMTFcL0NhcHR1cmEtZGUtcGFudGFsbGEtMjAyNS0xMS0yOS1hLWxhcy0yMy4xNC4wMC5wbmciLCJzbGlkZXNob3ciOiJkMzg0M2Y1In0%3D\" href='http:\/\/rubystudiomarrakech.com\/wp-content\/uploads\/2025\/11\/Captura-de-pantalla-2025-11-29-a-las-23.14.00.png'><img width=\"1290\" height=\"1744\" src=\"http:\/\/rubystudiomarrakech.com\/wp-content\/uploads\/2025\/11\/Captura-de-pantalla-2025-11-29-a-las-23.14.00.png\" alt=\"\" decoding=\"async\" srcset=\"https:\/\/rubystudiomarrakech.com\/wp-content\/uploads\/2025\/11\/Captura-de-pantalla-2025-11-29-a-las-23.14.00.png 1290w, https:\/\/rubystudiomarrakech.com\/wp-content\/uploads\/2025\/11\/Captura-de-pantalla-2025-11-29-a-las-23.14.00-222x300.png 222w, https:\/\/rubystudiomarrakech.com\/wp-content\/uploads\/2025\/11\/Captura-de-pantalla-2025-11-29-a-las-23.14.00-757x1024.png 757w, https:\/\/rubystudiomarrakech.com\/wp-content\/uploads\/2025\/11\/Captura-de-pantalla-2025-11-29-a-las-23.14.00-768x1038.png 768w, https:\/\/rubystudiomarrakech.com\/wp-content\/uploads\/2025\/11\/Captura-de-pantalla-2025-11-29-a-las-23.14.00-1136x1536.png 1136w\" sizes=\"(max-width: 1290px) 100vw, 1290px\" \/><\/a><br \/>\n\t\t\t<\/figure>\n<figure class='gallery-item'>\n\t\t\t\t<a data-elementor-open-lightbox=\"yes\" data-elementor-lightbox-slideshow=\"d3843f5\" data-elementor-lightbox-title=\"Captura de pantalla 2025-11-29 a las 23.14.08\" data-e-action-hash=\"#elementor-action%3Aaction%3Dlightbox%26settings%3DeyJpZCI6MjIzLCJ1cmwiOiJodHRwOlwvXC9ydWJ5c3R1ZGlvbWFycmFrZWNoLmNvbVwvd3AtY29udGVudFwvdXBsb2Fkc1wvMjAyNVwvMTFcL0NhcHR1cmEtZGUtcGFudGFsbGEtMjAyNS0xMS0yOS1hLWxhcy0yMy4xNC4wOC5wbmciLCJzbGlkZXNob3ciOiJkMzg0M2Y1In0%3D\" href='http:\/\/rubystudiomarrakech.com\/wp-content\/uploads\/2025\/11\/Captura-de-pantalla-2025-11-29-a-las-23.14.08.png'><img width=\"2210\" height=\"1786\" src=\"http:\/\/rubystudiomarrakech.com\/wp-content\/uploads\/2025\/11\/Captura-de-pantalla-2025-11-29-a-las-23.14.08.png\" alt=\"\" decoding=\"async\" srcset=\"https:\/\/rubystudiomarrakech.com\/wp-content\/uploads\/2025\/11\/Captura-de-pantalla-2025-11-29-a-las-23.14.08.png 2210w, https:\/\/rubystudiomarrakech.com\/wp-content\/uploads\/2025\/11\/Captura-de-pantalla-2025-11-29-a-las-23.14.08-300x242.png 300w, https:\/\/rubystudiomarrakech.com\/wp-content\/uploads\/2025\/11\/Captura-de-pantalla-2025-11-29-a-las-23.14.08-1024x828.png 1024w, https:\/\/rubystudiomarrakech.com\/wp-content\/uploads\/2025\/11\/Captura-de-pantalla-2025-11-29-a-las-23.14.08-768x621.png 768w, https:\/\/rubystudiomarrakech.com\/wp-content\/uploads\/2025\/11\/Captura-de-pantalla-2025-11-29-a-las-23.14.08-1536x1241.png 1536w, https:\/\/rubystudiomarrakech.com\/wp-content\/uploads\/2025\/11\/Captura-de-pantalla-2025-11-29-a-las-23.14.08-2048x1655.png 2048w\" sizes=\"(max-width: 2210px) 100vw, 2210px\" \/><\/a><br \/>\n\t\t\t<\/figure>\n<h2>Cont\u00e1ctenos<\/h2>\n<p data-start=\"160\" data-end=\"325\"><strong data-start=\"160\" data-end=\"325\">Es su oportunidad para invitar a sus visitantes a ponerse en contacto con usted.<br data-start=\"224\" data-end=\"227\" \/>D\u00edgales que estar\u00e1 encantada de responder a todas sus preguntas lo antes posible.<\/strong><\/p>\n<p>\t\t\t\t\t\t\t\t<a href=\"https:\/\/api.whatsapp.com\/send\/?phone=212702938354&#038;text&#038;type=phone_number&#038;app_absent=0\"><br \/>\n\t\t\t\t\t\t\t\t\tContactar con Ruby Studio \u27f6<br \/>\n\t\t\t\t\t<\/a><\/p>","protected":false},"excerpt":{"rendered":"<p>Famille Capturer la complicit\u00e9 et l\u2019amour qui vous unissent. Moments chaleureux en famille, immortalis\u00e9s avec style et sensibilit\u00e9.Parfait pour couples, enfants, fratries ou familles nombreuses. Contactez-nous C\u2019est votre occasion d\u2019inviter vos visiteurs \u00e0 vous contacter.Dites-leur que vous serez ravie de r\u00e9pondre \u00e0 toutes leurs questions dans les plus brefs d\u00e9lais. Contact Ruby Studio \u27f6<\/p>","protected":false},"author":2,"featured_media":0,"parent":86,"menu_order":0,"comment_status":"closed","ping_status":"closed","template":"","meta":{"_joinchat":[],"footnotes":""},"class_list":["post-177","page","type-page","status-publish","hentry"],"_links":{"self":[{"href":"https:\/\/rubystudiomarrakech.com\/es\/wp-json\/wp\/v2\/pages\/177","targetHints":{"allow":["GET"]}}],"collection":[{"href":"https:\/\/rubystudiomarrakech.com\/es\/wp-json\/wp\/v2\/pages"}],"about":[{"href":"https:\/\/rubystudiomarrakech.com\/es\/wp-json\/wp\/v2\/types\/page"}],"author":[{"embeddable":true,"href":"https:\/\/rubystudiomarrakech.com\/es\/wp-json\/wp\/v2\/users\/2"}],"replies":[{"embeddable":true,"href":"https:\/\/rubystudiomarrakech.com\/es\/wp-json\/wp\/v2\/comments?post=177"}],"version-history":[{"count":11,"href":"https:\/\/rubystudiomarrakech.com\/es\/wp-json\/wp\/v2\/pages\/177\/revisions"}],"predecessor-version":[{"id":740,"href":"https:\/\/rubystudiomarrakech.com\/es\/wp-json\/wp\/v2\/pages\/177\/revisions\/740"}],"up":[{"embeddable":true,"href":"https:\/\/rubystudiomarrakech.com\/es\/wp-json\/wp\/v2\/pages\/86"}],"wp:attachment":[{"href":"https:\/\/rubystudiomarrakech.com\/es\/wp-json\/wp\/v2\/media?parent=177"}],"curies":[{"name":"wp","href":"https:\/\/api.w.org\/{rel}","templated":true}]}}