{"id":415,"date":"2026-01-23T19:04:35","date_gmt":"2026-01-23T19:04:35","guid":{"rendered":"https:\/\/rubystudiomarrakech.com\/?page_id=415"},"modified":"2026-02-27T13:50:46","modified_gmt":"2026-02-27T13:50:46","slug":"blog","status":"publish","type":"page","link":"https:\/\/rubystudiomarrakech.com\/en\/blog\/","title":{"rendered":"Blog"},"content":{"rendered":"<div data-elementor-type=\"wp-page\" data-elementor-id=\"415\" class=\"elementor elementor-415\" data-elementor-post-type=\"page\">\n\t\t\t\t<div class=\"elementor-element elementor-element-6cdea3c0 e-flex e-con-boxed e-con e-parent\" data-id=\"6cdea3c0\" data-element_type=\"container\" data-settings=\"{&quot;background_background&quot;:&quot;classic&quot;}\">\n\t\t\t\t\t<div class=\"e-con-inner\">\n\t\t<div class=\"elementor-element elementor-element-7f27d65b e-flex e-con-boxed e-con e-child\" data-id=\"7f27d65b\" data-element_type=\"container\">\n\t\t\t\t\t<div class=\"e-con-inner\">\n\t\t\t\t<div class=\"elementor-element elementor-element-d3c470d elementor-widget elementor-widget-heading\" data-id=\"d3c470d\" data-element_type=\"widget\" data-widget_type=\"heading.default\">\n\t\t\t\t\t<h1 class=\"elementor-heading-title elementor-size-default\">Blog<\/h1>\t\t\t\t<\/div>\n\t\t\t\t<div class=\"elementor-element elementor-element-69b6be7b elementor-widget__width-inherit elementor-widget elementor-widget-text-editor\" data-id=\"69b6be7b\" data-element_type=\"widget\" data-widget_type=\"text-editor.default\">\n\t\t\t\t\t\t\t\t\t<p>Advice, inspiration and behind-the-scenes photoshoots.<\/p>\t\t\t\t\t\t\t\t<\/div>\n\t\t\t\t\t<\/div>\n\t\t\t\t<\/div>\n\t\t\t\t\t<\/div>\n\t\t\t\t<\/div>\n\t\t<div class=\"elementor-element elementor-element-31e2ee5d e-flex e-con-boxed e-con e-parent\" data-id=\"31e2ee5d\" data-element_type=\"container\">\n\t\t\t\t\t<div class=\"e-con-inner\">\n\t\t\t\t<div class=\"elementor-element elementor-element-57233616 elementor-posts__hover-none elementor-grid-3 elementor-grid-tablet-2 elementor-grid-mobile-1 elementor-posts--thumbnail-top elementor-widget elementor-widget-posts\" data-id=\"57233616\" data-element_type=\"widget\" data-settings=\"{&quot;cards_row_gap&quot;:{&quot;unit&quot;:&quot;px&quot;,&quot;size&quot;:80,&quot;sizes&quot;:[]},&quot;cards_row_gap_tablet&quot;:{&quot;unit&quot;:&quot;px&quot;,&quot;size&quot;:71,&quot;sizes&quot;:[]},&quot;cards_row_gap_mobile&quot;:{&quot;unit&quot;:&quot;px&quot;,&quot;size&quot;:30,&quot;sizes&quot;:[]},&quot;cards_columns&quot;:&quot;3&quot;,&quot;cards_columns_tablet&quot;:&quot;2&quot;,&quot;cards_columns_mobile&quot;:&quot;1&quot;}\" data-widget_type=\"posts.cards\">\n\t\t\t\t<div class=\"elementor-widget-container\">\n\t\t\t\t\t\t\t<div class=\"elementor-posts-container elementor-posts elementor-posts--skin-cards elementor-grid\" role=\"list\">\r\n\t\t\t\t<article class=\"elementor-post elementor-grid-item post-475 post type-post status-publish format-standard has-post-thumbnail hentry category-grossesse-maternite\" role=\"listitem\">\r\n\t\t\t<div class=\"elementor-post__card\">\r\n\t\t\t\t<a class=\"elementor-post__thumbnail__link\" href=\"https:\/\/rubystudiomarrakech.com\/en\/quand-faire-une-seance-photo-grossesse-le-meilleur-moment-semaine-par-semaine-guide-2026\/\" tabindex=\"-1\" ><div class=\"elementor-post__thumbnail\"><img fetchpriority=\"high\" decoding=\"async\" width=\"853\" height=\"1280\" src=\"https:\/\/rubystudiomarrakech.com\/wp-content\/uploads\/2026\/02\/Imagen-de-WhatsApp-2025-10-26-a-las-16.49.48_89568669.jpg\" class=\"attachment-full size-full wp-image-476\" alt=\"\" srcset=\"https:\/\/rubystudiomarrakech.com\/wp-content\/uploads\/2026\/02\/Imagen-de-WhatsApp-2025-10-26-a-las-16.49.48_89568669.jpg 853w, https:\/\/rubystudiomarrakech.com\/wp-content\/uploads\/2026\/02\/Imagen-de-WhatsApp-2025-10-26-a-las-16.49.48_89568669-200x300.jpg 200w, https:\/\/rubystudiomarrakech.com\/wp-content\/uploads\/2026\/02\/Imagen-de-WhatsApp-2025-10-26-a-las-16.49.48_89568669-682x1024.jpg 682w, https:\/\/rubystudiomarrakech.com\/wp-content\/uploads\/2026\/02\/Imagen-de-WhatsApp-2025-10-26-a-las-16.49.48_89568669-768x1152.jpg 768w, https:\/\/rubystudiomarrakech.com\/wp-content\/uploads\/2026\/02\/Imagen-de-WhatsApp-2025-10-26-a-las-16.49.48_89568669-8x12.jpg 8w\" sizes=\"(max-width: 853px) 100vw, 853px\" \/><\/div><\/a>\r\n\t\t\t\t<div class=\"elementor-post__text\">\r\n\t\t\t\t<h4 class=\"elementor-post__title\">\r\n\t\t\t<a href=\"https:\/\/rubystudiomarrakech.com\/en\/quand-faire-une-seance-photo-grossesse-le-meilleur-moment-semaine-par-semaine-guide-2026\/\" >\r\n\t\t\t\tWhen to have a pregnancy photo session? The best time, week by week (guide 2026)\t\t\t<\/a>\r\n\t\t<\/h4>\r\n\t\t\t\t<div class=\"elementor-post__excerpt\">\r\n\t\t\t<p>It's a question that comes up all the time: \u201cAt what point in your pregnancy should you have a photo session?<\/p>\n\t\t<\/div>\r\n\t\t\r\n\t\t<a class=\"elementor-post__read-more\" href=\"https:\/\/rubystudiomarrakech.com\/en\/quand-faire-une-seance-photo-grossesse-le-meilleur-moment-semaine-par-semaine-guide-2026\/\" aria-label=\"Read more about Quand faire une s\u00e9ance photo grossesse ? Le meilleur moment semaine par semaine (guide 2026)\" tabindex=\"-1\" >\r\n\t\t\tRead More\t\t<\/a>\r\n\r\n\t\t\t\t<\/div>\r\n\t\t\t\t\t<\/div>\r\n\t\t<\/article>\r\n\t\t\t\t<\/div>\r\n\t\t\r\n\t\t\t\t\t\t<\/div>\n\t\t\t\t<\/div>\n\t\t\t\t\t<\/div>\n\t\t\t\t<\/div>\n\t\t<div class=\"elementor-element elementor-element-1045743 e-flex e-con-boxed e-con e-parent\" data-id=\"1045743\" data-element_type=\"container\">\n\t\t\t\t\t<div class=\"e-con-inner\">\n\t\t\t\t<div class=\"elementor-element elementor-element-7a1934f elementor-invisible elementor-widget elementor-widget-heading\" data-id=\"7a1934f\" data-element_type=\"widget\" data-settings=\"{&quot;_animation&quot;:&quot;fadeIn&quot;}\" data-widget_type=\"heading.default\">\n\t\t\t\t\t<h2 class=\"elementor-heading-title elementor-size-default\">Recent sessions<\/h2>\t\t\t\t<\/div>\n\t\t<div class=\"elementor-element elementor-element-d7f05ad e-con-full e-flex e-con e-child\" data-id=\"d7f05ad\" data-element_type=\"container\">\n\t\t\t\t<div class=\"elementor-element elementor-element-f5a23f3 elementor-flip-box--effect-zoom-in animated-slow elementor-invisible elementor-widget elementor-widget-flip-box\" data-id=\"f5a23f3\" data-element_type=\"widget\" data-settings=\"{&quot;_animation&quot;:&quot;fadeInRight&quot;}\" data-widget_type=\"flip-box.default\">\n\t\t\t\t\t\t\t<div class=\"elementor-flip-box\" tabindex=\"0\">\r\n\t\t\t<div class=\"elementor-flip-box__layer elementor-flip-box__front\">\r\n\t\t\t\t<div class=\"elementor-flip-box__layer__overlay\">\r\n\t\t\t\t\t<div class=\"elementor-flip-box__layer__inner\">\r\n\t\t\t\t\t\t\r\n\t\t\t\t\t\t\r\n\t\t\t\t\t\t\t\t\t\t\t<\/div>\r\n\t\t\t\t<\/div>\r\n\t\t\t<\/div>\r\n\t\t\t<div class=\"elementor-flip-box__layer elementor-flip-box__back\">\r\n\t\t\t<div class=\"elementor-flip-box__layer__overlay\">\r\n\t\t\t\t<div class=\"elementor-flip-box__layer__inner\">\r\n\t\t\t\t\t\t\t\t\t\t\t<h3 class=\"elementor-flip-box__layer__title\">\r\n\t\t\t\t\t\t\tNAME\t\t\t\t\t\t<\/h3>\r\n\t\t\t\t\t\r\n\t\t\t\t\t\t\t\t\t\t\t<div class=\"elementor-flip-box__layer__description\">\r\n\t\t\t\t\t\t\ttext\t\t\t\t\t\t<\/div>\r\n\t\t\t\t\t\r\n\t\t\t\t\t\t\t\t<\/div>\r\n\t\t<\/div>\r\n\t\t<\/div>\r\n\t\t<\/div>\r\n\t\t\t\t\t\t<\/div>\n\t\t\t\t<div class=\"elementor-element elementor-element-4f35776 elementor-flip-box--effect-zoom-in elementor-invisible elementor-widget elementor-widget-flip-box\" data-id=\"4f35776\" data-element_type=\"widget\" data-settings=\"{&quot;_animation&quot;:&quot;fadeIn&quot;}\" data-widget_type=\"flip-box.default\">\n\t\t\t\t\t\t\t<div class=\"elementor-flip-box\" tabindex=\"0\">\r\n\t\t\t<div class=\"elementor-flip-box__layer elementor-flip-box__front\">\r\n\t\t\t\t<div class=\"elementor-flip-box__layer__overlay\">\r\n\t\t\t\t\t<div class=\"elementor-flip-box__layer__inner\">\r\n\t\t\t\t\t\t\r\n\t\t\t\t\t\t\r\n\t\t\t\t\t\t\t\t\t\t\t<\/div>\r\n\t\t\t\t<\/div>\r\n\t\t\t<\/div>\r\n\t\t\t<div class=\"elementor-flip-box__layer elementor-flip-box__back\">\r\n\t\t\t<div class=\"elementor-flip-box__layer__overlay\">\r\n\t\t\t\t<div class=\"elementor-flip-box__layer__inner\">\r\n\t\t\t\t\t\t\t\t\t\t\t<h3 class=\"elementor-flip-box__layer__title\">\r\n\t\t\t\t\t\t\tNAME\t\t\t\t\t\t<\/h3>\r\n\t\t\t\t\t\r\n\t\t\t\t\t\t\t\t\t\t\t<div class=\"elementor-flip-box__layer__description\">\r\n\t\t\t\t\t\t\tTEXT\t\t\t\t\t\t<\/div>\r\n\t\t\t\t\t\r\n\t\t\t\t\t\t\t\t<\/div>\r\n\t\t<\/div>\r\n\t\t<\/div>\r\n\t\t<\/div>\r\n\t\t\t\t\t\t<\/div>\n\t\t\t\t<div class=\"elementor-element elementor-element-b276559 elementor-flip-box--effect-zoom-in animated-slow elementor-invisible elementor-widget elementor-widget-flip-box\" data-id=\"b276559\" data-element_type=\"widget\" data-settings=\"{&quot;_animation&quot;:&quot;fadeInLeft&quot;}\" data-widget_type=\"flip-box.default\">\n\t\t\t\t\t\t\t<div class=\"elementor-flip-box\" tabindex=\"0\">\r\n\t\t\t<div class=\"elementor-flip-box__layer elementor-flip-box__front\">\r\n\t\t\t\t<div class=\"elementor-flip-box__layer__overlay\">\r\n\t\t\t\t\t<div class=\"elementor-flip-box__layer__inner\">\r\n\t\t\t\t\t\t\r\n\t\t\t\t\t\t\r\n\t\t\t\t\t\t\t\t\t\t\t<\/div>\r\n\t\t\t\t<\/div>\r\n\t\t\t<\/div>\r\n\t\t\t<div class=\"elementor-flip-box__layer elementor-flip-box__back\">\r\n\t\t\t<div class=\"elementor-flip-box__layer__overlay\">\r\n\t\t\t\t<div class=\"elementor-flip-box__layer__inner\">\r\n\t\t\t\t\t\t\t\t\t\t\t<h3 class=\"elementor-flip-box__layer__title\">\r\n\t\t\t\t\t\t\tNAME\t\t\t\t\t\t<\/h3>\r\n\t\t\t\t\t\r\n\t\t\t\t\t\t\t\t\t\t\t<div class=\"elementor-flip-box__layer__description\">\r\n\t\t\t\t\t\t\tTEXT\t\t\t\t\t\t<\/div>\r\n\t\t\t\t\t\r\n\t\t\t\t\t\t\t\t<\/div>\r\n\t\t<\/div>\r\n\t\t<\/div>\r\n\t\t<\/div>\r\n\t\t\t\t\t\t<\/div>\n\t\t\t\t<\/div>\n\t\t\t\t<div class=\"elementor-element elementor-element-acab927 elementor-align-center elementor-mobile-align-center elementor-widget elementor-widget-button\" data-id=\"acab927\" data-element_type=\"widget\" data-widget_type=\"button.default\">\n\t\t\t\t\t\t\t\t\t\t<a class=\"elementor-button elementor-button-link elementor-size-sm elementor-animation-hang\" href=\"https:\/\/api.whatsapp.com\/send\/?phone=212702938354&#038;text&#038;type=phone_number&#038;app_absent=0\">\n\t\t\t\t\t\t<span class=\"elementor-button-content-wrapper\">\n\t\t\t\t\t\t\t\t\t<span class=\"elementor-button-text\">Contact Ruby Studio \u27f6<\/span>\n\t\t\t\t\t<\/span>\n\t\t\t\t\t<\/a>\n\t\t\t\t\t\t\t\t<\/div>\n\t\t\t\t\t<\/div>\n\t\t\t\t<\/div>\n\t\t<div class=\"elementor-element elementor-element-fa61913 e-con-full e-flex e-con e-parent\" data-id=\"fa61913\" data-element_type=\"container\">\n\t\t\t\t<div class=\"elementor-element elementor-element-0a411f7 elementor-widget elementor-widget-google_maps\" data-id=\"0a411f7\" data-element_type=\"widget\" data-widget_type=\"google_maps.default\">\n\t\t\t\t\t\t\t<div class=\"elementor-custom-embed\">\n\t\t\t<iframe loading=\"lazy\"\n\t\t\t\t\tsrc=\"https:\/\/maps.google.com\/maps?q=ruby%20studio%20marrakech&#038;t=m&#038;z=15&#038;output=embed&#038;iwloc=near\"\n\t\t\t\t\ttitle=\"Ruby Studio Marrakech\"\n\t\t\t\t\taria-label=\"Ruby Studio Marrakech\"\n\t\t\t><\/iframe>\n\t\t<\/div>\n\t\t\t\t\t\t<\/div>\n\t\t\t\t<\/div>\n\t\t\t\t<\/div>","protected":false},"excerpt":{"rendered":"<p>Blog Conseils, inspirations et coulisses de vos s\u00e9ances photo. S\u00e9ances r\u00e9centes NAME text NAME TEXT NAME TEXT Contact Ruby Studio \u27f6<\/p>","protected":false},"author":2,"featured_media":0,"parent":0,"menu_order":0,"comment_status":"closed","ping_status":"closed","template":"","meta":{"_joinchat":[],"footnotes":""},"class_list":["post-415","page","type-page","status-publish","hentry"],"_links":{"self":[{"href":"https:\/\/rubystudiomarrakech.com\/en\/wp-json\/wp\/v2\/pages\/415","targetHints":{"allow":["GET"]}}],"collection":[{"href":"https:\/\/rubystudiomarrakech.com\/en\/wp-json\/wp\/v2\/pages"}],"about":[{"href":"https:\/\/rubystudiomarrakech.com\/en\/wp-json\/wp\/v2\/types\/page"}],"author":[{"embeddable":true,"href":"https:\/\/rubystudiomarrakech.com\/en\/wp-json\/wp\/v2\/users\/2"}],"replies":[{"embeddable":true,"href":"https:\/\/rubystudiomarrakech.com\/en\/wp-json\/wp\/v2\/comments?post=415"}],"version-history":[{"count":7,"href":"https:\/\/rubystudiomarrakech.com\/en\/wp-json\/wp\/v2\/pages\/415\/revisions"}],"predecessor-version":[{"id":480,"href":"https:\/\/rubystudiomarrakech.com\/en\/wp-json\/wp\/v2\/pages\/415\/revisions\/480"}],"wp:attachment":[{"href":"https:\/\/rubystudiomarrakech.com\/en\/wp-json\/wp\/v2\/media?parent=415"}],"curies":[{"name":"wp","href":"https:\/\/api.w.org\/{rel}","templated":true}]}}