{"id":337,"date":"2026-01-18T12:47:56","date_gmt":"2026-01-18T12:47:56","guid":{"rendered":"https:\/\/rubystudiomarrakech.com\/?page_id=337"},"modified":"2026-01-23T18:50:58","modified_gmt":"2026-01-23T18:50:58","slug":"gender-reveal","status":"publish","type":"page","link":"https:\/\/rubystudiomarrakech.com\/en\/coverage\/gender-reveal\/","title":{"rendered":"Gender Reveal"},"content":{"rendered":"<div data-elementor-type=\"wp-page\" data-elementor-id=\"337\" class=\"elementor elementor-337\" data-elementor-post-type=\"page\">\n\t\t\t\t<div class=\"elementor-element elementor-element-02fb382 e-con-full e-flex e-con e-parent\" data-id=\"02fb382\" data-element_type=\"container\" data-settings=\"{&quot;background_background&quot;:&quot;classic&quot;}\">\n\t\t<div class=\"elementor-element elementor-element-c6400c7 e-con-full e-flex e-con e-child\" data-id=\"c6400c7\" data-element_type=\"container\" data-settings=\"{&quot;background_background&quot;:&quot;classic&quot;}\">\n\t\t\t\t<div class=\"elementor-element elementor-element-b33c482 elementor-invisible elementor-widget elementor-widget-heading\" data-id=\"b33c482\" data-element_type=\"widget\" data-settings=\"{&quot;_animation&quot;:&quot;fadeIn&quot;}\" data-widget_type=\"heading.default\">\n\t\t\t\t\t<h1 class=\"elementor-heading-title elementor-size-default\">GENDER REVEAL<\/h1>\t\t\t\t<\/div>\n\t\t\t\t<\/div>\n\t\t<div class=\"elementor-element elementor-element-9d051e1 e-con-full e-flex e-con e-child\" data-id=\"9d051e1\" data-element_type=\"container\">\n\t\t\t\t<div class=\"elementor-element elementor-element-a3f3fa2 elementor-widget elementor-widget-text-editor\" data-id=\"a3f3fa2\" data-element_type=\"widget\" data-widget_type=\"text-editor.default\">\n\t\t\t\t\t\t\t\t\t<h2 data-start=\"183\" data-end=\"240\">Reveal the secret with emotion and elegance.<\/h2>\t\t\t\t\t\t\t\t<\/div>\n\t\t\t\t<div class=\"elementor-element elementor-element-1572a3a elementor-widget elementor-widget-text-editor\" data-id=\"1572a3a\" data-element_type=\"widget\" data-widget_type=\"text-editor.default\">\n\t\t\t\t\t\t\t\t\t<p data-start=\"177\" data-end=\"360\">Sessions designed to capture that unique moment when you find out whether it's a boy or a girl. Balloons, confetti, personalised decorations and genuine emotions. Ideal for creating a magical memory to share with your loved ones.<\/p>\t\t\t\t\t\t\t\t<\/div>\n\t\t\t\t<\/div>\n\t\t\t\t<\/div>\n\t\t<div class=\"elementor-element elementor-element-30dd79e e-flex e-con-boxed e-con e-parent\" data-id=\"30dd79e\" data-element_type=\"container\">\n\t\t\t\t\t<div class=\"e-con-inner\">\n\t\t\t\t<div class=\"elementor-element elementor-element-06b0e91 gallery-spacing-custom elementor-widget elementor-widget-image-gallery\" data-id=\"06b0e91\" data-element_type=\"widget\" data-widget_type=\"image-gallery.default\">\n\t\t\t\t\t\t\t<div class=\"elementor-image-gallery\">\n\t\t\t<div id='gallery-1' class='gallery galleryid-337 gallery-columns-4 gallery-size-full'><figure class='gallery-item'>\n\t\t\t<div class='gallery-icon landscape'>\n\t\t\t\t<a data-elementor-open-lightbox=\"yes\" data-elementor-lightbox-slideshow=\"06b0e91\" data-elementor-lightbox-title=\"gender-reveal (3)\" data-e-action-hash=\"#elementor-action%3Aaction%3Dlightbox%26settings%3DeyJpZCI6MzcyLCJ1cmwiOiJodHRwczpcL1wvcnVieXN0dWRpb21hcnJha2VjaC5jb21cL3dwLWNvbnRlbnRcL3VwbG9hZHNcLzIwMjZcLzAxXC9nZW5kZXItcmV2ZWFsLTMuanBnIiwic2xpZGVzaG93IjoiMDZiMGU5MSJ9\" href='https:\/\/rubystudiomarrakech.com\/wp-content\/uploads\/2026\/01\/gender-reveal-3.jpg'><img fetchpriority=\"high\" decoding=\"async\" width=\"800\" height=\"533\" src=\"https:\/\/rubystudiomarrakech.com\/wp-content\/uploads\/2026\/01\/gender-reveal-3.jpg\" class=\"attachment-full size-full\" alt=\"\" srcset=\"https:\/\/rubystudiomarrakech.com\/wp-content\/uploads\/2026\/01\/gender-reveal-3.jpg 800w, https:\/\/rubystudiomarrakech.com\/wp-content\/uploads\/2026\/01\/gender-reveal-3-300x200.jpg 300w, https:\/\/rubystudiomarrakech.com\/wp-content\/uploads\/2026\/01\/gender-reveal-3-768x512.jpg 768w, https:\/\/rubystudiomarrakech.com\/wp-content\/uploads\/2026\/01\/gender-reveal-3-18x12.jpg 18w\" sizes=\"(max-width: 800px) 100vw, 800px\" \/><\/a>\n\t\t\t<\/div><\/figure><figure class='gallery-item'>\n\t\t\t<div class='gallery-icon landscape'>\n\t\t\t\t<a data-elementor-open-lightbox=\"yes\" data-elementor-lightbox-slideshow=\"06b0e91\" data-elementor-lightbox-title=\"gender-reveal (2)\" data-e-action-hash=\"#elementor-action%3Aaction%3Dlightbox%26settings%3DeyJpZCI6MzczLCJ1cmwiOiJodHRwczpcL1wvcnVieXN0dWRpb21hcnJha2VjaC5jb21cL3dwLWNvbnRlbnRcL3VwbG9hZHNcLzIwMjZcLzAxXC9nZW5kZXItcmV2ZWFsLTIuanBnIiwic2xpZGVzaG93IjoiMDZiMGU5MSJ9\" href='https:\/\/rubystudiomarrakech.com\/wp-content\/uploads\/2026\/01\/gender-reveal-2.jpg'><img decoding=\"async\" width=\"800\" height=\"533\" src=\"https:\/\/rubystudiomarrakech.com\/wp-content\/uploads\/2026\/01\/gender-reveal-2.jpg\" class=\"attachment-full size-full\" alt=\"\" srcset=\"https:\/\/rubystudiomarrakech.com\/wp-content\/uploads\/2026\/01\/gender-reveal-2.jpg 800w, https:\/\/rubystudiomarrakech.com\/wp-content\/uploads\/2026\/01\/gender-reveal-2-300x200.jpg 300w, https:\/\/rubystudiomarrakech.com\/wp-content\/uploads\/2026\/01\/gender-reveal-2-768x512.jpg 768w, https:\/\/rubystudiomarrakech.com\/wp-content\/uploads\/2026\/01\/gender-reveal-2-18x12.jpg 18w\" sizes=\"(max-width: 800px) 100vw, 800px\" \/><\/a>\n\t\t\t<\/div><\/figure><figure class='gallery-item'>\n\t\t\t<div class='gallery-icon landscape'>\n\t\t\t\t<a data-elementor-open-lightbox=\"yes\" data-elementor-lightbox-slideshow=\"06b0e91\" data-elementor-lightbox-title=\"gender-reveal (1)\" data-e-action-hash=\"#elementor-action%3Aaction%3Dlightbox%26settings%3DeyJpZCI6Mzc0LCJ1cmwiOiJodHRwczpcL1wvcnVieXN0dWRpb21hcnJha2VjaC5jb21cL3dwLWNvbnRlbnRcL3VwbG9hZHNcLzIwMjZcLzAxXC9nZW5kZXItcmV2ZWFsLTEuanBnIiwic2xpZGVzaG93IjoiMDZiMGU5MSJ9\" href='https:\/\/rubystudiomarrakech.com\/wp-content\/uploads\/2026\/01\/gender-reveal-1.jpg'><img decoding=\"async\" width=\"800\" height=\"533\" src=\"https:\/\/rubystudiomarrakech.com\/wp-content\/uploads\/2026\/01\/gender-reveal-1.jpg\" class=\"attachment-full size-full\" alt=\"\" srcset=\"https:\/\/rubystudiomarrakech.com\/wp-content\/uploads\/2026\/01\/gender-reveal-1.jpg 800w, https:\/\/rubystudiomarrakech.com\/wp-content\/uploads\/2026\/01\/gender-reveal-1-300x200.jpg 300w, https:\/\/rubystudiomarrakech.com\/wp-content\/uploads\/2026\/01\/gender-reveal-1-768x512.jpg 768w, https:\/\/rubystudiomarrakech.com\/wp-content\/uploads\/2026\/01\/gender-reveal-1-18x12.jpg 18w\" sizes=\"(max-width: 800px) 100vw, 800px\" \/><\/a>\n\t\t\t<\/div><\/figure><figure class='gallery-item'>\n\t\t\t<div class='gallery-icon landscape'>\n\t\t\t\t<a data-elementor-open-lightbox=\"yes\" data-elementor-lightbox-slideshow=\"06b0e91\" data-elementor-lightbox-title=\"gender-reveal\" data-e-action-hash=\"#elementor-action%3Aaction%3Dlightbox%26settings%3DeyJpZCI6Mzc1LCJ1cmwiOiJodHRwczpcL1wvcnVieXN0dWRpb21hcnJha2VjaC5jb21cL3dwLWNvbnRlbnRcL3VwbG9hZHNcLzIwMjZcLzAxXC9nZW5kZXItcmV2ZWFsLmpwZyIsInNsaWRlc2hvdyI6IjA2YjBlOTEifQ%3D%3D\" href='https:\/\/rubystudiomarrakech.com\/wp-content\/uploads\/2026\/01\/gender-reveal.jpg'><img loading=\"lazy\" decoding=\"async\" width=\"800\" height=\"533\" src=\"https:\/\/rubystudiomarrakech.com\/wp-content\/uploads\/2026\/01\/gender-reveal.jpg\" class=\"attachment-full size-full\" alt=\"\" srcset=\"https:\/\/rubystudiomarrakech.com\/wp-content\/uploads\/2026\/01\/gender-reveal.jpg 800w, https:\/\/rubystudiomarrakech.com\/wp-content\/uploads\/2026\/01\/gender-reveal-300x200.jpg 300w, https:\/\/rubystudiomarrakech.com\/wp-content\/uploads\/2026\/01\/gender-reveal-768x512.jpg 768w, https:\/\/rubystudiomarrakech.com\/wp-content\/uploads\/2026\/01\/gender-reveal-18x12.jpg 18w\" sizes=\"(max-width: 800px) 100vw, 800px\" \/><\/a>\n\t\t\t<\/div><\/figure>\n\t\t<\/div>\n\t\t<\/div>\n\t\t\t\t\t\t<\/div>\n\t\t\t\t\t<\/div>\n\t\t\t\t<\/div>\n\t\t<div class=\"elementor-element elementor-element-a893e96 e-con-full e-flex e-con e-parent\" data-id=\"a893e96\" data-element_type=\"container\" data-settings=\"{&quot;background_background&quot;:&quot;classic&quot;}\">\n\t\t<div class=\"elementor-element elementor-element-45d6ce7 e-con-full e-flex e-con e-child\" data-id=\"45d6ce7\" data-element_type=\"container\">\n\t\t\t\t<div class=\"elementor-element elementor-element-1d89acd elementor-invisible elementor-widget elementor-widget-heading\" data-id=\"1d89acd\" data-element_type=\"widget\" data-settings=\"{&quot;_animation&quot;:&quot;fadeIn&quot;}\" data-widget_type=\"heading.default\">\n\t\t\t\t\t<h2 class=\"elementor-heading-title elementor-size-default\">Contact us<\/h2>\t\t\t\t<\/div>\n\t\t\t\t<div class=\"elementor-element elementor-element-1453322 elementor-widget__width-initial elementor-widget-mobile__width-inherit elementor-widget elementor-widget-text-editor\" data-id=\"1453322\" data-element_type=\"widget\" data-widget_type=\"text-editor.default\">\n\t\t\t\t\t\t\t\t\t<p data-start=\"160\" data-end=\"325\"><strong data-start=\"160\" data-end=\"325\">This is your opportunity to invite your visitors to contact you.<br data-start=\"224\" data-end=\"227\" \/>Tell them that you will be happy to answer any questions they may have as soon as possible.<\/strong><\/p>\t\t\t\t\t\t\t\t<\/div>\n\t\t\t\t<div class=\"elementor-element elementor-element-2d272c5 elementor-align-left elementor-mobile-align-center elementor-widget elementor-widget-button\" data-id=\"2d272c5\" data-element_type=\"widget\" data-widget_type=\"button.default\">\n\t\t\t\t\t\t\t\t\t\t<a class=\"elementor-button elementor-button-link elementor-size-sm elementor-animation-hang\" href=\"https:\/\/api.whatsapp.com\/send\/?phone=212702938354&#038;text&#038;type=phone_number&#038;app_absent=0\">\n\t\t\t\t\t\t<span class=\"elementor-button-content-wrapper\">\n\t\t\t\t\t\t\t\t\t<span class=\"elementor-button-text\">Contact Ruby Studio \u27f6<\/span>\n\t\t\t\t\t<\/span>\n\t\t\t\t\t<\/a>\n\t\t\t\t\t\t\t\t<\/div>\n\t\t\t\t<\/div>\n\t\t<div class=\"elementor-element elementor-element-d33bce5 e-con-full e-flex e-con e-child\" data-id=\"d33bce5\" data-element_type=\"container\" data-settings=\"{&quot;background_background&quot;:&quot;classic&quot;}\">\n\t\t\t\t<\/div>\n\t\t\t\t<\/div>\n\t\t\t\t<\/div>","protected":false},"excerpt":{"rendered":"<p>GENDER REVEAL R\u00e9v\u00e9lez le secret avec \u00e9motion et \u00e9l\u00e9gance. S\u00e9ances con\u00e7ues pour capturer ce moment unique o\u00f9 vous d\u00e9couvrez si c&rsquo;est une fille ou un gar\u00e7on. Ballons, confettis, d\u00e9cors personnalis\u00e9s et \u00e9motions authentiques. Id\u00e9al pour cr\u00e9er un souvenir magique \u00e0 partager avec vos proches. Contactez-nous C\u2019est votre occasion d\u2019inviter vos visiteurs \u00e0 vous contacter.Dites-leur que [&hellip;]<\/p>","protected":false},"author":2,"featured_media":0,"parent":86,"menu_order":0,"comment_status":"closed","ping_status":"closed","template":"","meta":{"_joinchat":[],"footnotes":""},"class_list":["post-337","page","type-page","status-publish","hentry"],"_links":{"self":[{"href":"https:\/\/rubystudiomarrakech.com\/en\/wp-json\/wp\/v2\/pages\/337","targetHints":{"allow":["GET"]}}],"collection":[{"href":"https:\/\/rubystudiomarrakech.com\/en\/wp-json\/wp\/v2\/pages"}],"about":[{"href":"https:\/\/rubystudiomarrakech.com\/en\/wp-json\/wp\/v2\/types\/page"}],"author":[{"embeddable":true,"href":"https:\/\/rubystudiomarrakech.com\/en\/wp-json\/wp\/v2\/users\/2"}],"replies":[{"embeddable":true,"href":"https:\/\/rubystudiomarrakech.com\/en\/wp-json\/wp\/v2\/comments?post=337"}],"version-history":[{"count":10,"href":"https:\/\/rubystudiomarrakech.com\/en\/wp-json\/wp\/v2\/pages\/337\/revisions"}],"predecessor-version":[{"id":392,"href":"https:\/\/rubystudiomarrakech.com\/en\/wp-json\/wp\/v2\/pages\/337\/revisions\/392"}],"up":[{"embeddable":true,"href":"https:\/\/rubystudiomarrakech.com\/en\/wp-json\/wp\/v2\/pages\/86"}],"wp:attachment":[{"href":"https:\/\/rubystudiomarrakech.com\/en\/wp-json\/wp\/v2\/media?parent=337"}],"curies":[{"name":"wp","href":"https:\/\/api.w.org\/{rel}","templated":true}]}}