{"id":90,"date":"2025-11-29T21:25:25","date_gmt":"2025-11-29T21:25:25","guid":{"rendered":"https:\/\/rubystudiomarrakech.com\/contact\/"},"modified":"2026-01-19T16:45:27","modified_gmt":"2026-01-19T16:45:27","slug":"%d8%a7%d8%aa%d8%b5%d8%a7%d9%84","status":"publish","type":"page","link":"https:\/\/rubystudiomarrakech.com\/ar\/%d8%a7%d8%aa%d8%b5%d8%a7%d9%84\/","title":{"rendered":"\u0627\u062a\u0635\u0644 \u0628\u0646\u0627"},"content":{"rendered":"<div data-elementor-type=\"wp-page\" data-elementor-id=\"90\" class=\"elementor elementor-90\" data-elementor-post-type=\"page\">\n\t\t\t\t<div class=\"elementor-element elementor-element-67e72adc e-con-full e-flex e-con e-parent\" data-id=\"67e72adc\" data-element_type=\"container\" data-settings=\"{&quot;background_background&quot;:&quot;classic&quot;}\">\n\t\t<div class=\"elementor-element elementor-element-70e2a810 e-con-full e-flex e-con e-child\" data-id=\"70e2a810\" data-element_type=\"container\" data-settings=\"{&quot;background_background&quot;:&quot;classic&quot;}\">\n\t\t\t\t<div class=\"elementor-element elementor-element-1374b3a8 elementor-invisible elementor-widget elementor-widget-heading\" data-id=\"1374b3a8\" data-element_type=\"widget\" data-settings=\"{&quot;_animation&quot;:&quot;fadeIn&quot;}\" data-widget_type=\"heading.default\">\n\t\t\t\t\t<h1 class=\"elementor-heading-title elementor-size-default\">\u0623\u0648\u062f \u0643\u062b\u064a\u0631\u064b\u0627 \u0623\u0646 \u0623\u0633\u0645\u0639 \u0623\u062e\u0628\u0627\u0631\u0643<\/h1>\t\t\t\t<\/div>\n\t\t<div class=\"elementor-element elementor-element-6c868c90 e-con-full e-flex e-con e-child\" data-id=\"6c868c90\" data-element_type=\"container\">\n\t\t\t\t<div class=\"elementor-element elementor-element-65af77ff elementor-invisible elementor-widget elementor-widget-text-editor\" data-id=\"65af77ff\" data-element_type=\"widget\" data-settings=\"{&quot;_animation&quot;:&quot;fadeIn&quot;,&quot;_animation_delay&quot;:&quot;200&quot;}\" data-widget_type=\"text-editor.default\">\n\t\t\t\t\t\t\t\t\t<p data-start=\"286\" data-end=\"362\">\u0634\u0627\u0631\u0643 \u0637\u0644\u0628\u0643 \u2014 \u0633\u0646\u0633\u0639\u062f \u0628\u0627\u0644\u0631\u062f \u0639\u0644\u064a\u0643 \u0641\u064a \u0623\u0642\u0631\u0628 \u0648\u0642\u062a \u0645\u0645\u0643\u0646.<\/p>\t\t\t\t\t\t\t\t<\/div>\n\t\t\t\t<div class=\"elementor-element elementor-element-521d6c0b elementor-widget-divider--view-line elementor-invisible elementor-widget elementor-widget-divider\" data-id=\"521d6c0b\" data-element_type=\"widget\" data-settings=\"{&quot;_animation&quot;:&quot;fadeIn&quot;,&quot;_animation_delay&quot;:&quot;200&quot;}\" data-widget_type=\"divider.default\">\n\t\t\t\t\t\t\t<div class=\"elementor-divider\">\n\t\t\t<span class=\"elementor-divider-separator\">\n\t\t\t\t\t\t<\/span>\n\t\t<\/div>\n\t\t\t\t\t\t<\/div>\n\t\t\t\t<div class=\"elementor-element elementor-element-195d6145 elementor-align-end elementor-mobile-align-center elementor-icon-list--layout-traditional elementor-list-item-link-full_width elementor-widget elementor-widget-icon-list\" data-id=\"195d6145\" data-element_type=\"widget\" data-widget_type=\"icon-list.default\">\n\t\t\t\t\t\t\t<ul class=\"elementor-icon-list-items\">\n\t\t\t\t\t\t\t<li class=\"elementor-icon-list-item\">\n\t\t\t\t\t\t\t\t\t\t\t<a href=\"https:\/\/maps.app.goo.gl\/rnbGASrRKBWim6h58\" target=\"_blank\">\n\n\t\t\t\t\t\t\t\t\t\t\t<span class=\"elementor-icon-list-text\">\u0627\u0644\u0639\u0646\u0648\u0627\u0646: \u0637\u0631\u064a\u0642 \u0641\u0627\u0633\u060c \u0645\u0631\u0627\u0643\u0634 40000<\/span>\n\t\t\t\t\t\t\t\t\t\t\t<\/a>\n\t\t\t\t\t\t\t\t\t<\/li>\n\t\t\t\t\t\t\t\t<li class=\"elementor-icon-list-item\">\n\t\t\t\t\t\t\t\t\t\t\t<a href=\"tel:+212%20702%20938%20354\">\n\n\t\t\t\t\t\t\t\t\t\t\t<span class=\"elementor-icon-list-text\">\u0627\u0644\u0647\u0627\u062a\u0641: +212 702 938 354<\/span>\n\t\t\t\t\t\t\t\t\t\t\t<\/a>\n\t\t\t\t\t\t\t\t\t<\/li>\n\t\t\t\t\t\t<\/ul>\n\t\t\t\t\t\t<\/div>\n\t\t\t\t<\/div>\n\t\t\t\t<\/div>\n\t\t<div class=\"elementor-element elementor-element-73b436f6 e-con-full e-flex e-con e-child\" data-id=\"73b436f6\" data-element_type=\"container\" data-settings=\"{&quot;background_background&quot;:&quot;classic&quot;}\">\n\t\t\t\t<div class=\"elementor-element elementor-element-d88ff96 elementor-widget elementor-widget-google_maps\" data-id=\"d88ff96\" data-element_type=\"widget\" data-widget_type=\"google_maps.default\">\n\t\t\t\t\t\t\t<div class=\"elementor-custom-embed\">\n\t\t\t<iframe loading=\"lazy\"\n\t\t\t\t\tsrc=\"https:\/\/maps.google.com\/maps?q=ruby%20studio%20marrakech&#038;t=m&#038;z=15&#038;output=embed&#038;iwloc=near\"\n\t\t\t\t\ttitle=\"\u0631\u0648\u0628\u064a \u0633\u062a\u0648\u062f\u064a\u0648 \u0645\u0631\u0627\u0643\u0634\"\n\t\t\t\t\taria-label=\"\u0631\u0648\u0628\u064a \u0633\u062a\u0648\u062f\u064a\u0648 \u0645\u0631\u0627\u0643\u0634\"\n\t\t\t><\/iframe>\n\t\t<\/div>\n\t\t\t\t\t\t<\/div>\n\t\t\t\t<\/div>\n\t\t\t\t<\/div>\n\t\t\t\t<\/div>","protected":false},"excerpt":{"rendered":"<p>J\u2019aimerais beaucoup avoir de vos nouvelles Partagez votre demande \u2014 nous serons ravies de vous r\u00e9pondre rapidement. Adresse : Rte de F\u00e8s, Marrakech 40000 T\u00e9l\u00e9phone : +212 702 938 354<\/p>","protected":false},"author":2,"featured_media":96,"parent":0,"menu_order":0,"comment_status":"closed","ping_status":"open","template":"","meta":{"_joinchat":[],"footnotes":""},"class_list":["post-90","page","type-page","status-publish","has-post-thumbnail","hentry"],"_links":{"self":[{"href":"https:\/\/rubystudiomarrakech.com\/ar\/wp-json\/wp\/v2\/pages\/90","targetHints":{"allow":["GET"]}}],"collection":[{"href":"https:\/\/rubystudiomarrakech.com\/ar\/wp-json\/wp\/v2\/pages"}],"about":[{"href":"https:\/\/rubystudiomarrakech.com\/ar\/wp-json\/wp\/v2\/types\/page"}],"author":[{"embeddable":true,"href":"https:\/\/rubystudiomarrakech.com\/ar\/wp-json\/wp\/v2\/users\/2"}],"replies":[{"embeddable":true,"href":"https:\/\/rubystudiomarrakech.com\/ar\/wp-json\/wp\/v2\/comments?post=90"}],"version-history":[{"count":37,"href":"https:\/\/rubystudiomarrakech.com\/ar\/wp-json\/wp\/v2\/pages\/90\/revisions"}],"predecessor-version":[{"id":349,"href":"https:\/\/rubystudiomarrakech.com\/ar\/wp-json\/wp\/v2\/pages\/90\/revisions\/349"}],"wp:featuredmedia":[{"embeddable":true,"href":"https:\/\/rubystudiomarrakech.com\/ar\/wp-json\/wp\/v2\/media\/96"}],"wp:attachment":[{"href":"https:\/\/rubystudiomarrakech.com\/ar\/wp-json\/wp\/v2\/media?parent=90"}],"curies":[{"name":"wp","href":"https:\/\/api.w.org\/{rel}","templated":true}]}}