{"id":86,"date":"2025-11-29T21:25:24","date_gmt":"2025-11-29T21:25:24","guid":{"rendered":"https:\/\/rubystudiomarrakech.com\/coverage\/"},"modified":"2026-01-23T18:55:36","modified_gmt":"2026-01-23T18:55:36","slug":"%d8%aa%d8%ba%d8%b7%d9%8a%d8%a9","status":"publish","type":"page","link":"https:\/\/rubystudiomarrakech.com\/ar\/%d8%aa%d8%ba%d8%b7%d9%8a%d8%a9\/","title":{"rendered":"\u0627\u0644\u062e\u062f\u0645\u0627\u062a"},"content":{"rendered":"<div data-elementor-type=\"wp-page\" data-elementor-id=\"86\" class=\"elementor elementor-86\" data-elementor-post-type=\"page\">\n\t\t\t\t<div class=\"elementor-element elementor-element-647b7110 e-con-full e-flex e-con e-parent\" data-id=\"647b7110\" data-element_type=\"container\" data-settings=\"{&quot;background_background&quot;:&quot;classic&quot;}\">\n\t\t<div class=\"elementor-element elementor-element-75218bd5 e-con-full e-flex e-con e-child\" data-id=\"75218bd5\" data-element_type=\"container\" data-settings=\"{&quot;background_background&quot;:&quot;classic&quot;}\">\n\t\t\t\t<div class=\"elementor-element elementor-element-63215883 elementor-invisible elementor-widget elementor-widget-heading\" data-id=\"63215883\" data-element_type=\"widget\" data-settings=\"{&quot;_animation&quot;:&quot;fadeIn&quot;}\" data-widget_type=\"heading.default\">\n\t\t\t\t\t<h1 class=\"elementor-heading-title elementor-size-default\">\u062e\u062f\u0645\u0627\u062a\u0646\u0627 \u2014 \u0627\u0644\u062c\u0645\u0627\u0644 \u0648\u0627\u0644\u062a\u0635\u0648\u064a\u0631 \u0627\u0644\u0641\u0648\u062a\u0648\u063a\u0631\u0627\u0641\u064a \u0648\u0627\u0644\u062a\u062c\u0627\u0631\u0628<\/h1>\t\t\t\t<\/div>\n\t\t\t\t<\/div>\n\t\t<div class=\"elementor-element elementor-element-5bc3037b e-con-full e-flex e-con e-child\" data-id=\"5bc3037b\" data-element_type=\"container\">\n\t\t\t\t<div class=\"elementor-element elementor-element-425efa50 elementor-widget elementor-widget-text-editor\" data-id=\"425efa50\" data-element_type=\"widget\" data-widget_type=\"text-editor.default\">\n\t\t\t\t\t\t\t\t\t<h2><strong data-start=\"262\" data-end=\"273\">\u0627\u0644\u0623\u0633\u0631\u0629<\/strong><\/h2>\t\t\t\t\t\t\t\t<\/div>\n\t\t\t\t<div class=\"elementor-element elementor-element-c7496f8 elementor-widget elementor-widget-text-editor\" data-id=\"c7496f8\" data-element_type=\"widget\" data-widget_type=\"text-editor.default\">\n\t\t\t\t\t\t\t\t\t<p>\u0644\u062d\u0638\u0627\u062a \u062f\u0627\u0641\u0626\u0629 \u0645\u0639 \u0627\u0644\u0639\u0627\u0626\u0644\u0629\u060c \u062e\u064f\u0644\u062f\u062a \u0628\u0623\u0646\u0627\u0642\u0629 \u0648\u062d\u0633\u0627\u0633\u064a\u0629.<br data-start=\"661\" data-end=\"664\" \/>\u0645\u062b\u0627\u0644\u064a \u0644\u0644\u0623\u0632\u0648\u0627\u062c \u0648\u0627\u0644\u0623\u0637\u0641\u0627\u0644 \u0648\u0627\u0644\u0623\u062e\u0648\u0629 \u0623\u0648 \u0627\u0644\u0639\u0627\u0626\u0644\u0627\u062a \u0627\u0644\u0643\u0628\u064a\u0631\u0629.<\/p>\t\t\t\t\t\t\t\t<\/div>\n\t\t\t\t<div class=\"elementor-element elementor-element-2e2a96f0 elementor-widget-divider--view-line elementor-invisible elementor-widget elementor-widget-divider\" data-id=\"2e2a96f0\" data-element_type=\"widget\" data-settings=\"{&quot;_animation&quot;:&quot;fadeIn&quot;,&quot;_animation_delay&quot;:&quot;200&quot;}\" data-widget_type=\"divider.default\">\n\t\t\t\t\t\t\t<div class=\"elementor-divider\">\n\t\t\t<span class=\"elementor-divider-separator\">\n\t\t\t\t\t\t<\/span>\n\t\t<\/div>\n\t\t\t\t\t\t<\/div>\n\t\t\t\t<div class=\"elementor-element elementor-element-027c6b4 elementor-widget elementor-widget-text-editor\" data-id=\"027c6b4\" data-element_type=\"widget\" data-widget_type=\"text-editor.default\">\n\t\t\t\t\t\t\t\t\t<h2><strong data-start=\"742\" data-end=\"755\">\u0627\u0644\u062d\u0645\u0644<\/strong><\/h2>\t\t\t\t\t\t\t\t<\/div>\n\t\t\t\t<div class=\"elementor-element elementor-element-922adac elementor-widget elementor-widget-text-editor\" data-id=\"922adac\" data-element_type=\"widget\" data-widget_type=\"text-editor.default\">\n\t\t\t\t\t\t\t\t\t<p>\u0627\u062d\u062a\u0641\u0644\u064a \u0628\u062c\u0645\u0627\u0644 \u0627\u0644\u0623\u0645\u0648\u0645\u0629 \u0645\u0646 \u062e\u0644\u0627\u0644 \u062c\u0644\u0633\u0629 \u062a\u0635\u0648\u064a\u0631 \u0631\u0642\u064a\u0642\u0629 \u0648\u062c\u0645\u0627\u0644\u064a\u0629 \u0648\u0645\u0634\u0631\u0642\u0629.<br data-start=\"840\" data-end=\"843\" \/>\u0646\u062d\u0646 \u0646\u0648\u062c\u0647 \u0643\u0644 \u0648\u0636\u0639\u064a\u0629 \u0644\u062a\u0639\u0632\u064a\u0632 \u062c\u0645\u0627\u0644 \u0642\u0648\u0627\u0645\u0643 \u0648\u0637\u0627\u0642\u062a\u0643.<\/p>\t\t\t\t\t\t\t\t<\/div>\n\t\t\t\t<div class=\"elementor-element elementor-element-4b92367 elementor-widget-divider--view-line elementor-invisible elementor-widget elementor-widget-divider\" data-id=\"4b92367\" data-element_type=\"widget\" data-settings=\"{&quot;_animation&quot;:&quot;fadeIn&quot;,&quot;_animation_delay&quot;:&quot;200&quot;}\" data-widget_type=\"divider.default\">\n\t\t\t\t\t\t\t<div class=\"elementor-divider\">\n\t\t\t<span class=\"elementor-divider-separator\">\n\t\t\t\t\t\t<\/span>\n\t\t<\/div>\n\t\t\t\t\t\t<\/div>\n\t\t\t\t<div class=\"elementor-element elementor-element-e7df36c elementor-widget elementor-widget-text-editor\" data-id=\"e7df36c\" data-element_type=\"widget\" data-widget_type=\"text-editor.default\">\n\t\t\t\t\t\t\t\t\t<h2><strong>\u0623\u0639\u064a\u0627\u062f \u0627\u0644\u0645\u064a\u0644\u0627\u062f<\/strong><\/h2>\t\t\t\t\t\t\t\t<\/div>\n\t\t\t\t<div class=\"elementor-element elementor-element-89cb908 elementor-widget elementor-widget-text-editor\" data-id=\"89cb908\" data-element_type=\"widget\" data-widget_type=\"text-editor.default\">\n\t\t\t\t\t\t\t\t\t<p>\u062c\u0644\u0633\u0627\u062a \u0645\u0635\u0645\u0645\u0629 \u0644\u062a\u062e\u0644\u064a\u062f \u0630\u0643\u0631\u0649 \u0639\u064a\u062f \u0645\u064a\u0644\u0627\u062f:<br data-start=\"994\" data-end=\"997\" \/>\u0627\u0644\u0623\u0637\u0641\u0627\u0644 \u0648\u0627\u0644\u0643\u0628\u0627\u0631 \u0648\u0627\u0644\u062d\u0641\u0644\u0627\u062a \u0627\u0644\u0634\u062e\u0635\u064a\u0629 \u0623\u0648 \u0627\u0644\u062c\u0644\u0633\u0627\u062a \u0627\u0644\u0645\u0648\u0627\u0636\u064a\u0639\u064a\u0629.<br data-start=\"1058\" data-end=\"1061\" \/>\u0645\u062b\u0627\u0644\u064a \u0644\u062e\u0644\u0642 \u0630\u0643\u0631\u0649 \u0641\u0631\u064a\u062f\u0629 \u0648\u0645\u0644\u064a\u0626\u0629 \u0628\u0627\u0644\u0628\u0647\u062c\u0629.<\/p>\t\t\t\t\t\t\t\t<\/div>\n\t\t\t\t<div class=\"elementor-element elementor-element-775886e elementor-widget-divider--view-line elementor-invisible elementor-widget elementor-widget-divider\" data-id=\"775886e\" data-element_type=\"widget\" data-settings=\"{&quot;_animation&quot;:&quot;fadeIn&quot;,&quot;_animation_delay&quot;:&quot;200&quot;}\" data-widget_type=\"divider.default\">\n\t\t\t\t\t\t\t<div class=\"elementor-divider\">\n\t\t\t<span class=\"elementor-divider-separator\">\n\t\t\t\t\t\t<\/span>\n\t\t<\/div>\n\t\t\t\t\t\t<\/div>\n\t\t\t\t<div class=\"elementor-element elementor-element-0efedcb elementor-widget elementor-widget-text-editor\" data-id=\"0efedcb\" data-element_type=\"widget\" data-widget_type=\"text-editor.default\">\n\t\t\t\t\t\t\t\t\t<h2><strong data-start=\"1130\" data-end=\"1148\">\u0627\u0644\u0623\u0645\u0647\u0627\u062a \u0648\u0627\u0644\u0623\u0637\u0641\u0627\u0644<\/strong><\/h2>\t\t\t\t\t\t\t\t<\/div>\n\t\t\t\t<div class=\"elementor-element elementor-element-4b87d21 elementor-widget elementor-widget-text-editor\" data-id=\"4b87d21\" data-element_type=\"widget\" data-widget_type=\"text-editor.default\">\n\t\t\t\t\t\t\t\t\t<p>\u0644\u062d\u0638\u0627\u062a \u062d\u0646\u0648\u0646\u0629 \u0648\u062d\u0645\u064a\u0645\u0629 \u0628\u064a\u0646 \u0627\u0644\u0623\u0645 \u0648\u0627\u0644\u0637\u0641\u0644.<br data-start=\"1199\" data-end=\"1202\" \/>\u0623\u062c\u0648\u0627\u0621 \u0644\u0637\u064a\u0641\u0629 \u0648\u062f\u0627\u0641\u0626\u0629 \u0648\u0622\u0645\u0646\u0629 \u0644\u062a\u062e\u0644\u064a\u062f \u0644\u062d\u0638\u0627\u062a\u0643\u0645 \u0627\u0644\u0623\u0648\u0644\u0649 \u0645\u0639\u064b\u0627.<\/p>\t\t\t\t\t\t\t\t<\/div>\n\t\t\t\t<\/div>\n\t\t\t\t<\/div>\n\t\t<div class=\"elementor-element elementor-element-2ff6508 e-con-full e-flex e-con e-parent\" data-id=\"2ff6508\" data-element_type=\"container\" data-settings=\"{&quot;background_background&quot;:&quot;classic&quot;}\">\n\t\t<div class=\"elementor-element elementor-element-0fdd824 e-con-full e-flex e-con e-child\" data-id=\"0fdd824\" data-element_type=\"container\">\n\t\t\t\t<div class=\"elementor-element elementor-element-239fbe6 elementor-invisible elementor-widget elementor-widget-heading\" data-id=\"239fbe6\" data-element_type=\"widget\" data-settings=\"{&quot;_animation&quot;:&quot;fadeIn&quot;}\" data-widget_type=\"heading.default\">\n\t\t\t\t\t<h2 class=\"elementor-heading-title elementor-size-default\">\u0627\u062a\u0635\u0644 \u0628\u0646\u0627<\/h2>\t\t\t\t<\/div>\n\t\t\t\t<div class=\"elementor-element elementor-element-da664d1 elementor-widget__width-initial elementor-widget-mobile__width-inherit elementor-widget elementor-widget-text-editor\" data-id=\"da664d1\" data-element_type=\"widget\" data-widget_type=\"text-editor.default\">\n\t\t\t\t\t\t\t\t\t<p data-start=\"160\" data-end=\"325\"><strong data-start=\"160\" data-end=\"325\">\u0647\u0630\u0647 \u0641\u0631\u0635\u062a\u0643 \u0644\u062f\u0639\u0648\u0629 \u0632\u0648\u0627\u0631 \u0645\u0648\u0642\u0639\u0643 \u0625\u0644\u0649 \u0627\u0644\u0627\u062a\u0635\u0627\u0644 \u0628\u0643.<br data-start=\"224\" data-end=\"227\" \/>\u0623\u062e\u0628\u0631\u0647\u0645 \u0623\u0646\u0643 \u0633\u062a\u0643\u0648\u0646 \u0633\u0639\u064a\u062f\u064b\u0627 \u0628\u0627\u0644\u0625\u062c\u0627\u0628\u0629 \u0639\u0644\u0649 \u062c\u0645\u064a\u0639 \u0623\u0633\u0626\u0644\u062a\u0647\u0645 \u0641\u064a \u0623\u0642\u0631\u0628 \u0648\u0642\u062a \u0645\u0645\u0643\u0646.<\/strong><\/p>\t\t\t\t\t\t\t\t<\/div>\n\t\t\t\t<div class=\"elementor-element elementor-element-5208eac elementor-align-left elementor-mobile-align-center elementor-widget elementor-widget-button\" data-id=\"5208eac\" data-element_type=\"widget\" data-widget_type=\"button.default\">\n\t\t\t\t\t\t\t\t\t\t<a class=\"elementor-button elementor-button-link elementor-size-sm elementor-animation-hang\" href=\"https:\/\/api.whatsapp.com\/send\/?phone=212702938354&#038;text&#038;type=phone_number&#038;app_absent=0\">\n\t\t\t\t\t\t<span class=\"elementor-button-content-wrapper\">\n\t\t\t\t\t\t\t\t\t<span class=\"elementor-button-text\">\u0627\u062a\u0635\u0644 \u0628\u0640 Ruby Studio \u27f6<\/span>\n\t\t\t\t\t<\/span>\n\t\t\t\t\t<\/a>\n\t\t\t\t\t\t\t\t<\/div>\n\t\t\t\t<\/div>\n\t\t<div class=\"elementor-element elementor-element-55f9303 e-con-full e-flex e-con e-child\" data-id=\"55f9303\" data-element_type=\"container\" data-settings=\"{&quot;background_background&quot;:&quot;classic&quot;}\">\n\t\t\t\t<\/div>\n\t\t\t\t<\/div>\n\t\t\t\t<\/div>","protected":false},"excerpt":{"rendered":"<p>Nos Services \u2014 Beaut\u00e9, Photographie &amp; Exp\u00e9riences Famille Moments chaleureux en famille, immortalis\u00e9s avec style et sensibilit\u00e9.Parfait pour couples, enfants, fratries ou familles nombreuses. Grossesse C\u00e9l\u00e9brez la beaut\u00e9 de la maternit\u00e9 avec une s\u00e9ance douce, esth\u00e9tique et lumineuse.Nous guidons chaque pose pour sublimer vos formes et votre \u00e9nergie. Anniversaires S\u00e9ances con\u00e7ues pour immortaliser un anniversaire [&hellip;]<\/p>","protected":false},"author":2,"featured_media":89,"parent":0,"menu_order":0,"comment_status":"closed","ping_status":"open","template":"","meta":{"_joinchat":[],"footnotes":""},"class_list":["post-86","page","type-page","status-publish","has-post-thumbnail","hentry"],"_links":{"self":[{"href":"https:\/\/rubystudiomarrakech.com\/ar\/wp-json\/wp\/v2\/pages\/86","targetHints":{"allow":["GET"]}}],"collection":[{"href":"https:\/\/rubystudiomarrakech.com\/ar\/wp-json\/wp\/v2\/pages"}],"about":[{"href":"https:\/\/rubystudiomarrakech.com\/ar\/wp-json\/wp\/v2\/types\/page"}],"author":[{"embeddable":true,"href":"https:\/\/rubystudiomarrakech.com\/ar\/wp-json\/wp\/v2\/users\/2"}],"replies":[{"embeddable":true,"href":"https:\/\/rubystudiomarrakech.com\/ar\/wp-json\/wp\/v2\/comments?post=86"}],"version-history":[{"count":20,"href":"https:\/\/rubystudiomarrakech.com\/ar\/wp-json\/wp\/v2\/pages\/86\/revisions"}],"predecessor-version":[{"id":413,"href":"https:\/\/rubystudiomarrakech.com\/ar\/wp-json\/wp\/v2\/pages\/86\/revisions\/413"}],"wp:featuredmedia":[{"embeddable":true,"href":"https:\/\/rubystudiomarrakech.com\/ar\/wp-json\/wp\/v2\/media\/89"}],"wp:attachment":[{"href":"https:\/\/rubystudiomarrakech.com\/ar\/wp-json\/wp\/v2\/media?parent=86"}],"curies":[{"name":"wp","href":"https:\/\/api.w.org\/{rel}","templated":true}]}}