{"id":53,"date":"2025-11-29T21:25:22","date_gmt":"2025-11-29T21:25:22","guid":{"rendered":"https:\/\/rubystudiomarrakech.com\/gallery\/"},"modified":"2026-01-23T18:55:23","modified_gmt":"2026-01-23T18:55:23","slug":"%d9%85%d8%b9%d8%b1%d8%b6","status":"publish","type":"page","link":"https:\/\/rubystudiomarrakech.com\/ar\/%d9%85%d8%b9%d8%b1%d8%b6\/","title":{"rendered":"\u0645\u0639\u0631\u0636 \u0627\u0644\u0635\u0648\u0631"},"content":{"rendered":"<div data-elementor-type=\"wp-page\" data-elementor-id=\"53\" class=\"elementor elementor-53\" data-elementor-post-type=\"page\">\n\t\t\t\t<div class=\"elementor-element elementor-element-23c3a606 e-flex e-con-boxed e-con e-parent\" data-id=\"23c3a606\" data-element_type=\"container\" data-settings=\"{&quot;background_background&quot;:&quot;classic&quot;}\">\n\t\t\t\t\t<div class=\"e-con-inner\">\n\t\t<div class=\"elementor-element elementor-element-539d8426 e-con-full e-flex elementor-invisible e-con e-child\" data-id=\"539d8426\" data-element_type=\"container\" data-settings=\"{&quot;background_background&quot;:&quot;classic&quot;,&quot;position&quot;:&quot;absolute&quot;,&quot;animation&quot;:&quot;fadeInLeft&quot;}\">\n\t\t\t\t<\/div>\n\t\t<div class=\"elementor-element elementor-element-411e9c86 e-con-full e-flex e-con e-child\" data-id=\"411e9c86\" data-element_type=\"container\">\n\t\t<div class=\"elementor-element elementor-element-77584b5d e-con-full e-flex e-con e-child\" data-id=\"77584b5d\" data-element_type=\"container\">\n\t\t\t\t<div class=\"elementor-element elementor-element-42063410 elementor-invisible elementor-widget elementor-widget-heading\" data-id=\"42063410\" data-element_type=\"widget\" data-settings=\"{&quot;_animation&quot;:&quot;fadeIn&quot;}\" data-widget_type=\"heading.default\">\n\t\t\t\t\t<h1 class=\"elementor-heading-title elementor-size-default\">\u0627\u0644\u062a\u0642\u0637 \u0627\u0644\u0644\u062d\u0638\u0629<\/h1>\t\t\t\t<\/div>\n\t\t\t\t<div class=\"elementor-element elementor-element-4876463 elementor-widget__width-initial elementor-widget-mobile__width-inherit elementor-invisible elementor-widget elementor-widget-text-editor\" data-id=\"4876463\" data-element_type=\"widget\" data-settings=\"{&quot;_animation&quot;:&quot;fadeIn&quot;,&quot;_animation_delay&quot;:&quot;200&quot;}\" data-widget_type=\"text-editor.default\">\n\t\t\t\t\t\t\t\t\t<p>\u062d\u0648\u0651\u0644 \u0644\u062d\u0638\u0629 \u0625\u0644\u0649 \u0630\u0643\u0631\u0649 \u0644\u0627 \u062a\u064f\u0646\u0633\u0649.<\/p>\t\t\t\t\t\t\t\t<\/div>\n\t\t\t\t<\/div>\n\t\t\t\t<div class=\"elementor-element elementor-element-58fa8a38 gallery-spacing-custom elementor-widget__width-inherit elementor-widget elementor-widget-image-gallery\" data-id=\"58fa8a38\" data-element_type=\"widget\" data-widget_type=\"image-gallery.default\">\n\t\t\t\t\t\t\t<div class=\"elementor-image-gallery\">\n\t\t\t<div id='gallery-1' class='gallery galleryid-53 gallery-columns-3 gallery-size-full'><figure class='gallery-item'>\n\t\t\t<div class='gallery-icon landscape'>\n\t\t\t\t<a data-elementor-open-lightbox=\"yes\" data-elementor-lightbox-slideshow=\"58fa8a38\" data-elementor-lightbox-title=\"Captura de pantalla 2025-11-29 a las 22.35.43\" data-e-action-hash=\"#elementor-action%3Aaction%3Dlightbox%26settings%3DeyJpZCI6MTMyLCJ1cmwiOiJodHRwczpcL1wvcnVieXN0dWRpb21hcnJha2VjaC5jb21cL3dwLWNvbnRlbnRcL3VwbG9hZHNcLzIwMjVcLzExXC9DYXB0dXJhLWRlLXBhbnRhbGxhLTIwMjUtMTEtMjktYS1sYXMtMjIuMzUuNDMucG5nIiwic2xpZGVzaG93IjoiNThmYThhMzgifQ%3D%3D\" href='https:\/\/rubystudiomarrakech.com\/wp-content\/uploads\/2025\/11\/Captura-de-pantalla-2025-11-29-a-las-22.35.43.png'><img fetchpriority=\"high\" decoding=\"async\" width=\"2306\" height=\"1480\" src=\"https:\/\/rubystudiomarrakech.com\/wp-content\/uploads\/2025\/11\/Captura-de-pantalla-2025-11-29-a-las-22.35.43.png\" class=\"attachment-full size-full\" alt=\"\" srcset=\"https:\/\/rubystudiomarrakech.com\/wp-content\/uploads\/2025\/11\/Captura-de-pantalla-2025-11-29-a-las-22.35.43.png 2306w, https:\/\/rubystudiomarrakech.com\/wp-content\/uploads\/2025\/11\/Captura-de-pantalla-2025-11-29-a-las-22.35.43-300x193.png 300w, https:\/\/rubystudiomarrakech.com\/wp-content\/uploads\/2025\/11\/Captura-de-pantalla-2025-11-29-a-las-22.35.43-1024x657.png 1024w, https:\/\/rubystudiomarrakech.com\/wp-content\/uploads\/2025\/11\/Captura-de-pantalla-2025-11-29-a-las-22.35.43-768x493.png 768w, https:\/\/rubystudiomarrakech.com\/wp-content\/uploads\/2025\/11\/Captura-de-pantalla-2025-11-29-a-las-22.35.43-1536x986.png 1536w, https:\/\/rubystudiomarrakech.com\/wp-content\/uploads\/2025\/11\/Captura-de-pantalla-2025-11-29-a-las-22.35.43-2048x1314.png 2048w\" sizes=\"(max-width: 2306px) 100vw, 2306px\" \/><\/a>\n\t\t\t<\/div><\/figure><figure class='gallery-item'>\n\t\t\t<div class='gallery-icon portrait'>\n\t\t\t\t<a data-elementor-open-lightbox=\"yes\" data-elementor-lightbox-slideshow=\"58fa8a38\" data-elementor-lightbox-title=\"Captura de pantalla 2025-11-29 a las 22.33.52\" data-e-action-hash=\"#elementor-action%3Aaction%3Dlightbox%26settings%3DeyJpZCI6MTMxLCJ1cmwiOiJodHRwczpcL1wvcnVieXN0dWRpb21hcnJha2VjaC5jb21cL3dwLWNvbnRlbnRcL3VwbG9hZHNcLzIwMjVcLzExXC9DYXB0dXJhLWRlLXBhbnRhbGxhLTIwMjUtMTEtMjktYS1sYXMtMjIuMzMuNTIucG5nIiwic2xpZGVzaG93IjoiNThmYThhMzgifQ%3D%3D\" href='https:\/\/rubystudiomarrakech.com\/wp-content\/uploads\/2025\/11\/Captura-de-pantalla-2025-11-29-a-las-22.33.52.png'><img decoding=\"async\" width=\"1660\" height=\"1894\" src=\"https:\/\/rubystudiomarrakech.com\/wp-content\/uploads\/2025\/11\/Captura-de-pantalla-2025-11-29-a-las-22.33.52.png\" class=\"attachment-full size-full\" alt=\"\" srcset=\"https:\/\/rubystudiomarrakech.com\/wp-content\/uploads\/2025\/11\/Captura-de-pantalla-2025-11-29-a-las-22.33.52.png 1660w, https:\/\/rubystudiomarrakech.com\/wp-content\/uploads\/2025\/11\/Captura-de-pantalla-2025-11-29-a-las-22.33.52-263x300.png 263w, https:\/\/rubystudiomarrakech.com\/wp-content\/uploads\/2025\/11\/Captura-de-pantalla-2025-11-29-a-las-22.33.52-897x1024.png 897w, https:\/\/rubystudiomarrakech.com\/wp-content\/uploads\/2025\/11\/Captura-de-pantalla-2025-11-29-a-las-22.33.52-768x876.png 768w, https:\/\/rubystudiomarrakech.com\/wp-content\/uploads\/2025\/11\/Captura-de-pantalla-2025-11-29-a-las-22.33.52-1346x1536.png 1346w\" sizes=\"(max-width: 1660px) 100vw, 1660px\" \/><\/a>\n\t\t\t<\/div><\/figure><figure class='gallery-item'>\n\t\t\t<div class='gallery-icon landscape'>\n\t\t\t\t<a data-elementor-open-lightbox=\"yes\" data-elementor-lightbox-slideshow=\"58fa8a38\" data-elementor-lightbox-title=\"Captura de pantalla 2025-11-29 a las 22.33.37\" data-e-action-hash=\"#elementor-action%3Aaction%3Dlightbox%26settings%3DeyJpZCI6MTMwLCJ1cmwiOiJodHRwczpcL1wvcnVieXN0dWRpb21hcnJha2VjaC5jb21cL3dwLWNvbnRlbnRcL3VwbG9hZHNcLzIwMjVcLzExXC9DYXB0dXJhLWRlLXBhbnRhbGxhLTIwMjUtMTEtMjktYS1sYXMtMjIuMzMuMzcucG5nIiwic2xpZGVzaG93IjoiNThmYThhMzgifQ%3D%3D\" href='https:\/\/rubystudiomarrakech.com\/wp-content\/uploads\/2025\/11\/Captura-de-pantalla-2025-11-29-a-las-22.33.37.png'><img decoding=\"async\" width=\"1964\" height=\"1418\" src=\"https:\/\/rubystudiomarrakech.com\/wp-content\/uploads\/2025\/11\/Captura-de-pantalla-2025-11-29-a-las-22.33.37.png\" class=\"attachment-full size-full\" alt=\"\" srcset=\"https:\/\/rubystudiomarrakech.com\/wp-content\/uploads\/2025\/11\/Captura-de-pantalla-2025-11-29-a-las-22.33.37.png 1964w, https:\/\/rubystudiomarrakech.com\/wp-content\/uploads\/2025\/11\/Captura-de-pantalla-2025-11-29-a-las-22.33.37-300x217.png 300w, https:\/\/rubystudiomarrakech.com\/wp-content\/uploads\/2025\/11\/Captura-de-pantalla-2025-11-29-a-las-22.33.37-1024x739.png 1024w, https:\/\/rubystudiomarrakech.com\/wp-content\/uploads\/2025\/11\/Captura-de-pantalla-2025-11-29-a-las-22.33.37-768x554.png 768w, https:\/\/rubystudiomarrakech.com\/wp-content\/uploads\/2025\/11\/Captura-de-pantalla-2025-11-29-a-las-22.33.37-1536x1109.png 1536w\" sizes=\"(max-width: 1964px) 100vw, 1964px\" \/><\/a>\n\t\t\t<\/div><\/figure><figure class='gallery-item'>\n\t\t\t<div class='gallery-icon landscape'>\n\t\t\t\t<a data-elementor-open-lightbox=\"yes\" data-elementor-lightbox-slideshow=\"58fa8a38\" data-elementor-lightbox-title=\"Captura de pantalla 2025-11-29 a las 22.33.24\" data-e-action-hash=\"#elementor-action%3Aaction%3Dlightbox%26settings%3DeyJpZCI6MTI5LCJ1cmwiOiJodHRwczpcL1wvcnVieXN0dWRpb21hcnJha2VjaC5jb21cL3dwLWNvbnRlbnRcL3VwbG9hZHNcLzIwMjVcLzExXC9DYXB0dXJhLWRlLXBhbnRhbGxhLTIwMjUtMTEtMjktYS1sYXMtMjIuMzMuMjQucG5nIiwic2xpZGVzaG93IjoiNThmYThhMzgifQ%3D%3D\" href='https:\/\/rubystudiomarrakech.com\/wp-content\/uploads\/2025\/11\/Captura-de-pantalla-2025-11-29-a-las-22.33.24.png'><img loading=\"lazy\" decoding=\"async\" width=\"2302\" height=\"1700\" src=\"https:\/\/rubystudiomarrakech.com\/wp-content\/uploads\/2025\/11\/Captura-de-pantalla-2025-11-29-a-las-22.33.24.png\" class=\"attachment-full size-full\" alt=\"\" srcset=\"https:\/\/rubystudiomarrakech.com\/wp-content\/uploads\/2025\/11\/Captura-de-pantalla-2025-11-29-a-las-22.33.24.png 2302w, https:\/\/rubystudiomarrakech.com\/wp-content\/uploads\/2025\/11\/Captura-de-pantalla-2025-11-29-a-las-22.33.24-300x222.png 300w, https:\/\/rubystudiomarrakech.com\/wp-content\/uploads\/2025\/11\/Captura-de-pantalla-2025-11-29-a-las-22.33.24-1024x756.png 1024w, https:\/\/rubystudiomarrakech.com\/wp-content\/uploads\/2025\/11\/Captura-de-pantalla-2025-11-29-a-las-22.33.24-768x567.png 768w, https:\/\/rubystudiomarrakech.com\/wp-content\/uploads\/2025\/11\/Captura-de-pantalla-2025-11-29-a-las-22.33.24-1536x1134.png 1536w, https:\/\/rubystudiomarrakech.com\/wp-content\/uploads\/2025\/11\/Captura-de-pantalla-2025-11-29-a-las-22.33.24-2048x1512.png 2048w\" sizes=\"(max-width: 2302px) 100vw, 2302px\" \/><\/a>\n\t\t\t<\/div><\/figure><figure class='gallery-item'>\n\t\t\t<div class='gallery-icon landscape'>\n\t\t\t\t<a data-elementor-open-lightbox=\"yes\" data-elementor-lightbox-slideshow=\"58fa8a38\" data-elementor-lightbox-title=\"Captura de pantalla 2025-11-29 a las 22.32.19\" data-e-action-hash=\"#elementor-action%3Aaction%3Dlightbox%26settings%3DeyJpZCI6MTI4LCJ1cmwiOiJodHRwczpcL1wvcnVieXN0dWRpb21hcnJha2VjaC5jb21cL3dwLWNvbnRlbnRcL3VwbG9hZHNcLzIwMjVcLzExXC9DYXB0dXJhLWRlLXBhbnRhbGxhLTIwMjUtMTEtMjktYS1sYXMtMjIuMzIuMTkucG5nIiwic2xpZGVzaG93IjoiNThmYThhMzgifQ%3D%3D\" href='https:\/\/rubystudiomarrakech.com\/wp-content\/uploads\/2025\/11\/Captura-de-pantalla-2025-11-29-a-las-22.32.19.png'><img loading=\"lazy\" decoding=\"async\" width=\"2286\" height=\"1518\" src=\"https:\/\/rubystudiomarrakech.com\/wp-content\/uploads\/2025\/11\/Captura-de-pantalla-2025-11-29-a-las-22.32.19.png\" class=\"attachment-full size-full\" alt=\"\" srcset=\"https:\/\/rubystudiomarrakech.com\/wp-content\/uploads\/2025\/11\/Captura-de-pantalla-2025-11-29-a-las-22.32.19.png 2286w, https:\/\/rubystudiomarrakech.com\/wp-content\/uploads\/2025\/11\/Captura-de-pantalla-2025-11-29-a-las-22.32.19-300x199.png 300w, https:\/\/rubystudiomarrakech.com\/wp-content\/uploads\/2025\/11\/Captura-de-pantalla-2025-11-29-a-las-22.32.19-1024x680.png 1024w, https:\/\/rubystudiomarrakech.com\/wp-content\/uploads\/2025\/11\/Captura-de-pantalla-2025-11-29-a-las-22.32.19-768x510.png 768w, https:\/\/rubystudiomarrakech.com\/wp-content\/uploads\/2025\/11\/Captura-de-pantalla-2025-11-29-a-las-22.32.19-1536x1020.png 1536w, https:\/\/rubystudiomarrakech.com\/wp-content\/uploads\/2025\/11\/Captura-de-pantalla-2025-11-29-a-las-22.32.19-2048x1360.png 2048w\" sizes=\"(max-width: 2286px) 100vw, 2286px\" \/><\/a>\n\t\t\t<\/div><\/figure><figure class='gallery-item'>\n\t\t\t<div class='gallery-icon landscape'>\n\t\t\t\t<a data-elementor-open-lightbox=\"yes\" data-elementor-lightbox-slideshow=\"58fa8a38\" data-elementor-lightbox-title=\"Captura de pantalla 2025-11-29 a las 22.30.05\" data-e-action-hash=\"#elementor-action%3Aaction%3Dlightbox%26settings%3DeyJpZCI6MTI3LCJ1cmwiOiJodHRwczpcL1wvcnVieXN0dWRpb21hcnJha2VjaC5jb21cL3dwLWNvbnRlbnRcL3VwbG9hZHNcLzIwMjVcLzExXC9DYXB0dXJhLWRlLXBhbnRhbGxhLTIwMjUtMTEtMjktYS1sYXMtMjIuMzAuMDUucG5nIiwic2xpZGVzaG93IjoiNThmYThhMzgifQ%3D%3D\" href='https:\/\/rubystudiomarrakech.com\/wp-content\/uploads\/2025\/11\/Captura-de-pantalla-2025-11-29-a-las-22.30.05.png'><img loading=\"lazy\" decoding=\"async\" width=\"2260\" height=\"1986\" src=\"https:\/\/rubystudiomarrakech.com\/wp-content\/uploads\/2025\/11\/Captura-de-pantalla-2025-11-29-a-las-22.30.05.png\" class=\"attachment-full size-full\" alt=\"\" srcset=\"https:\/\/rubystudiomarrakech.com\/wp-content\/uploads\/2025\/11\/Captura-de-pantalla-2025-11-29-a-las-22.30.05.png 2260w, https:\/\/rubystudiomarrakech.com\/wp-content\/uploads\/2025\/11\/Captura-de-pantalla-2025-11-29-a-las-22.30.05-300x264.png 300w, https:\/\/rubystudiomarrakech.com\/wp-content\/uploads\/2025\/11\/Captura-de-pantalla-2025-11-29-a-las-22.30.05-1024x900.png 1024w, https:\/\/rubystudiomarrakech.com\/wp-content\/uploads\/2025\/11\/Captura-de-pantalla-2025-11-29-a-las-22.30.05-768x675.png 768w, https:\/\/rubystudiomarrakech.com\/wp-content\/uploads\/2025\/11\/Captura-de-pantalla-2025-11-29-a-las-22.30.05-1536x1350.png 1536w, https:\/\/rubystudiomarrakech.com\/wp-content\/uploads\/2025\/11\/Captura-de-pantalla-2025-11-29-a-las-22.30.05-2048x1800.png 2048w\" sizes=\"(max-width: 2260px) 100vw, 2260px\" \/><\/a>\n\t\t\t<\/div><\/figure><figure class='gallery-item'>\n\t\t\t<div class='gallery-icon landscape'>\n\t\t\t\t<a data-elementor-open-lightbox=\"yes\" data-elementor-lightbox-slideshow=\"58fa8a38\" data-elementor-lightbox-title=\"Captura de pantalla 2025-11-29 a las 22.29.03\" data-e-action-hash=\"#elementor-action%3Aaction%3Dlightbox%26settings%3DeyJpZCI6MTI2LCJ1cmwiOiJodHRwczpcL1wvcnVieXN0dWRpb21hcnJha2VjaC5jb21cL3dwLWNvbnRlbnRcL3VwbG9hZHNcLzIwMjVcLzExXC9DYXB0dXJhLWRlLXBhbnRhbGxhLTIwMjUtMTEtMjktYS1sYXMtMjIuMjkuMDMucG5nIiwic2xpZGVzaG93IjoiNThmYThhMzgifQ%3D%3D\" href='https:\/\/rubystudiomarrakech.com\/wp-content\/uploads\/2025\/11\/Captura-de-pantalla-2025-11-29-a-las-22.29.03.png'><img loading=\"lazy\" decoding=\"async\" width=\"2214\" height=\"1934\" src=\"https:\/\/rubystudiomarrakech.com\/wp-content\/uploads\/2025\/11\/Captura-de-pantalla-2025-11-29-a-las-22.29.03.png\" class=\"attachment-full size-full\" alt=\"\" srcset=\"https:\/\/rubystudiomarrakech.com\/wp-content\/uploads\/2025\/11\/Captura-de-pantalla-2025-11-29-a-las-22.29.03.png 2214w, https:\/\/rubystudiomarrakech.com\/wp-content\/uploads\/2025\/11\/Captura-de-pantalla-2025-11-29-a-las-22.29.03-300x262.png 300w, https:\/\/rubystudiomarrakech.com\/wp-content\/uploads\/2025\/11\/Captura-de-pantalla-2025-11-29-a-las-22.29.03-1024x894.png 1024w, https:\/\/rubystudiomarrakech.com\/wp-content\/uploads\/2025\/11\/Captura-de-pantalla-2025-11-29-a-las-22.29.03-768x671.png 768w, https:\/\/rubystudiomarrakech.com\/wp-content\/uploads\/2025\/11\/Captura-de-pantalla-2025-11-29-a-las-22.29.03-1536x1342.png 1536w, https:\/\/rubystudiomarrakech.com\/wp-content\/uploads\/2025\/11\/Captura-de-pantalla-2025-11-29-a-las-22.29.03-2048x1789.png 2048w\" sizes=\"(max-width: 2214px) 100vw, 2214px\" \/><\/a>\n\t\t\t<\/div><\/figure>\n\t\t<\/div>\n\t\t<\/div>\n\t\t\t\t\t\t<\/div>\n\t\t\t\t<\/div>\n\t\t\t\t\t<\/div>\n\t\t\t\t<\/div>\n\t\t<div class=\"elementor-element elementor-element-361cecc e-con-full e-flex e-con e-parent\" data-id=\"361cecc\" data-element_type=\"container\" data-settings=\"{&quot;background_background&quot;:&quot;classic&quot;}\">\n\t\t<div class=\"elementor-element elementor-element-6427cd8 e-con-full e-flex e-con e-child\" data-id=\"6427cd8\" data-element_type=\"container\">\n\t\t\t\t<div class=\"elementor-element elementor-element-90a1b5a elementor-invisible elementor-widget elementor-widget-heading\" data-id=\"90a1b5a\" data-element_type=\"widget\" data-settings=\"{&quot;_animation&quot;:&quot;fadeIn&quot;}\" data-widget_type=\"heading.default\">\n\t\t\t\t\t<h2 class=\"elementor-heading-title elementor-size-default\">\u0627\u062a\u0635\u0644 \u0628\u0646\u0627<\/h2>\t\t\t\t<\/div>\n\t\t\t\t<div class=\"elementor-element elementor-element-67c0477 elementor-widget__width-initial elementor-widget-mobile__width-inherit elementor-widget elementor-widget-text-editor\" data-id=\"67c0477\" data-element_type=\"widget\" data-widget_type=\"text-editor.default\">\n\t\t\t\t\t\t\t\t\t<p data-start=\"160\" data-end=\"325\"><strong data-start=\"160\" data-end=\"325\">\u0647\u0630\u0647 \u0641\u0631\u0635\u062a\u0643 \u0644\u062f\u0639\u0648\u0629 \u0632\u0648\u0627\u0631 \u0645\u0648\u0642\u0639\u0643 \u0625\u0644\u0649 \u0627\u0644\u0627\u062a\u0635\u0627\u0644 \u0628\u0643.<br data-start=\"224\" data-end=\"227\" \/>\u0623\u062e\u0628\u0631\u0647\u0645 \u0623\u0646\u0643 \u0633\u062a\u0643\u0648\u0646 \u0633\u0639\u064a\u062f\u064b\u0627 \u0628\u0627\u0644\u0625\u062c\u0627\u0628\u0629 \u0639\u0644\u0649 \u062c\u0645\u064a\u0639 \u0623\u0633\u0626\u0644\u062a\u0647\u0645 \u0641\u064a \u0623\u0642\u0631\u0628 \u0648\u0642\u062a \u0645\u0645\u0643\u0646.<\/strong><\/p>\t\t\t\t\t\t\t\t<\/div>\n\t\t\t\t<div class=\"elementor-element elementor-element-7589259 elementor-align-left elementor-mobile-align-center elementor-widget elementor-widget-button\" data-id=\"7589259\" data-element_type=\"widget\" data-widget_type=\"button.default\">\n\t\t\t\t\t\t\t\t\t\t<a class=\"elementor-button elementor-button-link elementor-size-sm elementor-animation-hang\" href=\"https:\/\/api.whatsapp.com\/send\/?phone=212702938354&#038;text&#038;type=phone_number&#038;app_absent=0\">\n\t\t\t\t\t\t<span class=\"elementor-button-content-wrapper\">\n\t\t\t\t\t\t\t\t\t<span class=\"elementor-button-text\">\u0627\u062a\u0635\u0644 \u0628\u0640 Ruby Studio \u27f6<\/span>\n\t\t\t\t\t<\/span>\n\t\t\t\t\t<\/a>\n\t\t\t\t\t\t\t\t<\/div>\n\t\t\t\t<\/div>\n\t\t<div class=\"elementor-element elementor-element-ab8cb9f e-con-full e-flex e-con e-child\" data-id=\"ab8cb9f\" data-element_type=\"container\" data-settings=\"{&quot;background_background&quot;:&quot;classic&quot;}\">\n\t\t\t\t<\/div>\n\t\t\t\t<\/div>\n\t\t\t\t<\/div>","protected":false},"excerpt":{"rendered":"<p>Capturez l\u2019instant Transformez un instant en un souvenir inoubliable. Contactez-nous C\u2019est votre occasion d\u2019inviter vos visiteurs \u00e0 vous contacter.Dites-leur que vous serez ravie de r\u00e9pondre \u00e0 toutes leurs questions dans les plus brefs d\u00e9lais. Contact Ruby Studio \u27f6<\/p>","protected":false},"author":2,"featured_media":64,"parent":0,"menu_order":0,"comment_status":"closed","ping_status":"open","template":"","meta":{"_joinchat":[],"footnotes":""},"class_list":["post-53","page","type-page","status-publish","has-post-thumbnail","hentry"],"_links":{"self":[{"href":"https:\/\/rubystudiomarrakech.com\/ar\/wp-json\/wp\/v2\/pages\/53","targetHints":{"allow":["GET"]}}],"collection":[{"href":"https:\/\/rubystudiomarrakech.com\/ar\/wp-json\/wp\/v2\/pages"}],"about":[{"href":"https:\/\/rubystudiomarrakech.com\/ar\/wp-json\/wp\/v2\/types\/page"}],"author":[{"embeddable":true,"href":"https:\/\/rubystudiomarrakech.com\/ar\/wp-json\/wp\/v2\/users\/2"}],"replies":[{"embeddable":true,"href":"https:\/\/rubystudiomarrakech.com\/ar\/wp-json\/wp\/v2\/comments?post=53"}],"version-history":[{"count":14,"href":"https:\/\/rubystudiomarrakech.com\/ar\/wp-json\/wp\/v2\/pages\/53\/revisions"}],"predecessor-version":[{"id":410,"href":"https:\/\/rubystudiomarrakech.com\/ar\/wp-json\/wp\/v2\/pages\/53\/revisions\/410"}],"wp:featuredmedia":[{"embeddable":true,"href":"https:\/\/rubystudiomarrakech.com\/ar\/wp-json\/wp\/v2\/media\/64"}],"wp:attachment":[{"href":"https:\/\/rubystudiomarrakech.com\/ar\/wp-json\/wp\/v2\/media?parent=53"}],"curies":[{"name":"wp","href":"https:\/\/api.w.org\/{rel}","templated":true}]}}