{"id":502,"date":"2026-02-27T14:10:10","date_gmt":"2026-02-27T14:10:10","guid":{"rendered":"https:\/\/rubystudiomarrakech.com\/?page_id=502"},"modified":"2026-03-01T23:12:08","modified_gmt":"2026-03-01T23:12:08","slug":"modeles","status":"publish","type":"page","link":"https:\/\/rubystudiomarrakech.com\/ar\/%d8%aa%d8%ba%d8%b7%d9%8a%d8%a9\/modeles\/","title":{"rendered":"\u0627\u0644\u0646\u0645\u0627\u0630\u062c"},"content":{"rendered":"<div data-elementor-type=\"wp-page\" data-elementor-id=\"502\" class=\"elementor elementor-502\" data-elementor-post-type=\"page\">\n\t\t\t\t<div class=\"elementor-element elementor-element-2e3406a e-con-full e-flex e-con e-parent\" data-id=\"2e3406a\" data-element_type=\"container\" data-settings=\"{&quot;background_background&quot;:&quot;classic&quot;}\">\n\t\t<div class=\"elementor-element elementor-element-30807d3 e-con-full e-flex e-con e-child\" data-id=\"30807d3\" data-element_type=\"container\" data-settings=\"{&quot;background_background&quot;:&quot;classic&quot;}\">\n\t\t\t\t<div class=\"elementor-element elementor-element-ec96523 elementor-invisible elementor-widget elementor-widget-heading\" data-id=\"ec96523\" data-element_type=\"widget\" data-settings=\"{&quot;_animation&quot;:&quot;fadeIn&quot;}\" data-widget_type=\"heading.default\">\n\t\t\t\t\t<h1 class=\"elementor-heading-title elementor-size-default\">modelos<\/h1>\t\t\t\t<\/div>\n\t\t\t\t<\/div>\n\t\t<div class=\"elementor-element elementor-element-820074a e-con-full e-flex e-con e-child\" data-id=\"820074a\" data-element_type=\"container\">\n\t\t\t\t<div class=\"elementor-element elementor-element-b16e2db elementor-widget elementor-widget-text-editor\" data-id=\"b16e2db\" data-element_type=\"widget\" data-widget_type=\"text-editor.default\">\n\t\t\t\t\t\t\t\t\t<h2 data-start=\"185\" data-end=\"243\"><strong data-start=\"185\" data-end=\"241\">\u0627\u0644\u062a\u0642\u0627\u0637 \u0627\u0644\u062a\u0648\u0627\u0641\u0642 \u0648\u0627\u0644\u062d\u0628 \u0627\u0644\u0630\u064a \u064a\u062c\u0645\u0639 \u0628\u064a\u0646\u0643\u0645\u0627.<\/strong><\/h2>\t\t\t\t\t\t\t\t<\/div>\n\t\t\t\t<div class=\"elementor-element elementor-element-5b7933e elementor-widget elementor-widget-text-editor\" data-id=\"5b7933e\" data-element_type=\"widget\" data-widget_type=\"text-editor.default\">\n\t\t\t\t\t\t\t\t\t<p data-start=\"177\" data-end=\"360\">\u0644\u062d\u0638\u0627\u062a \u062f\u0627\u0641\u0626\u0629 \u0645\u0639 \u0627\u0644\u0639\u0627\u0626\u0644\u0629\u060c \u062e\u064f\u0644\u062f\u062a \u0628\u0623\u0646\u0627\u0642\u0629 \u0648\u062d\u0633\u0627\u0633\u064a\u0629.<br data-start=\"661\" data-end=\"664\" \/>\u0645\u062b\u0627\u0644\u064a \u0644\u0644\u0623\u0632\u0648\u0627\u062c \u0648\u0627\u0644\u0623\u0637\u0641\u0627\u0644 \u0648\u0627\u0644\u0623\u062e\u0648\u0629 \u0623\u0648 \u0627\u0644\u0639\u0627\u0626\u0644\u0627\u062a \u0627\u0644\u0643\u0628\u064a\u0631\u0629.<\/p>\t\t\t\t\t\t\t\t<\/div>\n\t\t\t\t<\/div>\n\t\t\t\t<\/div>\n\t\t<div class=\"elementor-element elementor-element-44328ab e-flex e-con-boxed e-con e-parent\" data-id=\"44328ab\" data-element_type=\"container\">\n\t\t\t\t\t<div class=\"e-con-inner\">\n\t\t\t\t<div class=\"elementor-element elementor-element-d3843f5 gallery-spacing-custom elementor-widget elementor-widget-image-gallery\" data-id=\"d3843f5\" data-element_type=\"widget\" data-widget_type=\"image-gallery.default\">\n\t\t\t\t\t\t\t<div class=\"elementor-image-gallery\">\n\t\t\t<div id='gallery-1' class='gallery galleryid-502 gallery-columns-3 gallery-size-full'><figure class='gallery-item'>\n\t\t\t<div class='gallery-icon portrait'>\n\t\t\t\t<a data-elementor-open-lightbox=\"yes\" data-elementor-lightbox-slideshow=\"d3843f5\" data-elementor-lightbox-title=\"ae8978702a803e997f107a9bc22de022\" data-e-action-hash=\"#elementor-action%3Aaction%3Dlightbox%26settings%3DeyJpZCI6NTU5LCJ1cmwiOiJodHRwczpcL1wvcnVieXN0dWRpb21hcnJha2VjaC5jb21cL3dwLWNvbnRlbnRcL3VwbG9hZHNcLzIwMjZcLzAzXC9hZTg5Nzg3MDJhODAzZTk5N2YxMDdhOWJjMjJkZTAyMi5qcGciLCJzbGlkZXNob3ciOiJkMzg0M2Y1In0%3D\" href='https:\/\/rubystudiomarrakech.com\/wp-content\/uploads\/2026\/03\/ae8978702a803e997f107a9bc22de022.jpg'><img fetchpriority=\"high\" decoding=\"async\" width=\"1200\" height=\"1500\" src=\"https:\/\/rubystudiomarrakech.com\/wp-content\/uploads\/2026\/03\/ae8978702a803e997f107a9bc22de022.jpg\" class=\"attachment-full size-full\" alt=\"\" srcset=\"https:\/\/rubystudiomarrakech.com\/wp-content\/uploads\/2026\/03\/ae8978702a803e997f107a9bc22de022.jpg 1200w, https:\/\/rubystudiomarrakech.com\/wp-content\/uploads\/2026\/03\/ae8978702a803e997f107a9bc22de022-240x300.jpg 240w, https:\/\/rubystudiomarrakech.com\/wp-content\/uploads\/2026\/03\/ae8978702a803e997f107a9bc22de022-819x1024.jpg 819w, https:\/\/rubystudiomarrakech.com\/wp-content\/uploads\/2026\/03\/ae8978702a803e997f107a9bc22de022-768x960.jpg 768w, https:\/\/rubystudiomarrakech.com\/wp-content\/uploads\/2026\/03\/ae8978702a803e997f107a9bc22de022-10x12.jpg 10w\" sizes=\"(max-width: 1200px) 100vw, 1200px\" \/><\/a>\n\t\t\t<\/div><\/figure><figure class='gallery-item'>\n\t\t\t<div class='gallery-icon portrait'>\n\t\t\t\t<a data-elementor-open-lightbox=\"yes\" data-elementor-lightbox-slideshow=\"d3843f5\" data-elementor-lightbox-title=\"db03327de604fa86ce367f9af1af8154\" data-e-action-hash=\"#elementor-action%3Aaction%3Dlightbox%26settings%3DeyJpZCI6NTYwLCJ1cmwiOiJodHRwczpcL1wvcnVieXN0dWRpb21hcnJha2VjaC5jb21cL3dwLWNvbnRlbnRcL3VwbG9hZHNcLzIwMjZcLzAzXC9kYjAzMzI3ZGU2MDRmYTg2Y2UzNjdmOWFmMWFmODE1NC5qcGciLCJzbGlkZXNob3ciOiJkMzg0M2Y1In0%3D\" href='https:\/\/rubystudiomarrakech.com\/wp-content\/uploads\/2026\/03\/db03327de604fa86ce367f9af1af8154.jpg'><img decoding=\"async\" width=\"1199\" height=\"1799\" src=\"https:\/\/rubystudiomarrakech.com\/wp-content\/uploads\/2026\/03\/db03327de604fa86ce367f9af1af8154.jpg\" class=\"attachment-full size-full\" alt=\"\" srcset=\"https:\/\/rubystudiomarrakech.com\/wp-content\/uploads\/2026\/03\/db03327de604fa86ce367f9af1af8154.jpg 1199w, https:\/\/rubystudiomarrakech.com\/wp-content\/uploads\/2026\/03\/db03327de604fa86ce367f9af1af8154-200x300.jpg 200w, https:\/\/rubystudiomarrakech.com\/wp-content\/uploads\/2026\/03\/db03327de604fa86ce367f9af1af8154-682x1024.jpg 682w, https:\/\/rubystudiomarrakech.com\/wp-content\/uploads\/2026\/03\/db03327de604fa86ce367f9af1af8154-768x1152.jpg 768w, https:\/\/rubystudiomarrakech.com\/wp-content\/uploads\/2026\/03\/db03327de604fa86ce367f9af1af8154-1024x1536.jpg 1024w, https:\/\/rubystudiomarrakech.com\/wp-content\/uploads\/2026\/03\/db03327de604fa86ce367f9af1af8154-8x12.jpg 8w\" sizes=\"(max-width: 1199px) 100vw, 1199px\" \/><\/a>\n\t\t\t<\/div><\/figure><figure class='gallery-item'>\n\t\t\t<div class='gallery-icon portrait'>\n\t\t\t\t<a data-elementor-open-lightbox=\"yes\" data-elementor-lightbox-slideshow=\"d3843f5\" data-elementor-lightbox-title=\"de28cf71dde8ba22a729f4808363593c\" data-e-action-hash=\"#elementor-action%3Aaction%3Dlightbox%26settings%3DeyJpZCI6NTYxLCJ1cmwiOiJodHRwczpcL1wvcnVieXN0dWRpb21hcnJha2VjaC5jb21cL3dwLWNvbnRlbnRcL3VwbG9hZHNcLzIwMjZcLzAzXC9kZTI4Y2Y3MWRkZThiYTIyYTcyOWY0ODA4MzYzNTkzYy5qcGciLCJzbGlkZXNob3ciOiJkMzg0M2Y1In0%3D\" href='https:\/\/rubystudiomarrakech.com\/wp-content\/uploads\/2026\/03\/de28cf71dde8ba22a729f4808363593c.jpg'><img decoding=\"async\" width=\"928\" height=\"1120\" src=\"https:\/\/rubystudiomarrakech.com\/wp-content\/uploads\/2026\/03\/de28cf71dde8ba22a729f4808363593c.jpg\" class=\"attachment-full size-full\" alt=\"\" srcset=\"https:\/\/rubystudiomarrakech.com\/wp-content\/uploads\/2026\/03\/de28cf71dde8ba22a729f4808363593c.jpg 928w, https:\/\/rubystudiomarrakech.com\/wp-content\/uploads\/2026\/03\/de28cf71dde8ba22a729f4808363593c-249x300.jpg 249w, https:\/\/rubystudiomarrakech.com\/wp-content\/uploads\/2026\/03\/de28cf71dde8ba22a729f4808363593c-848x1024.jpg 848w, https:\/\/rubystudiomarrakech.com\/wp-content\/uploads\/2026\/03\/de28cf71dde8ba22a729f4808363593c-768x927.jpg 768w, https:\/\/rubystudiomarrakech.com\/wp-content\/uploads\/2026\/03\/de28cf71dde8ba22a729f4808363593c-10x12.jpg 10w\" sizes=\"(max-width: 928px) 100vw, 928px\" \/><\/a>\n\t\t\t<\/div><\/figure><figure class='gallery-item'>\n\t\t\t<div class='gallery-icon portrait'>\n\t\t\t\t<a data-elementor-open-lightbox=\"yes\" data-elementor-lightbox-slideshow=\"d3843f5\" data-elementor-lightbox-title=\"3c333ab72562366ec70d5fa23b7be692\" data-e-action-hash=\"#elementor-action%3Aaction%3Dlightbox%26settings%3DeyJpZCI6NTYyLCJ1cmwiOiJodHRwczpcL1wvcnVieXN0dWRpb21hcnJha2VjaC5jb21cL3dwLWNvbnRlbnRcL3VwbG9hZHNcLzIwMjZcLzAzXC8zYzMzM2FiNzI1NjIzNjZlYzcwZDVmYTIzYjdiZTY5Mi5qcGciLCJzbGlkZXNob3ciOiJkMzg0M2Y1In0%3D\" href='https:\/\/rubystudiomarrakech.com\/wp-content\/uploads\/2026\/03\/3c333ab72562366ec70d5fa23b7be692.jpg'><img loading=\"lazy\" decoding=\"async\" width=\"736\" height=\"737\" src=\"https:\/\/rubystudiomarrakech.com\/wp-content\/uploads\/2026\/03\/3c333ab72562366ec70d5fa23b7be692.jpg\" class=\"attachment-full size-full\" alt=\"\" srcset=\"https:\/\/rubystudiomarrakech.com\/wp-content\/uploads\/2026\/03\/3c333ab72562366ec70d5fa23b7be692.jpg 736w, https:\/\/rubystudiomarrakech.com\/wp-content\/uploads\/2026\/03\/3c333ab72562366ec70d5fa23b7be692-300x300.jpg 300w, https:\/\/rubystudiomarrakech.com\/wp-content\/uploads\/2026\/03\/3c333ab72562366ec70d5fa23b7be692-150x150.jpg 150w, https:\/\/rubystudiomarrakech.com\/wp-content\/uploads\/2026\/03\/3c333ab72562366ec70d5fa23b7be692-12x12.jpg 12w\" sizes=\"(max-width: 736px) 100vw, 736px\" \/><\/a>\n\t\t\t<\/div><\/figure><figure class='gallery-item'>\n\t\t\t<div class='gallery-icon portrait'>\n\t\t\t\t<a data-elementor-open-lightbox=\"yes\" data-elementor-lightbox-slideshow=\"d3843f5\" data-elementor-lightbox-title=\"2a3bbd35de3b036dcafce8b90ef568ee\" data-e-action-hash=\"#elementor-action%3Aaction%3Dlightbox%26settings%3DeyJpZCI6NTYzLCJ1cmwiOiJodHRwczpcL1wvcnVieXN0dWRpb21hcnJha2VjaC5jb21cL3dwLWNvbnRlbnRcL3VwbG9hZHNcLzIwMjZcLzAzXC8yYTNiYmQzNWRlM2IwMzZkY2FmY2U4YjkwZWY1NjhlZS5qcGciLCJzbGlkZXNob3ciOiJkMzg0M2Y1In0%3D\" href='https:\/\/rubystudiomarrakech.com\/wp-content\/uploads\/2026\/03\/2a3bbd35de3b036dcafce8b90ef568ee.jpg'><img loading=\"lazy\" decoding=\"async\" width=\"1200\" height=\"1454\" src=\"https:\/\/rubystudiomarrakech.com\/wp-content\/uploads\/2026\/03\/2a3bbd35de3b036dcafce8b90ef568ee.jpg\" class=\"attachment-full size-full\" alt=\"\" srcset=\"https:\/\/rubystudiomarrakech.com\/wp-content\/uploads\/2026\/03\/2a3bbd35de3b036dcafce8b90ef568ee.jpg 1200w, https:\/\/rubystudiomarrakech.com\/wp-content\/uploads\/2026\/03\/2a3bbd35de3b036dcafce8b90ef568ee-248x300.jpg 248w, https:\/\/rubystudiomarrakech.com\/wp-content\/uploads\/2026\/03\/2a3bbd35de3b036dcafce8b90ef568ee-845x1024.jpg 845w, https:\/\/rubystudiomarrakech.com\/wp-content\/uploads\/2026\/03\/2a3bbd35de3b036dcafce8b90ef568ee-768x931.jpg 768w, https:\/\/rubystudiomarrakech.com\/wp-content\/uploads\/2026\/03\/2a3bbd35de3b036dcafce8b90ef568ee-10x12.jpg 10w\" sizes=\"(max-width: 1200px) 100vw, 1200px\" \/><\/a>\n\t\t\t<\/div><\/figure>\n\t\t<\/div>\n\t\t<\/div>\n\t\t\t\t\t\t<\/div>\n\t\t\t\t\t<\/div>\n\t\t\t\t<\/div>\n\t\t<div class=\"elementor-element elementor-element-ffc117a e-con-full e-flex e-con e-parent\" data-id=\"ffc117a\" data-element_type=\"container\" data-settings=\"{&quot;background_background&quot;:&quot;classic&quot;}\">\n\t\t<div class=\"elementor-element elementor-element-fd89782 e-con-full e-flex e-con e-child\" data-id=\"fd89782\" data-element_type=\"container\">\n\t\t\t\t<div class=\"elementor-element elementor-element-4e18cf3 elementor-invisible elementor-widget elementor-widget-heading\" data-id=\"4e18cf3\" data-element_type=\"widget\" data-settings=\"{&quot;_animation&quot;:&quot;fadeIn&quot;}\" data-widget_type=\"heading.default\">\n\t\t\t\t\t<h2 class=\"elementor-heading-title elementor-size-default\">\u0627\u062a\u0635\u0644 \u0628\u0646\u0627<\/h2>\t\t\t\t<\/div>\n\t\t\t\t<div class=\"elementor-element elementor-element-b8b5d22 elementor-widget__width-initial elementor-widget-mobile__width-inherit elementor-widget elementor-widget-text-editor\" data-id=\"b8b5d22\" data-element_type=\"widget\" data-widget_type=\"text-editor.default\">\n\t\t\t\t\t\t\t\t\t<p data-start=\"160\" data-end=\"325\"><strong data-start=\"160\" data-end=\"325\">\u0647\u0630\u0647 \u0641\u0631\u0635\u062a\u0643 \u0644\u062f\u0639\u0648\u0629 \u0632\u0648\u0627\u0631 \u0645\u0648\u0642\u0639\u0643 \u0625\u0644\u0649 \u0627\u0644\u0627\u062a\u0635\u0627\u0644 \u0628\u0643.<br data-start=\"224\" data-end=\"227\" \/>\u0623\u062e\u0628\u0631\u0647\u0645 \u0623\u0646\u0643 \u0633\u062a\u0643\u0648\u0646 \u0633\u0639\u064a\u062f\u064b\u0627 \u0628\u0627\u0644\u0625\u062c\u0627\u0628\u0629 \u0639\u0644\u0649 \u062c\u0645\u064a\u0639 \u0623\u0633\u0626\u0644\u062a\u0647\u0645 \u0641\u064a \u0623\u0642\u0631\u0628 \u0648\u0642\u062a \u0645\u0645\u0643\u0646.<\/strong><\/p>\t\t\t\t\t\t\t\t<\/div>\n\t\t\t\t<div class=\"elementor-element elementor-element-474c96e elementor-align-left elementor-mobile-align-center elementor-widget elementor-widget-button\" data-id=\"474c96e\" data-element_type=\"widget\" data-widget_type=\"button.default\">\n\t\t\t\t\t\t\t\t\t\t<a class=\"elementor-button elementor-button-link elementor-size-sm elementor-animation-hang\" href=\"https:\/\/api.whatsapp.com\/send\/?phone=212702938354&#038;text&#038;type=phone_number&#038;app_absent=0\">\n\t\t\t\t\t\t<span class=\"elementor-button-content-wrapper\">\n\t\t\t\t\t\t\t\t\t<span class=\"elementor-button-text\">\u0627\u062a\u0635\u0644 \u0628\u0640 Ruby Studio \u27f6<\/span>\n\t\t\t\t\t<\/span>\n\t\t\t\t\t<\/a>\n\t\t\t\t\t\t\t\t<\/div>\n\t\t\t\t<\/div>\n\t\t<div class=\"elementor-element elementor-element-58b313b e-con-full e-flex e-con e-child\" data-id=\"58b313b\" data-element_type=\"container\" data-settings=\"{&quot;background_background&quot;:&quot;classic&quot;}\">\n\t\t\t\t<\/div>\n\t\t\t\t<\/div>\n\t\t\t\t<\/div>","protected":false},"excerpt":{"rendered":"<p>modelos Capturer la complicit\u00e9 et l\u2019amour qui vous unissent. Moments chaleureux en famille, immortalis\u00e9s avec style et sensibilit\u00e9.Parfait pour couples, enfants, fratries ou familles nombreuses. Contactez-nous C\u2019est votre occasion d\u2019inviter vos visiteurs \u00e0 vous contacter.Dites-leur que vous serez ravie de r\u00e9pondre \u00e0 toutes leurs questions dans les plus brefs d\u00e9lais. Contact Ruby Studio \u27f6<\/p>","protected":false},"author":2,"featured_media":0,"parent":86,"menu_order":0,"comment_status":"closed","ping_status":"closed","template":"","meta":{"_joinchat":[],"footnotes":""},"class_list":["post-502","page","type-page","status-publish","hentry"],"_links":{"self":[{"href":"https:\/\/rubystudiomarrakech.com\/ar\/wp-json\/wp\/v2\/pages\/502","targetHints":{"allow":["GET"]}}],"collection":[{"href":"https:\/\/rubystudiomarrakech.com\/ar\/wp-json\/wp\/v2\/pages"}],"about":[{"href":"https:\/\/rubystudiomarrakech.com\/ar\/wp-json\/wp\/v2\/types\/page"}],"author":[{"embeddable":true,"href":"https:\/\/rubystudiomarrakech.com\/ar\/wp-json\/wp\/v2\/users\/2"}],"replies":[{"embeddable":true,"href":"https:\/\/rubystudiomarrakech.com\/ar\/wp-json\/wp\/v2\/comments?post=502"}],"version-history":[{"count":10,"href":"https:\/\/rubystudiomarrakech.com\/ar\/wp-json\/wp\/v2\/pages\/502\/revisions"}],"predecessor-version":[{"id":566,"href":"https:\/\/rubystudiomarrakech.com\/ar\/wp-json\/wp\/v2\/pages\/502\/revisions\/566"}],"up":[{"embeddable":true,"href":"https:\/\/rubystudiomarrakech.com\/ar\/wp-json\/wp\/v2\/pages\/86"}],"wp:attachment":[{"href":"https:\/\/rubystudiomarrakech.com\/ar\/wp-json\/wp\/v2\/media?parent=502"}],"curies":[{"name":"wp","href":"https:\/\/api.w.org\/{rel}","templated":true}]}}