{"id":335,"date":"2026-01-23T18:45:34","date_gmt":"2026-01-23T18:45:34","guid":{"rendered":"https:\/\/rubystudiomarrakech.com\/?page_id=335"},"modified":"2026-03-01T23:15:29","modified_gmt":"2026-03-01T23:15:29","slug":"%d8%b2%d9%88%d8%ac%d8%a7%d9%86","status":"publish","type":"page","link":"https:\/\/rubystudiomarrakech.com\/ar\/%d8%aa%d8%ba%d8%b7%d9%8a%d8%a9\/%d8%b2%d9%88%d8%ac%d8%a7%d9%86\/","title":{"rendered":"\u0627\u0644\u0632\u0648\u062c\u0627\u0646"},"content":{"rendered":"<div data-elementor-type=\"wp-page\" data-elementor-id=\"335\" class=\"elementor elementor-335\" data-elementor-post-type=\"page\">\n\t\t\t\t<div class=\"elementor-element elementor-element-02fb382 e-con-full e-flex e-con e-parent\" data-id=\"02fb382\" data-element_type=\"container\" data-settings=\"{&quot;background_background&quot;:&quot;classic&quot;}\">\n\t\t<div class=\"elementor-element elementor-element-c6400c7 e-con-full e-flex e-con e-child\" data-id=\"c6400c7\" data-element_type=\"container\" data-settings=\"{&quot;background_background&quot;:&quot;classic&quot;}\">\n\t\t\t\t<div class=\"elementor-element elementor-element-b33c482 elementor-invisible elementor-widget elementor-widget-heading\" data-id=\"b33c482\" data-element_type=\"widget\" data-settings=\"{&quot;_animation&quot;:&quot;fadeIn&quot;}\" data-widget_type=\"heading.default\">\n\t\t\t\t\t<h1 class=\"elementor-heading-title elementor-size-default\">\u062b\u0646\u0627\u0626\u064a<\/h1>\t\t\t\t<\/div>\n\t\t\t\t<\/div>\n\t\t<div class=\"elementor-element elementor-element-9d051e1 e-con-full e-flex e-con e-child\" data-id=\"9d051e1\" data-element_type=\"container\">\n\t\t\t\t<div class=\"elementor-element elementor-element-a3f3fa2 elementor-widget elementor-widget-text-editor\" data-id=\"a3f3fa2\" data-element_type=\"widget\" data-widget_type=\"text-editor.default\">\n\t\t\t\t\t\t\t\t\t<h2 data-start=\"183\" data-end=\"240\"><strong data-start=\"183\" data-end=\"238\">\u0627\u0642\u0628\u0636 \u0639\u0644\u0649 \u062a\u0648\u0627\u0637\u0626\u0643 \u0648\u062d\u0628\u0643.<\/strong><\/h2>\t\t\t\t\t\t\t\t<\/div>\n\t\t\t\t<div class=\"elementor-element elementor-element-1572a3a elementor-widget elementor-widget-text-editor\" data-id=\"1572a3a\" data-element_type=\"widget\" data-widget_type=\"text-editor.default\">\n\t\t\t\t\t\t\t\t\t<p data-start=\"177\" data-end=\"360\">\u062c\u0644\u0633\u0627\u062a \u0645\u0635\u0645\u0645\u0629 \u0644\u062a\u062e\u0644\u064a\u062f \u0627\u0644\u0639\u0644\u0627\u0642\u0629 \u0627\u0644\u0641\u0631\u064a\u062f\u0629 \u0628\u064a\u0646\u0643\u0645\u0627. \u0645\u0638\u0647\u0631 \u0645\u0646 \u0627\u0644\u062a\u0648\u0627\u0637\u0624 \u0648\u0627\u0644\u0625\u064a\u0645\u0627\u0621\u0627\u062a \u0627\u0644\u0631\u0642\u064a\u0642\u0629 \u0648\u0627\u0644\u0644\u062d\u0638\u0627\u062a \u0627\u0644\u0623\u0635\u064a\u0644\u0629. \u0645\u062b\u0627\u0644\u064a\u0629 \u0644\u0644\u0627\u062d\u062a\u0641\u0627\u0644 \u0628\u0642\u0635\u0629 \u062d\u0628\u0643\u0645\u0627 \u0645\u0646 \u062e\u0644\u0627\u0644 \u0635\u0648\u0631 \u0623\u0646\u064a\u0642\u0629 \u0648\u062e\u0627\u0644\u062f\u0629.<\/p>\t\t\t\t\t\t\t\t<\/div>\n\t\t\t\t<\/div>\n\t\t\t\t<\/div>\n\t\t<div class=\"elementor-element elementor-element-30dd79e e-flex e-con-boxed e-con e-parent\" data-id=\"30dd79e\" data-element_type=\"container\">\n\t\t\t\t\t<div class=\"e-con-inner\">\n\t\t\t\t<div class=\"elementor-element elementor-element-06b0e91 gallery-spacing-custom elementor-widget elementor-widget-image-gallery\" data-id=\"06b0e91\" data-element_type=\"widget\" data-widget_type=\"image-gallery.default\">\n\t\t\t\t\t\t\t<div class=\"elementor-image-gallery\">\n\t\t\t<div id='gallery-1' class='gallery galleryid-335 gallery-columns-4 gallery-size-full'><figure class='gallery-item'>\n\t\t\t<div class='gallery-icon portrait'>\n\t\t\t\t<a data-elementor-open-lightbox=\"yes\" data-elementor-lightbox-slideshow=\"06b0e91\" data-elementor-lightbox-title=\"WhatsApp Image 2026-02-27 at 14.30.09 (2)\" data-e-action-hash=\"#elementor-action%3Aaction%3Dlightbox%26settings%3DeyJpZCI6NTMyLCJ1cmwiOiJodHRwczpcL1wvcnVieXN0dWRpb21hcnJha2VjaC5jb21cL3dwLWNvbnRlbnRcL3VwbG9hZHNcLzIwMjZcLzAyXC9XaGF0c0FwcC1JbWFnZS0yMDI2LTAyLTI3LWF0LTE0LjMwLjA5LTIuanBlZyIsInNsaWRlc2hvdyI6IjA2YjBlOTEifQ%3D%3D\" href='https:\/\/rubystudiomarrakech.com\/wp-content\/uploads\/2026\/02\/WhatsApp-Image-2026-02-27-at-14.30.09-2.jpeg'><img fetchpriority=\"high\" decoding=\"async\" width=\"873\" height=\"1280\" src=\"https:\/\/rubystudiomarrakech.com\/wp-content\/uploads\/2026\/02\/WhatsApp-Image-2026-02-27-at-14.30.09-2.jpeg\" class=\"attachment-full size-full\" alt=\"\" srcset=\"https:\/\/rubystudiomarrakech.com\/wp-content\/uploads\/2026\/02\/WhatsApp-Image-2026-02-27-at-14.30.09-2.jpeg 873w, https:\/\/rubystudiomarrakech.com\/wp-content\/uploads\/2026\/02\/WhatsApp-Image-2026-02-27-at-14.30.09-2-205x300.jpeg 205w, https:\/\/rubystudiomarrakech.com\/wp-content\/uploads\/2026\/02\/WhatsApp-Image-2026-02-27-at-14.30.09-2-698x1024.jpeg 698w, https:\/\/rubystudiomarrakech.com\/wp-content\/uploads\/2026\/02\/WhatsApp-Image-2026-02-27-at-14.30.09-2-768x1126.jpeg 768w, https:\/\/rubystudiomarrakech.com\/wp-content\/uploads\/2026\/02\/WhatsApp-Image-2026-02-27-at-14.30.09-2-8x12.jpeg 8w\" sizes=\"(max-width: 873px) 100vw, 873px\" \/><\/a>\n\t\t\t<\/div><\/figure><figure class='gallery-item'>\n\t\t\t<div class='gallery-icon portrait'>\n\t\t\t\t<a data-elementor-open-lightbox=\"yes\" data-elementor-lightbox-slideshow=\"06b0e91\" data-elementor-lightbox-title=\"WhatsApp Image 2026-02-27 at 14.30.09 (1)\" data-e-action-hash=\"#elementor-action%3Aaction%3Dlightbox%26settings%3DeyJpZCI6NTMzLCJ1cmwiOiJodHRwczpcL1wvcnVieXN0dWRpb21hcnJha2VjaC5jb21cL3dwLWNvbnRlbnRcL3VwbG9hZHNcLzIwMjZcLzAyXC9XaGF0c0FwcC1JbWFnZS0yMDI2LTAyLTI3LWF0LTE0LjMwLjA5LTEuanBlZyIsInNsaWRlc2hvdyI6IjA2YjBlOTEifQ%3D%3D\" href='https:\/\/rubystudiomarrakech.com\/wp-content\/uploads\/2026\/02\/WhatsApp-Image-2026-02-27-at-14.30.09-1.jpeg'><img decoding=\"async\" width=\"931\" height=\"1280\" src=\"https:\/\/rubystudiomarrakech.com\/wp-content\/uploads\/2026\/02\/WhatsApp-Image-2026-02-27-at-14.30.09-1.jpeg\" class=\"attachment-full size-full\" alt=\"\" srcset=\"https:\/\/rubystudiomarrakech.com\/wp-content\/uploads\/2026\/02\/WhatsApp-Image-2026-02-27-at-14.30.09-1.jpeg 931w, https:\/\/rubystudiomarrakech.com\/wp-content\/uploads\/2026\/02\/WhatsApp-Image-2026-02-27-at-14.30.09-1-218x300.jpeg 218w, https:\/\/rubystudiomarrakech.com\/wp-content\/uploads\/2026\/02\/WhatsApp-Image-2026-02-27-at-14.30.09-1-745x1024.jpeg 745w, https:\/\/rubystudiomarrakech.com\/wp-content\/uploads\/2026\/02\/WhatsApp-Image-2026-02-27-at-14.30.09-1-768x1056.jpeg 768w, https:\/\/rubystudiomarrakech.com\/wp-content\/uploads\/2026\/02\/WhatsApp-Image-2026-02-27-at-14.30.09-1-9x12.jpeg 9w\" sizes=\"(max-width: 931px) 100vw, 931px\" \/><\/a>\n\t\t\t<\/div><\/figure><figure class='gallery-item'>\n\t\t\t<div class='gallery-icon portrait'>\n\t\t\t\t<a data-elementor-open-lightbox=\"yes\" data-elementor-lightbox-slideshow=\"06b0e91\" data-elementor-lightbox-title=\"WhatsApp Image 2026-02-27 at 14.30.09\" data-e-action-hash=\"#elementor-action%3Aaction%3Dlightbox%26settings%3DeyJpZCI6NTM0LCJ1cmwiOiJodHRwczpcL1wvcnVieXN0dWRpb21hcnJha2VjaC5jb21cL3dwLWNvbnRlbnRcL3VwbG9hZHNcLzIwMjZcLzAyXC9XaGF0c0FwcC1JbWFnZS0yMDI2LTAyLTI3LWF0LTE0LjMwLjA5LmpwZWciLCJzbGlkZXNob3ciOiIwNmIwZTkxIn0%3D\" href='https:\/\/rubystudiomarrakech.com\/wp-content\/uploads\/2026\/02\/WhatsApp-Image-2026-02-27-at-14.30.09.jpeg'><img decoding=\"async\" width=\"948\" height=\"1280\" src=\"https:\/\/rubystudiomarrakech.com\/wp-content\/uploads\/2026\/02\/WhatsApp-Image-2026-02-27-at-14.30.09.jpeg\" class=\"attachment-full size-full\" alt=\"\" srcset=\"https:\/\/rubystudiomarrakech.com\/wp-content\/uploads\/2026\/02\/WhatsApp-Image-2026-02-27-at-14.30.09.jpeg 948w, https:\/\/rubystudiomarrakech.com\/wp-content\/uploads\/2026\/02\/WhatsApp-Image-2026-02-27-at-14.30.09-222x300.jpeg 222w, https:\/\/rubystudiomarrakech.com\/wp-content\/uploads\/2026\/02\/WhatsApp-Image-2026-02-27-at-14.30.09-758x1024.jpeg 758w, https:\/\/rubystudiomarrakech.com\/wp-content\/uploads\/2026\/02\/WhatsApp-Image-2026-02-27-at-14.30.09-768x1037.jpeg 768w, https:\/\/rubystudiomarrakech.com\/wp-content\/uploads\/2026\/02\/WhatsApp-Image-2026-02-27-at-14.30.09-9x12.jpeg 9w\" sizes=\"(max-width: 948px) 100vw, 948px\" \/><\/a>\n\t\t\t<\/div><\/figure><figure class='gallery-item'>\n\t\t\t<div class='gallery-icon portrait'>\n\t\t\t\t<a data-elementor-open-lightbox=\"yes\" data-elementor-lightbox-slideshow=\"06b0e91\" data-elementor-lightbox-title=\"WhatsApp Image 2026-02-27 at 14.30.08 (2)\" data-e-action-hash=\"#elementor-action%3Aaction%3Dlightbox%26settings%3DeyJpZCI6NTM1LCJ1cmwiOiJodHRwczpcL1wvcnVieXN0dWRpb21hcnJha2VjaC5jb21cL3dwLWNvbnRlbnRcL3VwbG9hZHNcLzIwMjZcLzAyXC9XaGF0c0FwcC1JbWFnZS0yMDI2LTAyLTI3LWF0LTE0LjMwLjA4LTIuanBlZyIsInNsaWRlc2hvdyI6IjA2YjBlOTEifQ%3D%3D\" href='https:\/\/rubystudiomarrakech.com\/wp-content\/uploads\/2026\/02\/WhatsApp-Image-2026-02-27-at-14.30.08-2.jpeg'><img loading=\"lazy\" decoding=\"async\" width=\"932\" height=\"1280\" src=\"https:\/\/rubystudiomarrakech.com\/wp-content\/uploads\/2026\/02\/WhatsApp-Image-2026-02-27-at-14.30.08-2.jpeg\" class=\"attachment-full size-full\" alt=\"\" srcset=\"https:\/\/rubystudiomarrakech.com\/wp-content\/uploads\/2026\/02\/WhatsApp-Image-2026-02-27-at-14.30.08-2.jpeg 932w, https:\/\/rubystudiomarrakech.com\/wp-content\/uploads\/2026\/02\/WhatsApp-Image-2026-02-27-at-14.30.08-2-218x300.jpeg 218w, https:\/\/rubystudiomarrakech.com\/wp-content\/uploads\/2026\/02\/WhatsApp-Image-2026-02-27-at-14.30.08-2-746x1024.jpeg 746w, https:\/\/rubystudiomarrakech.com\/wp-content\/uploads\/2026\/02\/WhatsApp-Image-2026-02-27-at-14.30.08-2-768x1055.jpeg 768w, https:\/\/rubystudiomarrakech.com\/wp-content\/uploads\/2026\/02\/WhatsApp-Image-2026-02-27-at-14.30.08-2-9x12.jpeg 9w\" sizes=\"(max-width: 932px) 100vw, 932px\" \/><\/a>\n\t\t\t<\/div><\/figure><figure class='gallery-item'>\n\t\t\t<div class='gallery-icon portrait'>\n\t\t\t\t<a data-elementor-open-lightbox=\"yes\" data-elementor-lightbox-slideshow=\"06b0e91\" data-elementor-lightbox-title=\"d3dbb84ba03205b6fe5cc955090fa5f1\" data-e-action-hash=\"#elementor-action%3Aaction%3Dlightbox%26settings%3DeyJpZCI6NTY3LCJ1cmwiOiJodHRwczpcL1wvcnVieXN0dWRpb21hcnJha2VjaC5jb21cL3dwLWNvbnRlbnRcL3VwbG9hZHNcLzIwMjZcLzAzXC9kM2RiYjg0YmEwMzIwNWI2ZmU1Y2M5NTUwOTBmYTVmMS5qcGciLCJzbGlkZXNob3ciOiIwNmIwZTkxIn0%3D\" href='https:\/\/rubystudiomarrakech.com\/wp-content\/uploads\/2026\/03\/d3dbb84ba03205b6fe5cc955090fa5f1.jpg'><img loading=\"lazy\" decoding=\"async\" width=\"1200\" height=\"1500\" src=\"https:\/\/rubystudiomarrakech.com\/wp-content\/uploads\/2026\/03\/d3dbb84ba03205b6fe5cc955090fa5f1.jpg\" class=\"attachment-full size-full\" alt=\"\" srcset=\"https:\/\/rubystudiomarrakech.com\/wp-content\/uploads\/2026\/03\/d3dbb84ba03205b6fe5cc955090fa5f1.jpg 1200w, https:\/\/rubystudiomarrakech.com\/wp-content\/uploads\/2026\/03\/d3dbb84ba03205b6fe5cc955090fa5f1-240x300.jpg 240w, https:\/\/rubystudiomarrakech.com\/wp-content\/uploads\/2026\/03\/d3dbb84ba03205b6fe5cc955090fa5f1-819x1024.jpg 819w, https:\/\/rubystudiomarrakech.com\/wp-content\/uploads\/2026\/03\/d3dbb84ba03205b6fe5cc955090fa5f1-768x960.jpg 768w, https:\/\/rubystudiomarrakech.com\/wp-content\/uploads\/2026\/03\/d3dbb84ba03205b6fe5cc955090fa5f1-10x12.jpg 10w\" sizes=\"(max-width: 1200px) 100vw, 1200px\" \/><\/a>\n\t\t\t<\/div><\/figure><figure class='gallery-item'>\n\t\t\t<div class='gallery-icon portrait'>\n\t\t\t\t<a data-elementor-open-lightbox=\"yes\" data-elementor-lightbox-slideshow=\"06b0e91\" data-elementor-lightbox-title=\"ef9b7ff0f06a4fae1b8d4c2eaa756b7d\" data-e-action-hash=\"#elementor-action%3Aaction%3Dlightbox%26settings%3DeyJpZCI6NTY4LCJ1cmwiOiJodHRwczpcL1wvcnVieXN0dWRpb21hcnJha2VjaC5jb21cL3dwLWNvbnRlbnRcL3VwbG9hZHNcLzIwMjZcLzAzXC9lZjliN2ZmMGYwNmE0ZmFlMWI4ZDRjMmVhYTc1NmI3ZC5qcGciLCJzbGlkZXNob3ciOiIwNmIwZTkxIn0%3D\" href='https:\/\/rubystudiomarrakech.com\/wp-content\/uploads\/2026\/03\/ef9b7ff0f06a4fae1b8d4c2eaa756b7d.jpg'><img loading=\"lazy\" decoding=\"async\" width=\"1179\" height=\"1426\" src=\"https:\/\/rubystudiomarrakech.com\/wp-content\/uploads\/2026\/03\/ef9b7ff0f06a4fae1b8d4c2eaa756b7d.jpg\" class=\"attachment-full size-full\" alt=\"\" srcset=\"https:\/\/rubystudiomarrakech.com\/wp-content\/uploads\/2026\/03\/ef9b7ff0f06a4fae1b8d4c2eaa756b7d.jpg 1179w, https:\/\/rubystudiomarrakech.com\/wp-content\/uploads\/2026\/03\/ef9b7ff0f06a4fae1b8d4c2eaa756b7d-248x300.jpg 248w, https:\/\/rubystudiomarrakech.com\/wp-content\/uploads\/2026\/03\/ef9b7ff0f06a4fae1b8d4c2eaa756b7d-847x1024.jpg 847w, https:\/\/rubystudiomarrakech.com\/wp-content\/uploads\/2026\/03\/ef9b7ff0f06a4fae1b8d4c2eaa756b7d-768x929.jpg 768w, https:\/\/rubystudiomarrakech.com\/wp-content\/uploads\/2026\/03\/ef9b7ff0f06a4fae1b8d4c2eaa756b7d-10x12.jpg 10w\" sizes=\"(max-width: 1179px) 100vw, 1179px\" \/><\/a>\n\t\t\t<\/div><\/figure><figure class='gallery-item'>\n\t\t\t<div class='gallery-icon portrait'>\n\t\t\t\t<a data-elementor-open-lightbox=\"yes\" data-elementor-lightbox-slideshow=\"06b0e91\" data-elementor-lightbox-title=\"Screenshot\" data-e-action-hash=\"#elementor-action%3Aaction%3Dlightbox%26settings%3DeyJpZCI6NTY5LCJ1cmwiOiJodHRwczpcL1wvcnVieXN0dWRpb21hcnJha2VjaC5jb21cL3dwLWNvbnRlbnRcL3VwbG9hZHNcLzIwMjZcLzAzXC8xZDk1ZjYzNDM2MTEzNThiMDI2Y2M1MGRmMDEzY2U2Yy5qcGciLCJzbGlkZXNob3ciOiIwNmIwZTkxIn0%3D\" href='https:\/\/rubystudiomarrakech.com\/wp-content\/uploads\/2026\/03\/1d95f6343611358b026cc50df013ce6c.jpg'><img loading=\"lazy\" decoding=\"async\" width=\"794\" height=\"1196\" src=\"https:\/\/rubystudiomarrakech.com\/wp-content\/uploads\/2026\/03\/1d95f6343611358b026cc50df013ce6c.jpg\" class=\"attachment-full size-full\" alt=\"\" aria-describedby=\"gallery-1-569\" srcset=\"https:\/\/rubystudiomarrakech.com\/wp-content\/uploads\/2026\/03\/1d95f6343611358b026cc50df013ce6c.jpg 794w, https:\/\/rubystudiomarrakech.com\/wp-content\/uploads\/2026\/03\/1d95f6343611358b026cc50df013ce6c-199x300.jpg 199w, https:\/\/rubystudiomarrakech.com\/wp-content\/uploads\/2026\/03\/1d95f6343611358b026cc50df013ce6c-680x1024.jpg 680w, https:\/\/rubystudiomarrakech.com\/wp-content\/uploads\/2026\/03\/1d95f6343611358b026cc50df013ce6c-768x1157.jpg 768w, https:\/\/rubystudiomarrakech.com\/wp-content\/uploads\/2026\/03\/1d95f6343611358b026cc50df013ce6c-8x12.jpg 8w\" sizes=\"(max-width: 794px) 100vw, 794px\" \/><\/a>\n\t\t\t<\/div>\n\t\t\t\t<figcaption class='wp-caption-text gallery-caption' id='gallery-1-569'>\n\t\t\t\t\u0644\u0642\u0637\u0629 \u0634\u0627\u0634\u0629\n\t\t\t\t<\/figcaption><\/figure><figure class='gallery-item'>\n\t\t\t<div class='gallery-icon portrait'>\n\t\t\t\t<a data-elementor-open-lightbox=\"yes\" data-elementor-lightbox-slideshow=\"06b0e91\" data-elementor-lightbox-title=\"1032ed21803fe6ae582988410cc6c3ce\" data-e-action-hash=\"#elementor-action%3Aaction%3Dlightbox%26settings%3DeyJpZCI6NTcwLCJ1cmwiOiJodHRwczpcL1wvcnVieXN0dWRpb21hcnJha2VjaC5jb21cL3dwLWNvbnRlbnRcL3VwbG9hZHNcLzIwMjZcLzAzXC8xMDMyZWQyMTgwM2ZlNmFlNTgyOTg4NDEwY2M2YzNjZS5qcGciLCJzbGlkZXNob3ciOiIwNmIwZTkxIn0%3D\" href='https:\/\/rubystudiomarrakech.com\/wp-content\/uploads\/2026\/03\/1032ed21803fe6ae582988410cc6c3ce.jpg'><img loading=\"lazy\" decoding=\"async\" width=\"1080\" height=\"1854\" src=\"https:\/\/rubystudiomarrakech.com\/wp-content\/uploads\/2026\/03\/1032ed21803fe6ae582988410cc6c3ce.jpg\" class=\"attachment-full size-full\" alt=\"\" srcset=\"https:\/\/rubystudiomarrakech.com\/wp-content\/uploads\/2026\/03\/1032ed21803fe6ae582988410cc6c3ce.jpg 1080w, https:\/\/rubystudiomarrakech.com\/wp-content\/uploads\/2026\/03\/1032ed21803fe6ae582988410cc6c3ce-175x300.jpg 175w, https:\/\/rubystudiomarrakech.com\/wp-content\/uploads\/2026\/03\/1032ed21803fe6ae582988410cc6c3ce-597x1024.jpg 597w, https:\/\/rubystudiomarrakech.com\/wp-content\/uploads\/2026\/03\/1032ed21803fe6ae582988410cc6c3ce-768x1318.jpg 768w, https:\/\/rubystudiomarrakech.com\/wp-content\/uploads\/2026\/03\/1032ed21803fe6ae582988410cc6c3ce-895x1536.jpg 895w, https:\/\/rubystudiomarrakech.com\/wp-content\/uploads\/2026\/03\/1032ed21803fe6ae582988410cc6c3ce-7x12.jpg 7w\" sizes=\"(max-width: 1080px) 100vw, 1080px\" \/><\/a>\n\t\t\t<\/div><\/figure><figure class='gallery-item'>\n\t\t\t<div class='gallery-icon portrait'>\n\t\t\t\t<a data-elementor-open-lightbox=\"yes\" data-elementor-lightbox-slideshow=\"06b0e91\" data-elementor-lightbox-title=\"c17a53361d7e85f3be72a5bee958bad2\" data-e-action-hash=\"#elementor-action%3Aaction%3Dlightbox%26settings%3DeyJpZCI6NTcxLCJ1cmwiOiJodHRwczpcL1wvcnVieXN0dWRpb21hcnJha2VjaC5jb21cL3dwLWNvbnRlbnRcL3VwbG9hZHNcLzIwMjZcLzAzXC9jMTdhNTMzNjFkN2U4NWYzYmU3MmE1YmVlOTU4YmFkMi5qcGciLCJzbGlkZXNob3ciOiIwNmIwZTkxIn0%3D\" href='https:\/\/rubystudiomarrakech.com\/wp-content\/uploads\/2026\/03\/c17a53361d7e85f3be72a5bee958bad2.jpg'><img loading=\"lazy\" decoding=\"async\" width=\"736\" height=\"1104\" src=\"https:\/\/rubystudiomarrakech.com\/wp-content\/uploads\/2026\/03\/c17a53361d7e85f3be72a5bee958bad2.jpg\" class=\"attachment-full size-full\" alt=\"\" srcset=\"https:\/\/rubystudiomarrakech.com\/wp-content\/uploads\/2026\/03\/c17a53361d7e85f3be72a5bee958bad2.jpg 736w, https:\/\/rubystudiomarrakech.com\/wp-content\/uploads\/2026\/03\/c17a53361d7e85f3be72a5bee958bad2-200x300.jpg 200w, https:\/\/rubystudiomarrakech.com\/wp-content\/uploads\/2026\/03\/c17a53361d7e85f3be72a5bee958bad2-683x1024.jpg 683w, https:\/\/rubystudiomarrakech.com\/wp-content\/uploads\/2026\/03\/c17a53361d7e85f3be72a5bee958bad2-8x12.jpg 8w\" sizes=\"(max-width: 736px) 100vw, 736px\" \/><\/a>\n\t\t\t<\/div><\/figure>\n\t\t<\/div>\n\t\t<\/div>\n\t\t\t\t\t\t<\/div>\n\t\t\t\t\t<\/div>\n\t\t\t\t<\/div>\n\t\t\t\t<\/div>","protected":false},"excerpt":{"rendered":"<p>COUPLE Capturez votre complicit\u00e9 et votre amour. S\u00e9ances con\u00e7ues pour immortaliser la connexion unique entre vous deux. Regards complices, gestes tendres et moments authentiques. Id\u00e9al pour c\u00e9l\u00e9brer votre histoire d&rsquo;amour avec des photos \u00e9l\u00e9gantes et intemporelles. Screenshot<\/p>","protected":false},"author":2,"featured_media":0,"parent":86,"menu_order":0,"comment_status":"closed","ping_status":"closed","template":"","meta":{"_joinchat":[],"footnotes":""},"class_list":["post-335","page","type-page","status-publish","hentry"],"_links":{"self":[{"href":"https:\/\/rubystudiomarrakech.com\/ar\/wp-json\/wp\/v2\/pages\/335","targetHints":{"allow":["GET"]}}],"collection":[{"href":"https:\/\/rubystudiomarrakech.com\/ar\/wp-json\/wp\/v2\/pages"}],"about":[{"href":"https:\/\/rubystudiomarrakech.com\/ar\/wp-json\/wp\/v2\/types\/page"}],"author":[{"embeddable":true,"href":"https:\/\/rubystudiomarrakech.com\/ar\/wp-json\/wp\/v2\/users\/2"}],"replies":[{"embeddable":true,"href":"https:\/\/rubystudiomarrakech.com\/ar\/wp-json\/wp\/v2\/comments?post=335"}],"version-history":[{"count":13,"href":"https:\/\/rubystudiomarrakech.com\/ar\/wp-json\/wp\/v2\/pages\/335\/revisions"}],"predecessor-version":[{"id":574,"href":"https:\/\/rubystudiomarrakech.com\/ar\/wp-json\/wp\/v2\/pages\/335\/revisions\/574"}],"up":[{"embeddable":true,"href":"https:\/\/rubystudiomarrakech.com\/ar\/wp-json\/wp\/v2\/pages\/86"}],"wp:attachment":[{"href":"https:\/\/rubystudiomarrakech.com\/ar\/wp-json\/wp\/v2\/media?parent=335"}],"curies":[{"name":"wp","href":"https:\/\/api.w.org\/{rel}","templated":true}]}}