{"id":183,"date":"2025-11-29T22:00:53","date_gmt":"2025-11-29T22:00:53","guid":{"rendered":"https:\/\/rubystudiomarrakech.com\/?page_id=183"},"modified":"2026-03-01T23:24:49","modified_gmt":"2026-03-01T23:24:49","slug":"%d8%a3%d9%85%d9%87%d8%a7%d8%aa-%d9%88%d8%a3%d8%b7%d9%81%d8%a7%d9%84","status":"publish","type":"page","link":"https:\/\/rubystudiomarrakech.com\/ar\/%d8%aa%d8%ba%d8%b7%d9%8a%d8%a9\/%d8%a3%d9%85%d9%87%d8%a7%d8%aa-%d9%88%d8%a3%d8%b7%d9%81%d8%a7%d9%84\/","title":{"rendered":"\u0627\u0644\u0623\u0645\u0647\u0627\u062a \u0648\u0627\u0644\u0623\u0637\u0641\u0627\u0644"},"content":{"rendered":"<div data-elementor-type=\"wp-page\" data-elementor-id=\"183\" class=\"elementor elementor-183\" data-elementor-post-type=\"page\">\n\t\t\t\t<div class=\"elementor-element elementor-element-9b2984d e-con-full e-flex e-con e-parent\" data-id=\"9b2984d\" data-element_type=\"container\" data-settings=\"{&quot;background_background&quot;:&quot;classic&quot;}\">\n\t\t<div class=\"elementor-element elementor-element-67f5da5 e-con-full e-flex e-con e-child\" data-id=\"67f5da5\" data-element_type=\"container\" data-settings=\"{&quot;background_background&quot;:&quot;classic&quot;}\">\n\t\t\t\t<div class=\"elementor-element elementor-element-53f4cfb elementor-invisible elementor-widget elementor-widget-heading\" data-id=\"53f4cfb\" data-element_type=\"widget\" data-settings=\"{&quot;_animation&quot;:&quot;fadeIn&quot;}\" data-widget_type=\"heading.default\">\n\t\t\t\t\t<h1 class=\"elementor-heading-title elementor-size-default\">\u0627\u0644\u0623\u0645\u0647\u0627\u062a \u0648\u0627\u0644\u0623\u0637\u0641\u0627\u0644<\/h1>\t\t\t\t<\/div>\n\t\t\t\t<\/div>\n\t\t<div class=\"elementor-element elementor-element-8ed293e e-con-full e-flex e-con e-child\" data-id=\"8ed293e\" data-element_type=\"container\">\n\t\t\t\t<div class=\"elementor-element elementor-element-c1267bc elementor-widget elementor-widget-text-editor\" data-id=\"c1267bc\" data-element_type=\"widget\" data-widget_type=\"text-editor.default\">\n\t\t\t\t\t\t\t\t\t<h2>\u0644\u062d\u0638\u0627\u062a \u062d\u0645\u064a\u0645\u0629 \u0648\u0631\u0627\u0626\u0639\u0629 \u0628\u064a\u0646 \u0627\u0644\u0623\u0645 \u0648\u0637\u0641\u0644\u0647\u0627<\/h2>\t\t\t\t\t\t\t\t<\/div>\n\t\t\t\t<div class=\"elementor-element elementor-element-0979bc2 elementor-widget elementor-widget-text-editor\" data-id=\"0979bc2\" data-element_type=\"widget\" data-widget_type=\"text-editor.default\">\n\t\t\t\t\t\t\t\t\t<p>\u0644\u062d\u0638\u0627\u062a \u062d\u0646\u0648\u0646\u0629 \u0648\u062d\u0645\u064a\u0645\u0629 \u0628\u064a\u0646 \u0627\u0644\u0623\u0645 \u0648\u0627\u0644\u0637\u0641\u0644.<br data-start=\"1199\" data-end=\"1202\" \/>\u0623\u062c\u0648\u0627\u0621 \u0644\u0637\u064a\u0641\u0629 \u0648\u062f\u0627\u0641\u0626\u0629 \u0648\u0622\u0645\u0646\u0629 \u0644\u062a\u062e\u0644\u064a\u062f \u0644\u062d\u0638\u0627\u062a\u0643\u0645 \u0627\u0644\u0623\u0648\u0644\u0649 \u0645\u0639\u064b\u0627.<\/p>\t\t\t\t\t\t\t\t<\/div>\n\t\t\t\t<\/div>\n\t\t\t\t<\/div>\n\t\t<div class=\"elementor-element elementor-element-05bd8a5 e-flex e-con-boxed e-con e-parent\" data-id=\"05bd8a5\" data-element_type=\"container\">\n\t\t\t\t\t<div class=\"e-con-inner\">\n\t\t\t\t<div class=\"elementor-element elementor-element-636dc39 gallery-spacing-custom elementor-widget elementor-widget-image-gallery\" data-id=\"636dc39\" data-element_type=\"widget\" data-widget_type=\"image-gallery.default\">\n\t\t\t\t\t\t\t<div class=\"elementor-image-gallery\">\n\t\t\t<div id='gallery-1' class='gallery galleryid-183 gallery-columns-4 gallery-size-full'><figure class='gallery-item'>\n\t\t\t<div class='gallery-icon portrait'>\n\t\t\t\t<a data-elementor-open-lightbox=\"yes\" data-elementor-lightbox-slideshow=\"636dc39\" data-elementor-lightbox-title=\"Captura de pantalla 2025-11-29 a las 22.33.52\" data-e-action-hash=\"#elementor-action%3Aaction%3Dlightbox%26settings%3DeyJpZCI6MTMxLCJ1cmwiOiJodHRwczpcL1wvcnVieXN0dWRpb21hcnJha2VjaC5jb21cL3dwLWNvbnRlbnRcL3VwbG9hZHNcLzIwMjVcLzExXC9DYXB0dXJhLWRlLXBhbnRhbGxhLTIwMjUtMTEtMjktYS1sYXMtMjIuMzMuNTIucG5nIiwic2xpZGVzaG93IjoiNjM2ZGMzOSJ9\" href='https:\/\/rubystudiomarrakech.com\/wp-content\/uploads\/2025\/11\/Captura-de-pantalla-2025-11-29-a-las-22.33.52.png'><img fetchpriority=\"high\" decoding=\"async\" width=\"1660\" height=\"1894\" src=\"https:\/\/rubystudiomarrakech.com\/wp-content\/uploads\/2025\/11\/Captura-de-pantalla-2025-11-29-a-las-22.33.52.png\" class=\"attachment-full size-full\" alt=\"\" srcset=\"https:\/\/rubystudiomarrakech.com\/wp-content\/uploads\/2025\/11\/Captura-de-pantalla-2025-11-29-a-las-22.33.52.png 1660w, https:\/\/rubystudiomarrakech.com\/wp-content\/uploads\/2025\/11\/Captura-de-pantalla-2025-11-29-a-las-22.33.52-263x300.png 263w, https:\/\/rubystudiomarrakech.com\/wp-content\/uploads\/2025\/11\/Captura-de-pantalla-2025-11-29-a-las-22.33.52-897x1024.png 897w, https:\/\/rubystudiomarrakech.com\/wp-content\/uploads\/2025\/11\/Captura-de-pantalla-2025-11-29-a-las-22.33.52-768x876.png 768w, https:\/\/rubystudiomarrakech.com\/wp-content\/uploads\/2025\/11\/Captura-de-pantalla-2025-11-29-a-las-22.33.52-1346x1536.png 1346w\" sizes=\"(max-width: 1660px) 100vw, 1660px\" \/><\/a>\n\t\t\t<\/div><\/figure><figure class='gallery-item'>\n\t\t\t<div class='gallery-icon landscape'>\n\t\t\t\t<a data-elementor-open-lightbox=\"yes\" data-elementor-lightbox-slideshow=\"636dc39\" data-elementor-lightbox-title=\"Captura de pantalla 2025-11-29 a las 23.03.32\" data-e-action-hash=\"#elementor-action%3Aaction%3Dlightbox%26settings%3DeyJpZCI6MTkwLCJ1cmwiOiJodHRwczpcL1wvcnVieXN0dWRpb21hcnJha2VjaC5jb21cL3dwLWNvbnRlbnRcL3VwbG9hZHNcLzIwMjVcLzExXC9DYXB0dXJhLWRlLXBhbnRhbGxhLTIwMjUtMTEtMjktYS1sYXMtMjMuMDMuMzIucG5nIiwic2xpZGVzaG93IjoiNjM2ZGMzOSJ9\" href='https:\/\/rubystudiomarrakech.com\/wp-content\/uploads\/2025\/11\/Captura-de-pantalla-2025-11-29-a-las-23.03.32.png'><img decoding=\"async\" width=\"2022\" height=\"1642\" src=\"https:\/\/rubystudiomarrakech.com\/wp-content\/uploads\/2025\/11\/Captura-de-pantalla-2025-11-29-a-las-23.03.32.png\" class=\"attachment-full size-full\" alt=\"\" srcset=\"https:\/\/rubystudiomarrakech.com\/wp-content\/uploads\/2025\/11\/Captura-de-pantalla-2025-11-29-a-las-23.03.32.png 2022w, https:\/\/rubystudiomarrakech.com\/wp-content\/uploads\/2025\/11\/Captura-de-pantalla-2025-11-29-a-las-23.03.32-300x244.png 300w, https:\/\/rubystudiomarrakech.com\/wp-content\/uploads\/2025\/11\/Captura-de-pantalla-2025-11-29-a-las-23.03.32-1024x832.png 1024w, https:\/\/rubystudiomarrakech.com\/wp-content\/uploads\/2025\/11\/Captura-de-pantalla-2025-11-29-a-las-23.03.32-768x624.png 768w, https:\/\/rubystudiomarrakech.com\/wp-content\/uploads\/2025\/11\/Captura-de-pantalla-2025-11-29-a-las-23.03.32-1536x1247.png 1536w\" sizes=\"(max-width: 2022px) 100vw, 2022px\" \/><\/a>\n\t\t\t<\/div><\/figure><figure class='gallery-item'>\n\t\t\t<div class='gallery-icon portrait'>\n\t\t\t\t<a data-elementor-open-lightbox=\"yes\" data-elementor-lightbox-slideshow=\"636dc39\" data-elementor-lightbox-title=\"Captura de pantalla 2025-11-29 a las 23.04.03\" data-e-action-hash=\"#elementor-action%3Aaction%3Dlightbox%26settings%3DeyJpZCI6MTkxLCJ1cmwiOiJodHRwczpcL1wvcnVieXN0dWRpb21hcnJha2VjaC5jb21cL3dwLWNvbnRlbnRcL3VwbG9hZHNcLzIwMjVcLzExXC9DYXB0dXJhLWRlLXBhbnRhbGxhLTIwMjUtMTEtMjktYS1sYXMtMjMuMDQuMDMucG5nIiwic2xpZGVzaG93IjoiNjM2ZGMzOSJ9\" href='https:\/\/rubystudiomarrakech.com\/wp-content\/uploads\/2025\/11\/Captura-de-pantalla-2025-11-29-a-las-23.04.03.png'><img decoding=\"async\" width=\"1464\" height=\"1742\" src=\"https:\/\/rubystudiomarrakech.com\/wp-content\/uploads\/2025\/11\/Captura-de-pantalla-2025-11-29-a-las-23.04.03.png\" class=\"attachment-full size-full\" alt=\"\" srcset=\"https:\/\/rubystudiomarrakech.com\/wp-content\/uploads\/2025\/11\/Captura-de-pantalla-2025-11-29-a-las-23.04.03.png 1464w, https:\/\/rubystudiomarrakech.com\/wp-content\/uploads\/2025\/11\/Captura-de-pantalla-2025-11-29-a-las-23.04.03-252x300.png 252w, https:\/\/rubystudiomarrakech.com\/wp-content\/uploads\/2025\/11\/Captura-de-pantalla-2025-11-29-a-las-23.04.03-861x1024.png 861w, https:\/\/rubystudiomarrakech.com\/wp-content\/uploads\/2025\/11\/Captura-de-pantalla-2025-11-29-a-las-23.04.03-768x914.png 768w, https:\/\/rubystudiomarrakech.com\/wp-content\/uploads\/2025\/11\/Captura-de-pantalla-2025-11-29-a-las-23.04.03-1291x1536.png 1291w\" sizes=\"(max-width: 1464px) 100vw, 1464px\" \/><\/a>\n\t\t\t<\/div><\/figure><figure class='gallery-item'>\n\t\t\t<div class='gallery-icon landscape'>\n\t\t\t\t<a data-elementor-open-lightbox=\"yes\" data-elementor-lightbox-slideshow=\"636dc39\" data-elementor-lightbox-title=\"Captura de pantalla 2025-11-29 a las 23.04.09\" data-e-action-hash=\"#elementor-action%3Aaction%3Dlightbox%26settings%3DeyJpZCI6MTkyLCJ1cmwiOiJodHRwczpcL1wvcnVieXN0dWRpb21hcnJha2VjaC5jb21cL3dwLWNvbnRlbnRcL3VwbG9hZHNcLzIwMjVcLzExXC9DYXB0dXJhLWRlLXBhbnRhbGxhLTIwMjUtMTEtMjktYS1sYXMtMjMuMDQuMDkucG5nIiwic2xpZGVzaG93IjoiNjM2ZGMzOSJ9\" href='https:\/\/rubystudiomarrakech.com\/wp-content\/uploads\/2025\/11\/Captura-de-pantalla-2025-11-29-a-las-23.04.09.png'><img loading=\"lazy\" decoding=\"async\" width=\"1980\" height=\"1826\" src=\"https:\/\/rubystudiomarrakech.com\/wp-content\/uploads\/2025\/11\/Captura-de-pantalla-2025-11-29-a-las-23.04.09.png\" class=\"attachment-full size-full\" alt=\"\" srcset=\"https:\/\/rubystudiomarrakech.com\/wp-content\/uploads\/2025\/11\/Captura-de-pantalla-2025-11-29-a-las-23.04.09.png 1980w, https:\/\/rubystudiomarrakech.com\/wp-content\/uploads\/2025\/11\/Captura-de-pantalla-2025-11-29-a-las-23.04.09-300x277.png 300w, https:\/\/rubystudiomarrakech.com\/wp-content\/uploads\/2025\/11\/Captura-de-pantalla-2025-11-29-a-las-23.04.09-1024x944.png 1024w, https:\/\/rubystudiomarrakech.com\/wp-content\/uploads\/2025\/11\/Captura-de-pantalla-2025-11-29-a-las-23.04.09-768x708.png 768w, https:\/\/rubystudiomarrakech.com\/wp-content\/uploads\/2025\/11\/Captura-de-pantalla-2025-11-29-a-las-23.04.09-1536x1417.png 1536w\" sizes=\"(max-width: 1980px) 100vw, 1980px\" \/><\/a>\n\t\t\t<\/div><\/figure><figure class='gallery-item'>\n\t\t\t<div class='gallery-icon portrait'>\n\t\t\t\t<a data-elementor-open-lightbox=\"yes\" data-elementor-lightbox-slideshow=\"636dc39\" data-elementor-lightbox-title=\"Screenshot\" data-e-action-hash=\"#elementor-action%3Aaction%3Dlightbox%26settings%3DeyJpZCI6NTc1LCJ1cmwiOiJodHRwczpcL1wvcnVieXN0dWRpb21hcnJha2VjaC5jb21cL3dwLWNvbnRlbnRcL3VwbG9hZHNcLzIwMjZcLzAzXC83MDA0ZTMxODUzZWJlMDkxMWQ3ZDJkNzgxYzJmM2YzZC5qcGciLCJzbGlkZXNob3ciOiI2MzZkYzM5In0%3D\" href='https:\/\/rubystudiomarrakech.com\/wp-content\/uploads\/2026\/03\/7004e31853ebe0911d7d2d781c2f3f3d.jpg'><img loading=\"lazy\" decoding=\"async\" width=\"1199\" height=\"1486\" src=\"https:\/\/rubystudiomarrakech.com\/wp-content\/uploads\/2026\/03\/7004e31853ebe0911d7d2d781c2f3f3d.jpg\" class=\"attachment-full size-full\" alt=\"\" aria-describedby=\"gallery-1-575\" srcset=\"https:\/\/rubystudiomarrakech.com\/wp-content\/uploads\/2026\/03\/7004e31853ebe0911d7d2d781c2f3f3d.jpg 1199w, https:\/\/rubystudiomarrakech.com\/wp-content\/uploads\/2026\/03\/7004e31853ebe0911d7d2d781c2f3f3d-242x300.jpg 242w, https:\/\/rubystudiomarrakech.com\/wp-content\/uploads\/2026\/03\/7004e31853ebe0911d7d2d781c2f3f3d-826x1024.jpg 826w, https:\/\/rubystudiomarrakech.com\/wp-content\/uploads\/2026\/03\/7004e31853ebe0911d7d2d781c2f3f3d-768x952.jpg 768w, https:\/\/rubystudiomarrakech.com\/wp-content\/uploads\/2026\/03\/7004e31853ebe0911d7d2d781c2f3f3d-10x12.jpg 10w\" sizes=\"(max-width: 1199px) 100vw, 1199px\" \/><\/a>\n\t\t\t<\/div>\n\t\t\t\t<figcaption class='wp-caption-text gallery-caption' id='gallery-1-575'>\n\t\t\t\t\u0644\u0642\u0637\u0629 \u0634\u0627\u0634\u0629\n\t\t\t\t<\/figcaption><\/figure><figure class='gallery-item'>\n\t\t\t<div class='gallery-icon portrait'>\n\t\t\t\t<a data-elementor-open-lightbox=\"yes\" data-elementor-lightbox-slideshow=\"636dc39\" data-elementor-lightbox-title=\"ef73b5f831cdc15365d778adb4ef46b7\" data-e-action-hash=\"#elementor-action%3Aaction%3Dlightbox%26settings%3DeyJpZCI6NTc2LCJ1cmwiOiJodHRwczpcL1wvcnVieXN0dWRpb21hcnJha2VjaC5jb21cL3dwLWNvbnRlbnRcL3VwbG9hZHNcLzIwMjZcLzAzXC9lZjczYjVmODMxY2RjMTUzNjVkNzc4YWRiNGVmNDZiNy5qcGciLCJzbGlkZXNob3ciOiI2MzZkYzM5In0%3D\" href='https:\/\/rubystudiomarrakech.com\/wp-content\/uploads\/2026\/03\/ef73b5f831cdc15365d778adb4ef46b7.jpg'><img loading=\"lazy\" decoding=\"async\" width=\"1200\" height=\"1499\" src=\"https:\/\/rubystudiomarrakech.com\/wp-content\/uploads\/2026\/03\/ef73b5f831cdc15365d778adb4ef46b7.jpg\" class=\"attachment-full size-full\" alt=\"\" srcset=\"https:\/\/rubystudiomarrakech.com\/wp-content\/uploads\/2026\/03\/ef73b5f831cdc15365d778adb4ef46b7.jpg 1200w, https:\/\/rubystudiomarrakech.com\/wp-content\/uploads\/2026\/03\/ef73b5f831cdc15365d778adb4ef46b7-240x300.jpg 240w, https:\/\/rubystudiomarrakech.com\/wp-content\/uploads\/2026\/03\/ef73b5f831cdc15365d778adb4ef46b7-820x1024.jpg 820w, https:\/\/rubystudiomarrakech.com\/wp-content\/uploads\/2026\/03\/ef73b5f831cdc15365d778adb4ef46b7-768x959.jpg 768w, https:\/\/rubystudiomarrakech.com\/wp-content\/uploads\/2026\/03\/ef73b5f831cdc15365d778adb4ef46b7-10x12.jpg 10w\" sizes=\"(max-width: 1200px) 100vw, 1200px\" \/><\/a>\n\t\t\t<\/div><\/figure><figure class='gallery-item'>\n\t\t\t<div class='gallery-icon portrait'>\n\t\t\t\t<a data-elementor-open-lightbox=\"yes\" data-elementor-lightbox-slideshow=\"636dc39\" data-elementor-lightbox-title=\"d07ead62093ad390ade72ad5878a20eb\" data-e-action-hash=\"#elementor-action%3Aaction%3Dlightbox%26settings%3DeyJpZCI6NTgxLCJ1cmwiOiJodHRwczpcL1wvcnVieXN0dWRpb21hcnJha2VjaC5jb21cL3dwLWNvbnRlbnRcL3VwbG9hZHNcLzIwMjZcLzAzXC9kMDdlYWQ2MjA5M2FkMzkwYWRlNzJhZDU4NzhhMjBlYi5qcGciLCJzbGlkZXNob3ciOiI2MzZkYzM5In0%3D\" href='https:\/\/rubystudiomarrakech.com\/wp-content\/uploads\/2026\/03\/d07ead62093ad390ade72ad5878a20eb.jpg'><img loading=\"lazy\" decoding=\"async\" width=\"1200\" height=\"1499\" src=\"https:\/\/rubystudiomarrakech.com\/wp-content\/uploads\/2026\/03\/d07ead62093ad390ade72ad5878a20eb.jpg\" class=\"attachment-full size-full\" alt=\"\" srcset=\"https:\/\/rubystudiomarrakech.com\/wp-content\/uploads\/2026\/03\/d07ead62093ad390ade72ad5878a20eb.jpg 1200w, https:\/\/rubystudiomarrakech.com\/wp-content\/uploads\/2026\/03\/d07ead62093ad390ade72ad5878a20eb-240x300.jpg 240w, https:\/\/rubystudiomarrakech.com\/wp-content\/uploads\/2026\/03\/d07ead62093ad390ade72ad5878a20eb-820x1024.jpg 820w, https:\/\/rubystudiomarrakech.com\/wp-content\/uploads\/2026\/03\/d07ead62093ad390ade72ad5878a20eb-768x959.jpg 768w, https:\/\/rubystudiomarrakech.com\/wp-content\/uploads\/2026\/03\/d07ead62093ad390ade72ad5878a20eb-10x12.jpg 10w\" sizes=\"(max-width: 1200px) 100vw, 1200px\" \/><\/a>\n\t\t\t<\/div><\/figure><figure class='gallery-item'>\n\t\t\t<div class='gallery-icon portrait'>\n\t\t\t\t<a data-elementor-open-lightbox=\"yes\" data-elementor-lightbox-slideshow=\"636dc39\" data-elementor-lightbox-title=\"fdbd765ead98c3389149cd1e21d86382\" data-e-action-hash=\"#elementor-action%3Aaction%3Dlightbox%26settings%3DeyJpZCI6NTc3LCJ1cmwiOiJodHRwczpcL1wvcnVieXN0dWRpb21hcnJha2VjaC5jb21cL3dwLWNvbnRlbnRcL3VwbG9hZHNcLzIwMjZcLzAzXC9mZGJkNzY1ZWFkOThjMzM4OTE0OWNkMWUyMWQ4NjM4Mi5qcGciLCJzbGlkZXNob3ciOiI2MzZkYzM5In0%3D\" href='https:\/\/rubystudiomarrakech.com\/wp-content\/uploads\/2026\/03\/fdbd765ead98c3389149cd1e21d86382.jpg'><img loading=\"lazy\" decoding=\"async\" width=\"828\" height=\"1244\" src=\"https:\/\/rubystudiomarrakech.com\/wp-content\/uploads\/2026\/03\/fdbd765ead98c3389149cd1e21d86382.jpg\" class=\"attachment-full size-full\" alt=\"\" srcset=\"https:\/\/rubystudiomarrakech.com\/wp-content\/uploads\/2026\/03\/fdbd765ead98c3389149cd1e21d86382.jpg 828w, https:\/\/rubystudiomarrakech.com\/wp-content\/uploads\/2026\/03\/fdbd765ead98c3389149cd1e21d86382-200x300.jpg 200w, https:\/\/rubystudiomarrakech.com\/wp-content\/uploads\/2026\/03\/fdbd765ead98c3389149cd1e21d86382-682x1024.jpg 682w, https:\/\/rubystudiomarrakech.com\/wp-content\/uploads\/2026\/03\/fdbd765ead98c3389149cd1e21d86382-768x1154.jpg 768w, https:\/\/rubystudiomarrakech.com\/wp-content\/uploads\/2026\/03\/fdbd765ead98c3389149cd1e21d86382-8x12.jpg 8w\" sizes=\"(max-width: 828px) 100vw, 828px\" \/><\/a>\n\t\t\t<\/div><\/figure><figure class='gallery-item'>\n\t\t\t<div class='gallery-icon portrait'>\n\t\t\t\t<a data-elementor-open-lightbox=\"yes\" data-elementor-lightbox-slideshow=\"636dc39\" data-elementor-lightbox-title=\"30d3955c9eb4e4284b908fba4a71e02c\" data-e-action-hash=\"#elementor-action%3Aaction%3Dlightbox%26settings%3DeyJpZCI6NTc5LCJ1cmwiOiJodHRwczpcL1wvcnVieXN0dWRpb21hcnJha2VjaC5jb21cL3dwLWNvbnRlbnRcL3VwbG9hZHNcLzIwMjZcLzAzXC8zMGQzOTU1YzllYjRlNDI4NGI5MDhmYmE0YTcxZTAyYy5qcGciLCJzbGlkZXNob3ciOiI2MzZkYzM5In0%3D\" href='https:\/\/rubystudiomarrakech.com\/wp-content\/uploads\/2026\/03\/30d3955c9eb4e4284b908fba4a71e02c.jpg'><img loading=\"lazy\" decoding=\"async\" width=\"828\" height=\"1244\" src=\"https:\/\/rubystudiomarrakech.com\/wp-content\/uploads\/2026\/03\/30d3955c9eb4e4284b908fba4a71e02c.jpg\" class=\"attachment-full size-full\" alt=\"\" srcset=\"https:\/\/rubystudiomarrakech.com\/wp-content\/uploads\/2026\/03\/30d3955c9eb4e4284b908fba4a71e02c.jpg 828w, https:\/\/rubystudiomarrakech.com\/wp-content\/uploads\/2026\/03\/30d3955c9eb4e4284b908fba4a71e02c-200x300.jpg 200w, https:\/\/rubystudiomarrakech.com\/wp-content\/uploads\/2026\/03\/30d3955c9eb4e4284b908fba4a71e02c-682x1024.jpg 682w, https:\/\/rubystudiomarrakech.com\/wp-content\/uploads\/2026\/03\/30d3955c9eb4e4284b908fba4a71e02c-768x1154.jpg 768w, https:\/\/rubystudiomarrakech.com\/wp-content\/uploads\/2026\/03\/30d3955c9eb4e4284b908fba4a71e02c-8x12.jpg 8w\" sizes=\"(max-width: 828px) 100vw, 828px\" \/><\/a>\n\t\t\t<\/div><\/figure><figure class='gallery-item'>\n\t\t\t<div class='gallery-icon portrait'>\n\t\t\t\t<a data-elementor-open-lightbox=\"yes\" data-elementor-lightbox-slideshow=\"636dc39\" data-elementor-lightbox-title=\"3\" data-e-action-hash=\"#elementor-action%3Aaction%3Dlightbox%26settings%3DeyJpZCI6NTc4LCJ1cmwiOiJodHRwczpcL1wvcnVieXN0dWRpb21hcnJha2VjaC5jb21cL3dwLWNvbnRlbnRcL3VwbG9hZHNcLzIwMjZcLzAzXC8zLmpwZyIsInNsaWRlc2hvdyI6IjYzNmRjMzkifQ%3D%3D\" href='https:\/\/rubystudiomarrakech.com\/wp-content\/uploads\/2026\/03\/3.jpg'><img loading=\"lazy\" decoding=\"async\" width=\"853\" height=\"1280\" src=\"https:\/\/rubystudiomarrakech.com\/wp-content\/uploads\/2026\/03\/3.jpg\" class=\"attachment-full size-full\" alt=\"\" srcset=\"https:\/\/rubystudiomarrakech.com\/wp-content\/uploads\/2026\/03\/3.jpg 853w, https:\/\/rubystudiomarrakech.com\/wp-content\/uploads\/2026\/03\/3-200x300.jpg 200w, https:\/\/rubystudiomarrakech.com\/wp-content\/uploads\/2026\/03\/3-682x1024.jpg 682w, https:\/\/rubystudiomarrakech.com\/wp-content\/uploads\/2026\/03\/3-768x1152.jpg 768w, https:\/\/rubystudiomarrakech.com\/wp-content\/uploads\/2026\/03\/3-8x12.jpg 8w\" sizes=\"(max-width: 853px) 100vw, 853px\" \/><\/a>\n\t\t\t<\/div><\/figure><figure class='gallery-item'>\n\t\t\t<div class='gallery-icon portrait'>\n\t\t\t\t<a data-elementor-open-lightbox=\"yes\" data-elementor-lightbox-slideshow=\"636dc39\" data-elementor-lightbox-title=\"b0a6e4108af52fb99c40b6a256f222e2\" data-e-action-hash=\"#elementor-action%3Aaction%3Dlightbox%26settings%3DeyJpZCI6NTgwLCJ1cmwiOiJodHRwczpcL1wvcnVieXN0dWRpb21hcnJha2VjaC5jb21cL3dwLWNvbnRlbnRcL3VwbG9hZHNcLzIwMjZcLzAzXC9iMGE2ZTQxMDhhZjUyZmI5OWM0MGI2YTI1NmYyMjJlMi5qcGciLCJzbGlkZXNob3ciOiI2MzZkYzM5In0%3D\" href='https:\/\/rubystudiomarrakech.com\/wp-content\/uploads\/2026\/03\/b0a6e4108af52fb99c40b6a256f222e2.jpg'><img loading=\"lazy\" decoding=\"async\" width=\"800\" height=\"1200\" src=\"https:\/\/rubystudiomarrakech.com\/wp-content\/uploads\/2026\/03\/b0a6e4108af52fb99c40b6a256f222e2.jpg\" class=\"attachment-full size-full\" alt=\"\" srcset=\"https:\/\/rubystudiomarrakech.com\/wp-content\/uploads\/2026\/03\/b0a6e4108af52fb99c40b6a256f222e2.jpg 800w, https:\/\/rubystudiomarrakech.com\/wp-content\/uploads\/2026\/03\/b0a6e4108af52fb99c40b6a256f222e2-200x300.jpg 200w, https:\/\/rubystudiomarrakech.com\/wp-content\/uploads\/2026\/03\/b0a6e4108af52fb99c40b6a256f222e2-683x1024.jpg 683w, https:\/\/rubystudiomarrakech.com\/wp-content\/uploads\/2026\/03\/b0a6e4108af52fb99c40b6a256f222e2-768x1152.jpg 768w, https:\/\/rubystudiomarrakech.com\/wp-content\/uploads\/2026\/03\/b0a6e4108af52fb99c40b6a256f222e2-8x12.jpg 8w\" sizes=\"(max-width: 800px) 100vw, 800px\" \/><\/a>\n\t\t\t<\/div><\/figure>\n\t\t<\/div>\n\t\t<\/div>\n\t\t\t\t\t\t<\/div>\n\t\t\t\t\t<\/div>\n\t\t\t\t<\/div>\n\t\t<div class=\"elementor-element elementor-element-e98e984 e-con-full e-flex e-con e-parent\" data-id=\"e98e984\" data-element_type=\"container\" data-settings=\"{&quot;background_background&quot;:&quot;classic&quot;}\">\n\t\t<div class=\"elementor-element elementor-element-5a4451e e-con-full e-flex e-con e-child\" data-id=\"5a4451e\" data-element_type=\"container\">\n\t\t\t\t<div class=\"elementor-element elementor-element-7ddc442 elementor-invisible elementor-widget elementor-widget-heading\" data-id=\"7ddc442\" data-element_type=\"widget\" data-settings=\"{&quot;_animation&quot;:&quot;fadeIn&quot;}\" data-widget_type=\"heading.default\">\n\t\t\t\t\t<h2 class=\"elementor-heading-title elementor-size-default\">\u0627\u062a\u0635\u0644 \u0628\u0646\u0627<\/h2>\t\t\t\t<\/div>\n\t\t\t\t<div class=\"elementor-element elementor-element-171588a elementor-widget__width-initial elementor-widget-mobile__width-inherit elementor-widget elementor-widget-text-editor\" data-id=\"171588a\" data-element_type=\"widget\" data-widget_type=\"text-editor.default\">\n\t\t\t\t\t\t\t\t\t<p data-start=\"160\" data-end=\"325\"><strong data-start=\"160\" data-end=\"325\">\u0647\u0630\u0647 \u0641\u0631\u0635\u062a\u0643 \u0644\u062f\u0639\u0648\u0629 \u0632\u0648\u0627\u0631 \u0645\u0648\u0642\u0639\u0643 \u0625\u0644\u0649 \u0627\u0644\u0627\u062a\u0635\u0627\u0644 \u0628\u0643.<br data-start=\"224\" data-end=\"227\" \/>\u0623\u062e\u0628\u0631\u0647\u0645 \u0623\u0646\u0643 \u0633\u062a\u0643\u0648\u0646 \u0633\u0639\u064a\u062f\u064b\u0627 \u0628\u0627\u0644\u0625\u062c\u0627\u0628\u0629 \u0639\u0644\u0649 \u062c\u0645\u064a\u0639 \u0623\u0633\u0626\u0644\u062a\u0647\u0645 \u0641\u064a \u0623\u0642\u0631\u0628 \u0648\u0642\u062a \u0645\u0645\u0643\u0646.<\/strong><\/p>\t\t\t\t\t\t\t\t<\/div>\n\t\t\t\t<div class=\"elementor-element elementor-element-d0633d1 elementor-align-left elementor-mobile-align-center elementor-widget elementor-widget-button\" data-id=\"d0633d1\" data-element_type=\"widget\" data-widget_type=\"button.default\">\n\t\t\t\t\t\t\t\t\t\t<a class=\"elementor-button elementor-button-link elementor-size-sm elementor-animation-hang\" href=\"https:\/\/api.whatsapp.com\/send\/?phone=212702938354&#038;text&#038;type=phone_number&#038;app_absent=0\">\n\t\t\t\t\t\t<span class=\"elementor-button-content-wrapper\">\n\t\t\t\t\t\t\t\t\t<span class=\"elementor-button-text\">\u0627\u062a\u0635\u0644 \u0628\u0640 Ruby Studio \u27f6<\/span>\n\t\t\t\t\t<\/span>\n\t\t\t\t\t<\/a>\n\t\t\t\t\t\t\t\t<\/div>\n\t\t\t\t<\/div>\n\t\t<div class=\"elementor-element elementor-element-449583c e-con-full e-flex e-con e-child\" data-id=\"449583c\" data-element_type=\"container\" data-settings=\"{&quot;background_background&quot;:&quot;classic&quot;}\">\n\t\t\t\t<\/div>\n\t\t\t\t<\/div>\n\t\t\t\t<\/div>","protected":false},"excerpt":{"rendered":"<p>Mamans &amp; B\u00e9b\u00e9s Des instants doux et intimes entre maman et b\u00e9b\u00e9 Instants tendres et intimes entre maman et b\u00e9b\u00e9.Une ambiance douce, chaleureuse et s\u00e9curis\u00e9e pour capturer vos premiers moments ensemble. Screenshot Contactez-nous C\u2019est votre occasion d\u2019inviter vos visiteurs \u00e0 vous contacter.Dites-leur que vous serez ravie de r\u00e9pondre \u00e0 toutes leurs questions dans les plus [&hellip;]<\/p>","protected":false},"author":2,"featured_media":0,"parent":86,"menu_order":0,"comment_status":"closed","ping_status":"closed","template":"","meta":{"_joinchat":[],"footnotes":""},"class_list":["post-183","page","type-page","status-publish","hentry"],"_links":{"self":[{"href":"https:\/\/rubystudiomarrakech.com\/ar\/wp-json\/wp\/v2\/pages\/183","targetHints":{"allow":["GET"]}}],"collection":[{"href":"https:\/\/rubystudiomarrakech.com\/ar\/wp-json\/wp\/v2\/pages"}],"about":[{"href":"https:\/\/rubystudiomarrakech.com\/ar\/wp-json\/wp\/v2\/types\/page"}],"author":[{"embeddable":true,"href":"https:\/\/rubystudiomarrakech.com\/ar\/wp-json\/wp\/v2\/users\/2"}],"replies":[{"embeddable":true,"href":"https:\/\/rubystudiomarrakech.com\/ar\/wp-json\/wp\/v2\/comments?post=183"}],"version-history":[{"count":19,"href":"https:\/\/rubystudiomarrakech.com\/ar\/wp-json\/wp\/v2\/pages\/183\/revisions"}],"predecessor-version":[{"id":587,"href":"https:\/\/rubystudiomarrakech.com\/ar\/wp-json\/wp\/v2\/pages\/183\/revisions\/587"}],"up":[{"embeddable":true,"href":"https:\/\/rubystudiomarrakech.com\/ar\/wp-json\/wp\/v2\/pages\/86"}],"wp:attachment":[{"href":"https:\/\/rubystudiomarrakech.com\/ar\/wp-json\/wp\/v2\/media?parent=183"}],"curies":[{"name":"wp","href":"https:\/\/api.w.org\/{rel}","templated":true}]}}