{"id":179,"date":"2025-11-29T21:59:37","date_gmt":"2025-11-29T21:59:37","guid":{"rendered":"https:\/\/rubystudiomarrakech.com\/?page_id=179"},"modified":"2026-02-27T16:22:46","modified_gmt":"2026-02-27T16:22:46","slug":"%d8%a7%d9%84%d8%ad%d9%85%d9%84","status":"publish","type":"page","link":"https:\/\/rubystudiomarrakech.com\/ar\/%d8%aa%d8%ba%d8%b7%d9%8a%d8%a9\/%d8%a7%d9%84%d8%ad%d9%85%d9%84\/","title":{"rendered":"\u0627\u0644\u062d\u0645\u0644"},"content":{"rendered":"<div data-elementor-type=\"wp-page\" data-elementor-id=\"179\" class=\"elementor elementor-179\" data-elementor-post-type=\"page\">\n\t\t\t\t<div class=\"elementor-element elementor-element-862d3f6 e-con-full e-flex e-con e-parent\" data-id=\"862d3f6\" data-element_type=\"container\" data-settings=\"{&quot;background_background&quot;:&quot;classic&quot;}\">\n\t\t<div class=\"elementor-element elementor-element-bf98e2e e-con-full e-flex e-con e-child\" data-id=\"bf98e2e\" data-element_type=\"container\" data-settings=\"{&quot;background_background&quot;:&quot;classic&quot;}\">\n\t\t\t\t<div class=\"elementor-element elementor-element-55e51c9 elementor-invisible elementor-widget elementor-widget-heading\" data-id=\"55e51c9\" data-element_type=\"widget\" data-settings=\"{&quot;_animation&quot;:&quot;fadeIn&quot;}\" data-widget_type=\"heading.default\">\n\t\t\t\t\t<h1 class=\"elementor-heading-title elementor-size-default\">\u0627\u0644\u062d\u0645\u0644<\/h1>\t\t\t\t<\/div>\n\t\t\t\t<\/div>\n\t\t<div class=\"elementor-element elementor-element-1cda8af e-con-full e-flex e-con e-child\" data-id=\"1cda8af\" data-element_type=\"container\">\n\t\t\t\t<div class=\"elementor-element elementor-element-597bcb6 elementor-widget elementor-widget-text-editor\" data-id=\"597bcb6\" data-element_type=\"widget\" data-widget_type=\"text-editor.default\">\n\t\t\t\t\t\t\t\t\t<h2>\u0644\u062d\u0638\u0627\u062a \u062d\u0645\u064a\u0645\u0629 \u0648\u0631\u0627\u0626\u0639\u0629 \u0628\u064a\u0646 \u0627\u0644\u0623\u0645 \u0648\u0637\u0641\u0644\u0647\u0627<\/h2>\t\t\t\t\t\t\t\t<\/div>\n\t\t\t\t<div class=\"elementor-element elementor-element-073e29e elementor-widget elementor-widget-text-editor\" data-id=\"073e29e\" data-element_type=\"widget\" data-widget_type=\"text-editor.default\">\n\t\t\t\t\t\t\t\t\t<p data-start=\"177\" data-end=\"360\">\u062c\u0644\u0633\u0629 \u0645\u0635\u0645\u0645\u0629 \u0644\u0644\u0627\u062d\u062a\u0641\u0627\u0644 \u0628\u062c\u0645\u0627\u0644 \u0648\u0631\u0648\u0639\u0629 \u0623\u0645\u0648\u0645\u062a\u0643. \u0646\u0644\u062a\u0642\u0637 \u0643\u0644 \u0627\u0644\u062a\u0641\u0627\u0635\u064a\u0644 \u0628\u062f\u0642\u0629\u060c \u0644\u0646\u062e\u0644\u0642 \u0630\u0643\u0631\u064a\u0627\u062a \u062d\u0642\u064a\u0642\u064a\u0629 \u0648\u062e\u0627\u0644\u062f\u0629.<\/p>\t\t\t\t\t\t\t\t<\/div>\n\t\t\t\t<\/div>\n\t\t\t\t<\/div>\n\t\t<div class=\"elementor-element elementor-element-a3aa103 e-flex e-con-boxed e-con e-parent\" data-id=\"a3aa103\" data-element_type=\"container\">\n\t\t\t\t\t<div class=\"e-con-inner\">\n\t\t\t\t<div class=\"elementor-element elementor-element-1c4a050 gallery-spacing-custom elementor-widget elementor-widget-image-gallery\" data-id=\"1c4a050\" data-element_type=\"widget\" data-widget_type=\"image-gallery.default\">\n\t\t\t\t\t\t\t<div class=\"elementor-image-gallery\">\n\t\t\t<div id='gallery-1' class='gallery galleryid-179 gallery-columns-4 gallery-size-full'><figure class='gallery-item'>\n\t\t\t<div class='gallery-icon portrait'>\n\t\t\t\t<a data-elementor-open-lightbox=\"yes\" data-elementor-lightbox-slideshow=\"1c4a050\" data-elementor-lightbox-title=\"WhatsApp Image 2026-02-27 at 14.27.35\" data-e-action-hash=\"#elementor-action%3Aaction%3Dlightbox%26settings%3DeyJpZCI6NTE4LCJ1cmwiOiJodHRwczpcL1wvcnVieXN0dWRpb21hcnJha2VjaC5jb21cL3dwLWNvbnRlbnRcL3VwbG9hZHNcLzIwMjZcLzAyXC9XaGF0c0FwcC1JbWFnZS0yMDI2LTAyLTI3LWF0LTE0LjI3LjM1LmpwZWciLCJzbGlkZXNob3ciOiIxYzRhMDUwIn0%3D\" href='https:\/\/rubystudiomarrakech.com\/wp-content\/uploads\/2026\/02\/WhatsApp-Image-2026-02-27-at-14.27.35.jpeg'><img fetchpriority=\"high\" decoding=\"async\" width=\"1263\" height=\"1280\" src=\"https:\/\/rubystudiomarrakech.com\/wp-content\/uploads\/2026\/02\/WhatsApp-Image-2026-02-27-at-14.27.35.jpeg\" class=\"attachment-full size-full\" alt=\"\" srcset=\"https:\/\/rubystudiomarrakech.com\/wp-content\/uploads\/2026\/02\/WhatsApp-Image-2026-02-27-at-14.27.35.jpeg 1263w, https:\/\/rubystudiomarrakech.com\/wp-content\/uploads\/2026\/02\/WhatsApp-Image-2026-02-27-at-14.27.35-296x300.jpeg 296w, https:\/\/rubystudiomarrakech.com\/wp-content\/uploads\/2026\/02\/WhatsApp-Image-2026-02-27-at-14.27.35-1010x1024.jpeg 1010w, https:\/\/rubystudiomarrakech.com\/wp-content\/uploads\/2026\/02\/WhatsApp-Image-2026-02-27-at-14.27.35-768x778.jpeg 768w, https:\/\/rubystudiomarrakech.com\/wp-content\/uploads\/2026\/02\/WhatsApp-Image-2026-02-27-at-14.27.35-12x12.jpeg 12w\" sizes=\"(max-width: 1263px) 100vw, 1263px\" \/><\/a>\n\t\t\t<\/div><\/figure><figure class='gallery-item'>\n\t\t\t<div class='gallery-icon portrait'>\n\t\t\t\t<a data-elementor-open-lightbox=\"yes\" data-elementor-lightbox-slideshow=\"1c4a050\" data-elementor-lightbox-title=\"WhatsApp Image 2026-02-27 at 14.27.43\" data-e-action-hash=\"#elementor-action%3Aaction%3Dlightbox%26settings%3DeyJpZCI6NTE5LCJ1cmwiOiJodHRwczpcL1wvcnVieXN0dWRpb21hcnJha2VjaC5jb21cL3dwLWNvbnRlbnRcL3VwbG9hZHNcLzIwMjZcLzAyXC9XaGF0c0FwcC1JbWFnZS0yMDI2LTAyLTI3LWF0LTE0LjI3LjQzLmpwZWciLCJzbGlkZXNob3ciOiIxYzRhMDUwIn0%3D\" href='https:\/\/rubystudiomarrakech.com\/wp-content\/uploads\/2026\/02\/WhatsApp-Image-2026-02-27-at-14.27.43.jpeg'><img decoding=\"async\" width=\"1243\" height=\"1280\" src=\"https:\/\/rubystudiomarrakech.com\/wp-content\/uploads\/2026\/02\/WhatsApp-Image-2026-02-27-at-14.27.43.jpeg\" class=\"attachment-full size-full\" alt=\"\" srcset=\"https:\/\/rubystudiomarrakech.com\/wp-content\/uploads\/2026\/02\/WhatsApp-Image-2026-02-27-at-14.27.43.jpeg 1243w, https:\/\/rubystudiomarrakech.com\/wp-content\/uploads\/2026\/02\/WhatsApp-Image-2026-02-27-at-14.27.43-291x300.jpeg 291w, https:\/\/rubystudiomarrakech.com\/wp-content\/uploads\/2026\/02\/WhatsApp-Image-2026-02-27-at-14.27.43-994x1024.jpeg 994w, https:\/\/rubystudiomarrakech.com\/wp-content\/uploads\/2026\/02\/WhatsApp-Image-2026-02-27-at-14.27.43-768x791.jpeg 768w, https:\/\/rubystudiomarrakech.com\/wp-content\/uploads\/2026\/02\/WhatsApp-Image-2026-02-27-at-14.27.43-12x12.jpeg 12w\" sizes=\"(max-width: 1243px) 100vw, 1243px\" \/><\/a>\n\t\t\t<\/div><\/figure><figure class='gallery-item'>\n\t\t\t<div class='gallery-icon landscape'>\n\t\t\t\t<a data-elementor-open-lightbox=\"yes\" data-elementor-lightbox-slideshow=\"1c4a050\" data-elementor-lightbox-title=\"WhatsApp Image 2026-02-27 at 14.30.12\" data-e-action-hash=\"#elementor-action%3Aaction%3Dlightbox%26settings%3DeyJpZCI6NTIwLCJ1cmwiOiJodHRwczpcL1wvcnVieXN0dWRpb21hcnJha2VjaC5jb21cL3dwLWNvbnRlbnRcL3VwbG9hZHNcLzIwMjZcLzAyXC9XaGF0c0FwcC1JbWFnZS0yMDI2LTAyLTI3LWF0LTE0LjMwLjEyLmpwZWciLCJzbGlkZXNob3ciOiIxYzRhMDUwIn0%3D\" href='https:\/\/rubystudiomarrakech.com\/wp-content\/uploads\/2026\/02\/WhatsApp-Image-2026-02-27-at-14.30.12.jpeg'><img decoding=\"async\" width=\"1280\" height=\"1144\" src=\"https:\/\/rubystudiomarrakech.com\/wp-content\/uploads\/2026\/02\/WhatsApp-Image-2026-02-27-at-14.30.12.jpeg\" class=\"attachment-full size-full\" alt=\"\" srcset=\"https:\/\/rubystudiomarrakech.com\/wp-content\/uploads\/2026\/02\/WhatsApp-Image-2026-02-27-at-14.30.12.jpeg 1280w, https:\/\/rubystudiomarrakech.com\/wp-content\/uploads\/2026\/02\/WhatsApp-Image-2026-02-27-at-14.30.12-300x268.jpeg 300w, https:\/\/rubystudiomarrakech.com\/wp-content\/uploads\/2026\/02\/WhatsApp-Image-2026-02-27-at-14.30.12-1024x915.jpeg 1024w, https:\/\/rubystudiomarrakech.com\/wp-content\/uploads\/2026\/02\/WhatsApp-Image-2026-02-27-at-14.30.12-768x686.jpeg 768w, https:\/\/rubystudiomarrakech.com\/wp-content\/uploads\/2026\/02\/WhatsApp-Image-2026-02-27-at-14.30.12-13x12.jpeg 13w\" sizes=\"(max-width: 1280px) 100vw, 1280px\" \/><\/a>\n\t\t\t<\/div><\/figure><figure class='gallery-item'>\n\t\t\t<div class='gallery-icon landscape'>\n\t\t\t\t<a data-elementor-open-lightbox=\"yes\" data-elementor-lightbox-slideshow=\"1c4a050\" data-elementor-lightbox-title=\"WhatsApp Image 2026-02-27 at 14.32.02\" data-e-action-hash=\"#elementor-action%3Aaction%3Dlightbox%26settings%3DeyJpZCI6NTI0LCJ1cmwiOiJodHRwczpcL1wvcnVieXN0dWRpb21hcnJha2VjaC5jb21cL3dwLWNvbnRlbnRcL3VwbG9hZHNcLzIwMjZcLzAyXC9XaGF0c0FwcC1JbWFnZS0yMDI2LTAyLTI3LWF0LTE0LjMyLjAyLmpwZWciLCJzbGlkZXNob3ciOiIxYzRhMDUwIn0%3D\" href='https:\/\/rubystudiomarrakech.com\/wp-content\/uploads\/2026\/02\/WhatsApp-Image-2026-02-27-at-14.32.02.jpeg'><img loading=\"lazy\" decoding=\"async\" width=\"1280\" height=\"1006\" src=\"https:\/\/rubystudiomarrakech.com\/wp-content\/uploads\/2026\/02\/WhatsApp-Image-2026-02-27-at-14.32.02.jpeg\" class=\"attachment-full size-full\" alt=\"\" srcset=\"https:\/\/rubystudiomarrakech.com\/wp-content\/uploads\/2026\/02\/WhatsApp-Image-2026-02-27-at-14.32.02.jpeg 1280w, https:\/\/rubystudiomarrakech.com\/wp-content\/uploads\/2026\/02\/WhatsApp-Image-2026-02-27-at-14.32.02-300x236.jpeg 300w, https:\/\/rubystudiomarrakech.com\/wp-content\/uploads\/2026\/02\/WhatsApp-Image-2026-02-27-at-14.32.02-1024x805.jpeg 1024w, https:\/\/rubystudiomarrakech.com\/wp-content\/uploads\/2026\/02\/WhatsApp-Image-2026-02-27-at-14.32.02-768x604.jpeg 768w, https:\/\/rubystudiomarrakech.com\/wp-content\/uploads\/2026\/02\/WhatsApp-Image-2026-02-27-at-14.32.02-15x12.jpeg 15w\" sizes=\"(max-width: 1280px) 100vw, 1280px\" \/><\/a>\n\t\t\t<\/div><\/figure><figure class='gallery-item'>\n\t\t\t<div class='gallery-icon portrait'>\n\t\t\t\t<a data-elementor-open-lightbox=\"yes\" data-elementor-lightbox-slideshow=\"1c4a050\" data-elementor-lightbox-title=\"WhatsApp Image 2026-02-27 at 14.30.22\" data-e-action-hash=\"#elementor-action%3Aaction%3Dlightbox%26settings%3DeyJpZCI6NTIyLCJ1cmwiOiJodHRwczpcL1wvcnVieXN0dWRpb21hcnJha2VjaC5jb21cL3dwLWNvbnRlbnRcL3VwbG9hZHNcLzIwMjZcLzAyXC9XaGF0c0FwcC1JbWFnZS0yMDI2LTAyLTI3LWF0LTE0LjMwLjIyLmpwZWciLCJzbGlkZXNob3ciOiIxYzRhMDUwIn0%3D\" href='https:\/\/rubystudiomarrakech.com\/wp-content\/uploads\/2026\/02\/WhatsApp-Image-2026-02-27-at-14.30.22.jpeg'><img loading=\"lazy\" decoding=\"async\" width=\"1214\" height=\"1280\" src=\"https:\/\/rubystudiomarrakech.com\/wp-content\/uploads\/2026\/02\/WhatsApp-Image-2026-02-27-at-14.30.22.jpeg\" class=\"attachment-full size-full\" alt=\"\" srcset=\"https:\/\/rubystudiomarrakech.com\/wp-content\/uploads\/2026\/02\/WhatsApp-Image-2026-02-27-at-14.30.22.jpeg 1214w, https:\/\/rubystudiomarrakech.com\/wp-content\/uploads\/2026\/02\/WhatsApp-Image-2026-02-27-at-14.30.22-285x300.jpeg 285w, https:\/\/rubystudiomarrakech.com\/wp-content\/uploads\/2026\/02\/WhatsApp-Image-2026-02-27-at-14.30.22-971x1024.jpeg 971w, https:\/\/rubystudiomarrakech.com\/wp-content\/uploads\/2026\/02\/WhatsApp-Image-2026-02-27-at-14.30.22-768x810.jpeg 768w, https:\/\/rubystudiomarrakech.com\/wp-content\/uploads\/2026\/02\/WhatsApp-Image-2026-02-27-at-14.30.22-11x12.jpeg 11w\" sizes=\"(max-width: 1214px) 100vw, 1214px\" \/><\/a>\n\t\t\t<\/div><\/figure><figure class='gallery-item'>\n\t\t\t<div class='gallery-icon portrait'>\n\t\t\t\t<a data-elementor-open-lightbox=\"yes\" data-elementor-lightbox-slideshow=\"1c4a050\" data-elementor-lightbox-title=\"WhatsApp Image 2026-02-27 at 14.32.02 (1)\" data-e-action-hash=\"#elementor-action%3Aaction%3Dlightbox%26settings%3DeyJpZCI6NTIzLCJ1cmwiOiJodHRwczpcL1wvcnVieXN0dWRpb21hcnJha2VjaC5jb21cL3dwLWNvbnRlbnRcL3VwbG9hZHNcLzIwMjZcLzAyXC9XaGF0c0FwcC1JbWFnZS0yMDI2LTAyLTI3LWF0LTE0LjMyLjAyLTEuanBlZyIsInNsaWRlc2hvdyI6IjFjNGEwNTAifQ%3D%3D\" href='https:\/\/rubystudiomarrakech.com\/wp-content\/uploads\/2026\/02\/WhatsApp-Image-2026-02-27-at-14.32.02-1.jpeg'><img loading=\"lazy\" decoding=\"async\" width=\"1079\" height=\"1280\" src=\"https:\/\/rubystudiomarrakech.com\/wp-content\/uploads\/2026\/02\/WhatsApp-Image-2026-02-27-at-14.32.02-1.jpeg\" class=\"attachment-full size-full\" alt=\"\" srcset=\"https:\/\/rubystudiomarrakech.com\/wp-content\/uploads\/2026\/02\/WhatsApp-Image-2026-02-27-at-14.32.02-1.jpeg 1079w, https:\/\/rubystudiomarrakech.com\/wp-content\/uploads\/2026\/02\/WhatsApp-Image-2026-02-27-at-14.32.02-1-253x300.jpeg 253w, https:\/\/rubystudiomarrakech.com\/wp-content\/uploads\/2026\/02\/WhatsApp-Image-2026-02-27-at-14.32.02-1-863x1024.jpeg 863w, https:\/\/rubystudiomarrakech.com\/wp-content\/uploads\/2026\/02\/WhatsApp-Image-2026-02-27-at-14.32.02-1-768x911.jpeg 768w, https:\/\/rubystudiomarrakech.com\/wp-content\/uploads\/2026\/02\/WhatsApp-Image-2026-02-27-at-14.32.02-1-10x12.jpeg 10w\" sizes=\"(max-width: 1079px) 100vw, 1079px\" \/><\/a>\n\t\t\t<\/div><\/figure><figure class='gallery-item'>\n\t\t\t<div class='gallery-icon portrait'>\n\t\t\t\t<a data-elementor-open-lightbox=\"yes\" data-elementor-lightbox-slideshow=\"1c4a050\" data-elementor-lightbox-title=\"WhatsApp Image 2026-02-27 at 14.32.14\" data-e-action-hash=\"#elementor-action%3Aaction%3Dlightbox%26settings%3DeyJpZCI6NTI1LCJ1cmwiOiJodHRwczpcL1wvcnVieXN0dWRpb21hcnJha2VjaC5jb21cL3dwLWNvbnRlbnRcL3VwbG9hZHNcLzIwMjZcLzAyXC9XaGF0c0FwcC1JbWFnZS0yMDI2LTAyLTI3LWF0LTE0LjMyLjE0LmpwZWciLCJzbGlkZXNob3ciOiIxYzRhMDUwIn0%3D\" href='https:\/\/rubystudiomarrakech.com\/wp-content\/uploads\/2026\/02\/WhatsApp-Image-2026-02-27-at-14.32.14.jpeg'><img loading=\"lazy\" decoding=\"async\" width=\"1272\" height=\"1280\" src=\"https:\/\/rubystudiomarrakech.com\/wp-content\/uploads\/2026\/02\/WhatsApp-Image-2026-02-27-at-14.32.14.jpeg\" class=\"attachment-full size-full\" alt=\"\" srcset=\"https:\/\/rubystudiomarrakech.com\/wp-content\/uploads\/2026\/02\/WhatsApp-Image-2026-02-27-at-14.32.14.jpeg 1272w, https:\/\/rubystudiomarrakech.com\/wp-content\/uploads\/2026\/02\/WhatsApp-Image-2026-02-27-at-14.32.14-298x300.jpeg 298w, https:\/\/rubystudiomarrakech.com\/wp-content\/uploads\/2026\/02\/WhatsApp-Image-2026-02-27-at-14.32.14-1018x1024.jpeg 1018w, https:\/\/rubystudiomarrakech.com\/wp-content\/uploads\/2026\/02\/WhatsApp-Image-2026-02-27-at-14.32.14-150x150.jpeg 150w, https:\/\/rubystudiomarrakech.com\/wp-content\/uploads\/2026\/02\/WhatsApp-Image-2026-02-27-at-14.32.14-768x773.jpeg 768w, https:\/\/rubystudiomarrakech.com\/wp-content\/uploads\/2026\/02\/WhatsApp-Image-2026-02-27-at-14.32.14-12x12.jpeg 12w\" sizes=\"(max-width: 1272px) 100vw, 1272px\" \/><\/a>\n\t\t\t<\/div><\/figure><figure class='gallery-item'>\n\t\t\t<div class='gallery-icon landscape'>\n\t\t\t\t<a data-elementor-open-lightbox=\"yes\" data-elementor-lightbox-slideshow=\"1c4a050\" data-elementor-lightbox-title=\"WhatsApp Image 2026-02-27 at 14.32.11\" data-e-action-hash=\"#elementor-action%3Aaction%3Dlightbox%26settings%3DeyJpZCI6NTI2LCJ1cmwiOiJodHRwczpcL1wvcnVieXN0dWRpb21hcnJha2VjaC5jb21cL3dwLWNvbnRlbnRcL3VwbG9hZHNcLzIwMjZcLzAyXC9XaGF0c0FwcC1JbWFnZS0yMDI2LTAyLTI3LWF0LTE0LjMyLjExLmpwZWciLCJzbGlkZXNob3ciOiIxYzRhMDUwIn0%3D\" href='https:\/\/rubystudiomarrakech.com\/wp-content\/uploads\/2026\/02\/WhatsApp-Image-2026-02-27-at-14.32.11.jpeg'><img loading=\"lazy\" decoding=\"async\" width=\"1280\" height=\"1068\" src=\"https:\/\/rubystudiomarrakech.com\/wp-content\/uploads\/2026\/02\/WhatsApp-Image-2026-02-27-at-14.32.11.jpeg\" class=\"attachment-full size-full\" alt=\"\" srcset=\"https:\/\/rubystudiomarrakech.com\/wp-content\/uploads\/2026\/02\/WhatsApp-Image-2026-02-27-at-14.32.11.jpeg 1280w, https:\/\/rubystudiomarrakech.com\/wp-content\/uploads\/2026\/02\/WhatsApp-Image-2026-02-27-at-14.32.11-300x250.jpeg 300w, https:\/\/rubystudiomarrakech.com\/wp-content\/uploads\/2026\/02\/WhatsApp-Image-2026-02-27-at-14.32.11-1024x854.jpeg 1024w, https:\/\/rubystudiomarrakech.com\/wp-content\/uploads\/2026\/02\/WhatsApp-Image-2026-02-27-at-14.32.11-768x641.jpeg 768w, https:\/\/rubystudiomarrakech.com\/wp-content\/uploads\/2026\/02\/WhatsApp-Image-2026-02-27-at-14.32.11-14x12.jpeg 14w\" sizes=\"(max-width: 1280px) 100vw, 1280px\" \/><\/a>\n\t\t\t<\/div><\/figure><figure class='gallery-item'>\n\t\t\t<div class='gallery-icon landscape'>\n\t\t\t\t<a data-elementor-open-lightbox=\"yes\" data-elementor-lightbox-slideshow=\"1c4a050\" data-elementor-lightbox-title=\"WhatsApp Image 2026-02-27 at 14.30.08 (1)\" data-e-action-hash=\"#elementor-action%3Aaction%3Dlightbox%26settings%3DeyJpZCI6NTIxLCJ1cmwiOiJodHRwczpcL1wvcnVieXN0dWRpb21hcnJha2VjaC5jb21cL3dwLWNvbnRlbnRcL3VwbG9hZHNcLzIwMjZcLzAyXC9XaGF0c0FwcC1JbWFnZS0yMDI2LTAyLTI3LWF0LTE0LjMwLjA4LTEuanBlZyIsInNsaWRlc2hvdyI6IjFjNGEwNTAifQ%3D%3D\" href='https:\/\/rubystudiomarrakech.com\/wp-content\/uploads\/2026\/02\/WhatsApp-Image-2026-02-27-at-14.30.08-1.jpeg'><img loading=\"lazy\" decoding=\"async\" width=\"1280\" height=\"1137\" src=\"https:\/\/rubystudiomarrakech.com\/wp-content\/uploads\/2026\/02\/WhatsApp-Image-2026-02-27-at-14.30.08-1.jpeg\" class=\"attachment-full size-full\" alt=\"\" srcset=\"https:\/\/rubystudiomarrakech.com\/wp-content\/uploads\/2026\/02\/WhatsApp-Image-2026-02-27-at-14.30.08-1.jpeg 1280w, https:\/\/rubystudiomarrakech.com\/wp-content\/uploads\/2026\/02\/WhatsApp-Image-2026-02-27-at-14.30.08-1-300x266.jpeg 300w, https:\/\/rubystudiomarrakech.com\/wp-content\/uploads\/2026\/02\/WhatsApp-Image-2026-02-27-at-14.30.08-1-1024x910.jpeg 1024w, https:\/\/rubystudiomarrakech.com\/wp-content\/uploads\/2026\/02\/WhatsApp-Image-2026-02-27-at-14.30.08-1-768x682.jpeg 768w, https:\/\/rubystudiomarrakech.com\/wp-content\/uploads\/2026\/02\/WhatsApp-Image-2026-02-27-at-14.30.08-1-14x12.jpeg 14w\" sizes=\"(max-width: 1280px) 100vw, 1280px\" \/><\/a>\n\t\t\t<\/div><\/figure><figure class='gallery-item'>\n\t\t\t<div class='gallery-icon portrait'>\n\t\t\t\t<a data-elementor-open-lightbox=\"yes\" data-elementor-lightbox-slideshow=\"1c4a050\" data-elementor-lightbox-title=\"WhatsApp Image 2026-02-27 at 14.32.04\" data-e-action-hash=\"#elementor-action%3Aaction%3Dlightbox%26settings%3DeyJpZCI6NTI3LCJ1cmwiOiJodHRwczpcL1wvcnVieXN0dWRpb21hcnJha2VjaC5jb21cL3dwLWNvbnRlbnRcL3VwbG9hZHNcLzIwMjZcLzAyXC9XaGF0c0FwcC1JbWFnZS0yMDI2LTAyLTI3LWF0LTE0LjMyLjA0LmpwZWciLCJzbGlkZXNob3ciOiIxYzRhMDUwIn0%3D\" href='https:\/\/rubystudiomarrakech.com\/wp-content\/uploads\/2026\/02\/WhatsApp-Image-2026-02-27-at-14.32.04.jpeg'><img loading=\"lazy\" decoding=\"async\" width=\"1260\" height=\"1280\" src=\"https:\/\/rubystudiomarrakech.com\/wp-content\/uploads\/2026\/02\/WhatsApp-Image-2026-02-27-at-14.32.04.jpeg\" class=\"attachment-full size-full\" alt=\"\" srcset=\"https:\/\/rubystudiomarrakech.com\/wp-content\/uploads\/2026\/02\/WhatsApp-Image-2026-02-27-at-14.32.04.jpeg 1260w, https:\/\/rubystudiomarrakech.com\/wp-content\/uploads\/2026\/02\/WhatsApp-Image-2026-02-27-at-14.32.04-295x300.jpeg 295w, https:\/\/rubystudiomarrakech.com\/wp-content\/uploads\/2026\/02\/WhatsApp-Image-2026-02-27-at-14.32.04-1008x1024.jpeg 1008w, https:\/\/rubystudiomarrakech.com\/wp-content\/uploads\/2026\/02\/WhatsApp-Image-2026-02-27-at-14.32.04-768x780.jpeg 768w, https:\/\/rubystudiomarrakech.com\/wp-content\/uploads\/2026\/02\/WhatsApp-Image-2026-02-27-at-14.32.04-12x12.jpeg 12w\" sizes=\"(max-width: 1260px) 100vw, 1260px\" \/><\/a>\n\t\t\t<\/div><\/figure><figure class='gallery-item'>\n\t\t\t<div class='gallery-icon landscape'>\n\t\t\t\t<a data-elementor-open-lightbox=\"yes\" data-elementor-lightbox-slideshow=\"1c4a050\" data-elementor-lightbox-title=\"WhatsApp Image 2026-02-27 at 14.32.07\" data-e-action-hash=\"#elementor-action%3Aaction%3Dlightbox%26settings%3DeyJpZCI6NTI4LCJ1cmwiOiJodHRwczpcL1wvcnVieXN0dWRpb21hcnJha2VjaC5jb21cL3dwLWNvbnRlbnRcL3VwbG9hZHNcLzIwMjZcLzAyXC9XaGF0c0FwcC1JbWFnZS0yMDI2LTAyLTI3LWF0LTE0LjMyLjA3LmpwZWciLCJzbGlkZXNob3ciOiIxYzRhMDUwIn0%3D\" href='https:\/\/rubystudiomarrakech.com\/wp-content\/uploads\/2026\/02\/WhatsApp-Image-2026-02-27-at-14.32.07.jpeg'><img loading=\"lazy\" decoding=\"async\" width=\"1280\" height=\"1144\" src=\"https:\/\/rubystudiomarrakech.com\/wp-content\/uploads\/2026\/02\/WhatsApp-Image-2026-02-27-at-14.32.07.jpeg\" class=\"attachment-full size-full\" alt=\"\" srcset=\"https:\/\/rubystudiomarrakech.com\/wp-content\/uploads\/2026\/02\/WhatsApp-Image-2026-02-27-at-14.32.07.jpeg 1280w, https:\/\/rubystudiomarrakech.com\/wp-content\/uploads\/2026\/02\/WhatsApp-Image-2026-02-27-at-14.32.07-300x268.jpeg 300w, https:\/\/rubystudiomarrakech.com\/wp-content\/uploads\/2026\/02\/WhatsApp-Image-2026-02-27-at-14.32.07-1024x915.jpeg 1024w, https:\/\/rubystudiomarrakech.com\/wp-content\/uploads\/2026\/02\/WhatsApp-Image-2026-02-27-at-14.32.07-768x686.jpeg 768w, https:\/\/rubystudiomarrakech.com\/wp-content\/uploads\/2026\/02\/WhatsApp-Image-2026-02-27-at-14.32.07-13x12.jpeg 13w\" sizes=\"(max-width: 1280px) 100vw, 1280px\" \/><\/a>\n\t\t\t<\/div><\/figure>\n\t\t<\/div>\n\t\t<\/div>\n\t\t\t\t\t\t<\/div>\n\t\t\t\t\t<\/div>\n\t\t\t\t<\/div>\n\t\t<div class=\"elementor-element elementor-element-81c5e70 e-con-full e-flex e-con e-parent\" data-id=\"81c5e70\" data-element_type=\"container\" data-settings=\"{&quot;background_background&quot;:&quot;classic&quot;}\">\n\t\t<div class=\"elementor-element elementor-element-611fecb e-con-full e-flex e-con e-child\" data-id=\"611fecb\" data-element_type=\"container\">\n\t\t\t\t<div class=\"elementor-element elementor-element-61b2183 elementor-invisible elementor-widget elementor-widget-heading\" data-id=\"61b2183\" data-element_type=\"widget\" data-settings=\"{&quot;_animation&quot;:&quot;fadeIn&quot;}\" data-widget_type=\"heading.default\">\n\t\t\t\t\t<h2 class=\"elementor-heading-title elementor-size-default\">\u0627\u062a\u0635\u0644 \u0628\u0646\u0627<\/h2>\t\t\t\t<\/div>\n\t\t\t\t<div class=\"elementor-element elementor-element-9a3ebc6 elementor-widget__width-initial elementor-widget-mobile__width-inherit elementor-widget elementor-widget-text-editor\" data-id=\"9a3ebc6\" data-element_type=\"widget\" data-widget_type=\"text-editor.default\">\n\t\t\t\t\t\t\t\t\t<p data-start=\"160\" data-end=\"325\"><strong data-start=\"160\" data-end=\"325\">\u0647\u0630\u0647 \u0641\u0631\u0635\u062a\u0643 \u0644\u062f\u0639\u0648\u0629 \u0632\u0648\u0627\u0631 \u0645\u0648\u0642\u0639\u0643 \u0625\u0644\u0649 \u0627\u0644\u0627\u062a\u0635\u0627\u0644 \u0628\u0643.<br data-start=\"224\" data-end=\"227\" \/>\u0623\u062e\u0628\u0631\u0647\u0645 \u0623\u0646\u0643 \u0633\u062a\u0643\u0648\u0646 \u0633\u0639\u064a\u062f\u064b\u0627 \u0628\u0627\u0644\u0625\u062c\u0627\u0628\u0629 \u0639\u0644\u0649 \u062c\u0645\u064a\u0639 \u0623\u0633\u0626\u0644\u062a\u0647\u0645 \u0641\u064a \u0623\u0642\u0631\u0628 \u0648\u0642\u062a \u0645\u0645\u0643\u0646.<\/strong><\/p>\t\t\t\t\t\t\t\t<\/div>\n\t\t\t\t<div class=\"elementor-element elementor-element-243b314 elementor-align-left elementor-mobile-align-center elementor-widget elementor-widget-button\" data-id=\"243b314\" data-element_type=\"widget\" data-widget_type=\"button.default\">\n\t\t\t\t\t\t\t\t\t\t<a class=\"elementor-button elementor-button-link elementor-size-sm elementor-animation-hang\" href=\"https:\/\/api.whatsapp.com\/send\/?phone=212702938354&#038;text&#038;type=phone_number&#038;app_absent=0\">\n\t\t\t\t\t\t<span class=\"elementor-button-content-wrapper\">\n\t\t\t\t\t\t\t\t\t<span class=\"elementor-button-text\">\u0627\u062a\u0635\u0644 \u0628\u0640 Ruby Studio \u27f6<\/span>\n\t\t\t\t\t<\/span>\n\t\t\t\t\t<\/a>\n\t\t\t\t\t\t\t\t<\/div>\n\t\t\t\t<\/div>\n\t\t<div class=\"elementor-element elementor-element-113e634 e-con-full e-flex e-con e-child\" data-id=\"113e634\" data-element_type=\"container\" data-settings=\"{&quot;background_background&quot;:&quot;classic&quot;}\">\n\t\t\t\t<\/div>\n\t\t\t\t<\/div>\n\t\t\t\t<\/div>","protected":false},"excerpt":{"rendered":"<p>Grossesse Des instants doux et intimes entre maman et b\u00e9b\u00e9 Une s\u00e9ance pens\u00e9e pour c\u00e9l\u00e9brer la douceur et la beaut\u00e9 de votre maternit\u00e9. Nous capturons chaque d\u00e9tail avec d\u00e9licatesse, afin de cr\u00e9er des souvenirs authentiques et intemporels. Contactez-nous C\u2019est votre occasion d\u2019inviter vos visiteurs \u00e0 vous contacter.Dites-leur que vous serez ravie de r\u00e9pondre \u00e0 toutes [&hellip;]<\/p>","protected":false},"author":2,"featured_media":0,"parent":86,"menu_order":0,"comment_status":"closed","ping_status":"closed","template":"","meta":{"_joinchat":[],"footnotes":""},"class_list":["post-179","page","type-page","status-publish","hentry"],"_links":{"self":[{"href":"https:\/\/rubystudiomarrakech.com\/ar\/wp-json\/wp\/v2\/pages\/179","targetHints":{"allow":["GET"]}}],"collection":[{"href":"https:\/\/rubystudiomarrakech.com\/ar\/wp-json\/wp\/v2\/pages"}],"about":[{"href":"https:\/\/rubystudiomarrakech.com\/ar\/wp-json\/wp\/v2\/types\/page"}],"author":[{"embeddable":true,"href":"https:\/\/rubystudiomarrakech.com\/ar\/wp-json\/wp\/v2\/users\/2"}],"replies":[{"embeddable":true,"href":"https:\/\/rubystudiomarrakech.com\/ar\/wp-json\/wp\/v2\/comments?post=179"}],"version-history":[{"count":13,"href":"https:\/\/rubystudiomarrakech.com\/ar\/wp-json\/wp\/v2\/pages\/179\/revisions"}],"predecessor-version":[{"id":531,"href":"https:\/\/rubystudiomarrakech.com\/ar\/wp-json\/wp\/v2\/pages\/179\/revisions\/531"}],"up":[{"embeddable":true,"href":"https:\/\/rubystudiomarrakech.com\/ar\/wp-json\/wp\/v2\/pages\/86"}],"wp:attachment":[{"href":"https:\/\/rubystudiomarrakech.com\/ar\/wp-json\/wp\/v2\/media?parent=179"}],"curies":[{"name":"wp","href":"https:\/\/api.w.org\/{rel}","templated":true}]}}