{"id":177,"date":"2025-11-29T21:59:15","date_gmt":"2025-11-29T21:59:15","guid":{"rendered":"https:\/\/rubystudiomarrakech.com\/?page_id=177"},"modified":"2026-02-27T15:32:10","modified_gmt":"2026-02-27T15:32:10","slug":"%d8%b9%d8%a7%d8%a6%d9%84%d8%a9","status":"publish","type":"page","link":"https:\/\/rubystudiomarrakech.com\/ar\/%d8%aa%d8%ba%d8%b7%d9%8a%d8%a9\/%d8%b9%d8%a7%d8%a6%d9%84%d8%a9\/","title":{"rendered":"\u0627\u0644\u0623\u0633\u0631\u0629"},"content":{"rendered":"<h1>\u0627\u0644\u0623\u0633\u0631\u0629<\/h1>\n<h2 data-start=\"185\" data-end=\"243\"><strong data-start=\"185\" data-end=\"241\">\u0627\u0644\u062a\u0642\u0627\u0637 \u0627\u0644\u062a\u0648\u0627\u0641\u0642 \u0648\u0627\u0644\u062d\u0628 \u0627\u0644\u0630\u064a \u064a\u062c\u0645\u0639 \u0628\u064a\u0646\u0643\u0645\u0627.<\/strong><\/h2>\n<p data-start=\"177\" data-end=\"360\">\u0644\u062d\u0638\u0627\u062a \u062f\u0627\u0641\u0626\u0629 \u0645\u0639 \u0627\u0644\u0639\u0627\u0626\u0644\u0629\u060c \u062e\u064f\u0644\u062f\u062a \u0628\u0623\u0646\u0627\u0642\u0629 \u0648\u062d\u0633\u0627\u0633\u064a\u0629.<br data-start=\"661\" data-end=\"664\" \/>\u0645\u062b\u0627\u0644\u064a \u0644\u0644\u0623\u0632\u0648\u0627\u062c \u0648\u0627\u0644\u0623\u0637\u0641\u0627\u0644 \u0648\u0627\u0644\u0623\u062e\u0648\u0629 \u0623\u0648 \u0627\u0644\u0639\u0627\u0626\u0644\u0627\u062a \u0627\u0644\u0643\u0628\u064a\u0631\u0629.<\/p>\n<figure class='gallery-item'>\n\t\t\t\t<a data-elementor-open-lightbox=\"yes\" data-elementor-lightbox-slideshow=\"d3843f5\" data-elementor-lightbox-title=\"Captura de pantalla 2025-11-29 a las 22.33.24\" data-e-action-hash=\"#elementor-action%3Aaction%3Dlightbox%26settings%3DeyJpZCI6MTI5LCJ1cmwiOiJodHRwOlwvXC9ydWJ5c3R1ZGlvbWFycmFrZWNoLmNvbVwvd3AtY29udGVudFwvdXBsb2Fkc1wvMjAyNVwvMTFcL0NhcHR1cmEtZGUtcGFudGFsbGEtMjAyNS0xMS0yOS1hLWxhcy0yMi4zMy4yNC5wbmciLCJzbGlkZXNob3ciOiJkMzg0M2Y1In0%3D\" href='http:\/\/rubystudiomarrakech.com\/wp-content\/uploads\/2025\/11\/Captura-de-pantalla-2025-11-29-a-las-22.33.24.png'><img fetchpriority=\"high\" width=\"2302\" height=\"1700\" src=\"http:\/\/rubystudiomarrakech.com\/wp-content\/uploads\/2025\/11\/Captura-de-pantalla-2025-11-29-a-las-22.33.24.png\" alt=\"\" decoding=\"async\" srcset=\"https:\/\/rubystudiomarrakech.com\/wp-content\/uploads\/2025\/11\/Captura-de-pantalla-2025-11-29-a-las-22.33.24.png 2302w, https:\/\/rubystudiomarrakech.com\/wp-content\/uploads\/2025\/11\/Captura-de-pantalla-2025-11-29-a-las-22.33.24-300x222.png 300w, https:\/\/rubystudiomarrakech.com\/wp-content\/uploads\/2025\/11\/Captura-de-pantalla-2025-11-29-a-las-22.33.24-1024x756.png 1024w, https:\/\/rubystudiomarrakech.com\/wp-content\/uploads\/2025\/11\/Captura-de-pantalla-2025-11-29-a-las-22.33.24-768x567.png 768w, https:\/\/rubystudiomarrakech.com\/wp-content\/uploads\/2025\/11\/Captura-de-pantalla-2025-11-29-a-las-22.33.24-1536x1134.png 1536w, https:\/\/rubystudiomarrakech.com\/wp-content\/uploads\/2025\/11\/Captura-de-pantalla-2025-11-29-a-las-22.33.24-2048x1512.png 2048w\" sizes=\"(max-width: 2302px) 100vw, 2302px\" \/><\/a><br \/>\n\t\t\t<\/figure>\n<figure class='gallery-item'>\n\t\t\t\t<a data-elementor-open-lightbox=\"yes\" data-elementor-lightbox-slideshow=\"d3843f5\" data-elementor-lightbox-title=\"Captura de pantalla 2025-11-29 a las 23.14.00\" data-e-action-hash=\"#elementor-action%3Aaction%3Dlightbox%26settings%3DeyJpZCI6MjIyLCJ1cmwiOiJodHRwOlwvXC9ydWJ5c3R1ZGlvbWFycmFrZWNoLmNvbVwvd3AtY29udGVudFwvdXBsb2Fkc1wvMjAyNVwvMTFcL0NhcHR1cmEtZGUtcGFudGFsbGEtMjAyNS0xMS0yOS1hLWxhcy0yMy4xNC4wMC5wbmciLCJzbGlkZXNob3ciOiJkMzg0M2Y1In0%3D\" href='http:\/\/rubystudiomarrakech.com\/wp-content\/uploads\/2025\/11\/Captura-de-pantalla-2025-11-29-a-las-23.14.00.png'><img width=\"1290\" height=\"1744\" src=\"http:\/\/rubystudiomarrakech.com\/wp-content\/uploads\/2025\/11\/Captura-de-pantalla-2025-11-29-a-las-23.14.00.png\" alt=\"\" decoding=\"async\" srcset=\"https:\/\/rubystudiomarrakech.com\/wp-content\/uploads\/2025\/11\/Captura-de-pantalla-2025-11-29-a-las-23.14.00.png 1290w, https:\/\/rubystudiomarrakech.com\/wp-content\/uploads\/2025\/11\/Captura-de-pantalla-2025-11-29-a-las-23.14.00-222x300.png 222w, https:\/\/rubystudiomarrakech.com\/wp-content\/uploads\/2025\/11\/Captura-de-pantalla-2025-11-29-a-las-23.14.00-757x1024.png 757w, https:\/\/rubystudiomarrakech.com\/wp-content\/uploads\/2025\/11\/Captura-de-pantalla-2025-11-29-a-las-23.14.00-768x1038.png 768w, https:\/\/rubystudiomarrakech.com\/wp-content\/uploads\/2025\/11\/Captura-de-pantalla-2025-11-29-a-las-23.14.00-1136x1536.png 1136w\" sizes=\"(max-width: 1290px) 100vw, 1290px\" \/><\/a><br \/>\n\t\t\t<\/figure>\n<figure class='gallery-item'>\n\t\t\t\t<a data-elementor-open-lightbox=\"yes\" data-elementor-lightbox-slideshow=\"d3843f5\" data-elementor-lightbox-title=\"Captura de pantalla 2025-11-29 a las 23.14.08\" data-e-action-hash=\"#elementor-action%3Aaction%3Dlightbox%26settings%3DeyJpZCI6MjIzLCJ1cmwiOiJodHRwOlwvXC9ydWJ5c3R1ZGlvbWFycmFrZWNoLmNvbVwvd3AtY29udGVudFwvdXBsb2Fkc1wvMjAyNVwvMTFcL0NhcHR1cmEtZGUtcGFudGFsbGEtMjAyNS0xMS0yOS1hLWxhcy0yMy4xNC4wOC5wbmciLCJzbGlkZXNob3ciOiJkMzg0M2Y1In0%3D\" href='http:\/\/rubystudiomarrakech.com\/wp-content\/uploads\/2025\/11\/Captura-de-pantalla-2025-11-29-a-las-23.14.08.png'><img width=\"2210\" height=\"1786\" src=\"http:\/\/rubystudiomarrakech.com\/wp-content\/uploads\/2025\/11\/Captura-de-pantalla-2025-11-29-a-las-23.14.08.png\" alt=\"\" decoding=\"async\" srcset=\"https:\/\/rubystudiomarrakech.com\/wp-content\/uploads\/2025\/11\/Captura-de-pantalla-2025-11-29-a-las-23.14.08.png 2210w, https:\/\/rubystudiomarrakech.com\/wp-content\/uploads\/2025\/11\/Captura-de-pantalla-2025-11-29-a-las-23.14.08-300x242.png 300w, https:\/\/rubystudiomarrakech.com\/wp-content\/uploads\/2025\/11\/Captura-de-pantalla-2025-11-29-a-las-23.14.08-1024x828.png 1024w, https:\/\/rubystudiomarrakech.com\/wp-content\/uploads\/2025\/11\/Captura-de-pantalla-2025-11-29-a-las-23.14.08-768x621.png 768w, https:\/\/rubystudiomarrakech.com\/wp-content\/uploads\/2025\/11\/Captura-de-pantalla-2025-11-29-a-las-23.14.08-1536x1241.png 1536w, https:\/\/rubystudiomarrakech.com\/wp-content\/uploads\/2025\/11\/Captura-de-pantalla-2025-11-29-a-las-23.14.08-2048x1655.png 2048w\" sizes=\"(max-width: 2210px) 100vw, 2210px\" \/><\/a><br \/>\n\t\t\t<\/figure>\n<h2>\u0627\u062a\u0635\u0644 \u0628\u0646\u0627<\/h2>\n<p data-start=\"160\" data-end=\"325\"><strong data-start=\"160\" data-end=\"325\">\u0647\u0630\u0647 \u0641\u0631\u0635\u062a\u0643 \u0644\u062f\u0639\u0648\u0629 \u0632\u0648\u0627\u0631 \u0645\u0648\u0642\u0639\u0643 \u0625\u0644\u0649 \u0627\u0644\u0627\u062a\u0635\u0627\u0644 \u0628\u0643.<br data-start=\"224\" data-end=\"227\" \/>\u0623\u062e\u0628\u0631\u0647\u0645 \u0623\u0646\u0643 \u0633\u062a\u0643\u0648\u0646 \u0633\u0639\u064a\u062f\u064b\u0627 \u0628\u0627\u0644\u0625\u062c\u0627\u0628\u0629 \u0639\u0644\u0649 \u062c\u0645\u064a\u0639 \u0623\u0633\u0626\u0644\u062a\u0647\u0645 \u0641\u064a \u0623\u0642\u0631\u0628 \u0648\u0642\u062a \u0645\u0645\u0643\u0646.<\/strong><\/p>\n<p>\t\t\t\t\t\t\t\t<a href=\"https:\/\/api.whatsapp.com\/send\/?phone=212702938354&#038;text&#038;type=phone_number&#038;app_absent=0\"><br \/>\n\t\t\t\t\t\t\t\t\t\u0627\u062a\u0635\u0644 \u0628\u0640 Ruby Studio \u27f6<br \/>\n\t\t\t\t\t<\/a><\/p>","protected":false},"excerpt":{"rendered":"<p>Famille Capturer la complicit\u00e9 et l\u2019amour qui vous unissent. Moments chaleureux en famille, immortalis\u00e9s avec style et sensibilit\u00e9.Parfait pour couples, enfants, fratries ou familles nombreuses. Contactez-nous C\u2019est votre occasion d\u2019inviter vos visiteurs \u00e0 vous contacter.Dites-leur que vous serez ravie de r\u00e9pondre \u00e0 toutes leurs questions dans les plus brefs d\u00e9lais. Contact Ruby Studio \u27f6<\/p>","protected":false},"author":2,"featured_media":0,"parent":86,"menu_order":0,"comment_status":"closed","ping_status":"closed","template":"","meta":{"_joinchat":[],"footnotes":""},"class_list":["post-177","page","type-page","status-publish","hentry"],"_links":{"self":[{"href":"https:\/\/rubystudiomarrakech.com\/ar\/wp-json\/wp\/v2\/pages\/177","targetHints":{"allow":["GET"]}}],"collection":[{"href":"https:\/\/rubystudiomarrakech.com\/ar\/wp-json\/wp\/v2\/pages"}],"about":[{"href":"https:\/\/rubystudiomarrakech.com\/ar\/wp-json\/wp\/v2\/types\/page"}],"author":[{"embeddable":true,"href":"https:\/\/rubystudiomarrakech.com\/ar\/wp-json\/wp\/v2\/users\/2"}],"replies":[{"embeddable":true,"href":"https:\/\/rubystudiomarrakech.com\/ar\/wp-json\/wp\/v2\/comments?post=177"}],"version-history":[{"count":11,"href":"https:\/\/rubystudiomarrakech.com\/ar\/wp-json\/wp\/v2\/pages\/177\/revisions"}],"predecessor-version":[{"id":740,"href":"https:\/\/rubystudiomarrakech.com\/ar\/wp-json\/wp\/v2\/pages\/177\/revisions\/740"}],"up":[{"embeddable":true,"href":"https:\/\/rubystudiomarrakech.com\/ar\/wp-json\/wp\/v2\/pages\/86"}],"wp:attachment":[{"href":"https:\/\/rubystudiomarrakech.com\/ar\/wp-json\/wp\/v2\/media?parent=177"}],"curies":[{"name":"wp","href":"https:\/\/api.w.org\/{rel}","templated":true}]}}